{"id":4591,"date":"2020-08-01T18:59:44","date_gmt":"2020-08-01T16:59:44","guid":{"rendered":"https:\/\/www.plastigaur.com\/innovation-et-technologie\/laboratoire\/"},"modified":"2020-08-06T13:45:00","modified_gmt":"2020-08-06T11:45:00","slug":"laboratoire","status":"publish","type":"page","link":"https:\/\/www.plastigaur.com\/fr\/innovation-et-technologie\/laboratoire\/","title":{"rendered":"LABORATOIRE"},"content":{"rendered":"<p>[vc_row et_uniqid=\u00a0\u00bbet_custom_uniqid_5ebd71596c2fb\u00a0\u00bb el_class=\u00a0\u00bbmenu-sticky\u00a0\u00bb _et_uniqid=\u00a0\u00bbet_custom_uniqid_new_5ebd7159b3eaf\u00a0\u00bb][vc_column]\n        <div class=\"menu-element menu-verde horizontal menu-align-center\">\n\t\t\t\n\t\t\t\t\t\t\n\t\t\t<div class=\"menu-submenu-procesos-fr-container\"><ul id=\"menu-submenu-procesos-fr\" class=\"menu\"><li id=\"menu-item-5138\" class=\"menu-item menu-item-type-post_type menu-item-object-page menu-item-5138 item-level-0 item-design-dropdown\"><a href=\"https:\/\/www.plastigaur.com\/fr\/innovation-et-technologie\/extrusion\/\" class=\"item-link\">EXTRUSION<\/a><\/li>\n<li id=\"menu-item-5139\" class=\"menu-item menu-item-type-post_type menu-item-object-page menu-item-5139 item-level-0 item-design-dropdown\"><a href=\"https:\/\/www.plastigaur.com\/fr\/innovation-et-technologie\/impression\/\" class=\"item-link\">IMPRESSION<\/a><\/li>\n<li id=\"menu-item-5140\" class=\"menu-item menu-item-type-post_type menu-item-object-page menu-item-5140 item-level-0 item-design-dropdown\"><a href=\"https:\/\/www.plastigaur.com\/fr\/innovation-et-technologie\/laminage\/\" class=\"item-link\">LAMINAGE<\/a><\/li>\n<li id=\"menu-item-5141\" class=\"menu-item menu-item-type-post_type menu-item-object-page menu-item-5141 item-level-0 item-design-dropdown\"><a href=\"https:\/\/www.plastigaur.com\/fr\/innovation-et-technologie\/laboratoire\/\" class=\"item-link\">LABORATOIRE<\/a><\/li>\n<\/ul><\/div>\n        <\/div>\n\t\t\n\t\t[\/vc_column][\/vc_row][vc_row][vc_column]\n\t\t\t<!-- START Laboratorio REVOLUTION SLIDER 6.2.17 --><p class=\"rs-p-wp-fix\"><\/p>\n\t\t\t<rs-module-wrap id=\"rev_slider_13_1_wrapper\" data-source=\"gallery\" style=\"background:transparent;padding:0;margin:0px auto;margin-top:0;margin-bottom:0;\">\n\t\t\t\t<rs-module id=\"rev_slider_13_1\" style=\"\" data-version=\"6.2.17\">\n\t\t\t\t\t<rs-slides>\n\t\t\t\t\t\t<rs-slide data-key=\"rs-56\" data-title=\"Slide\" data-anim=\"ei:d;eo:d;s:1000;r:0;t:fade;sl:0;\">\n\t\t\t\t\t\t\t<img loading=\"lazy\" decoding=\"async\" src=\"\/\/www.plastigaur.com\/wp-content\/uploads\/2020\/05\/Laboratorio-de-calidad-e-investigacion-Innovacion-y-Tecnologia-Plastigaur-envases-embalajes-reciclables-sostenibles.jpg\" alt=\"Laboratorio de calidad e investigacion Innovacion y Tecnologia Plastigaur envases embalajes reciclables sostenibles\" title=\"Laboratorio de calidad e investigacion Innovacion y Tecnologia Plastigaur envases embalajes reciclables sostenibles\" width=\"1500\" height=\"1000\" class=\"rev-slidebg\" data-no-retina>\n<!--\n\t\t\t\t\t\t\t--><rs-layer\n\t\t\t\t\t\t\t\tid=\"slider-13-slide-56-layer-0\" \n\t\t\t\t\t\t\t\tdata-type=\"shape\"\n\t\t\t\t\t\t\t\tdata-rsp_ch=\"on\"\n\t\t\t\t\t\t\t\tdata-xy=\"xo:1px,1px,1px,0;\"\n\t\t\t\t\t\t\t\tdata-text=\"w:normal;s:20,20,20,7;l:0,0,0,9;\"\n\t\t\t\t\t\t\t\tdata-dim=\"w:100%;h:100%;\"\n\t\t\t\t\t\t\t\tdata-basealign=\"slide\"\n\t\t\t\t\t\t\t\tdata-frame_999=\"o:0;st:w;sR:8700;\"\n\t\t\t\t\t\t\t\tstyle=\"z-index:8;background:linear-gradient(90deg, rgba(0,87,118,0.4) 0%, rgba(0,151,57,0.4) 50%, rgba(0,151,57,0.4) 100%);\"\n\t\t\t\t\t\t\t> \n\t\t\t\t\t\t\t<\/rs-layer><!--\n\n\t\t\t\t\t\t\t--><rs-layer\n\t\t\t\t\t\t\t\tid=\"slider-13-slide-56-layer-1\" \n\t\t\t\t\t\t\t\tdata-type=\"text\"\n\t\t\t\t\t\t\t\tdata-rsp_ch=\"on\"\n\t\t\t\t\t\t\t\tdata-xy=\"x:r,r,r,c;xo:81px,81px,81px,-3px;y:m;yo:-1px,-1px,-1px,19px;\"\n\t\t\t\t\t\t\t\tdata-text=\"w:normal;s:40;l:50,50,50,40;a:right,right,right,inherit;\"\n\t\t\t\t\t\t\t\tdata-dim=\"w:733px,733px,733px,475px;\"\n\t\t\t\t\t\t\t\tdata-wrpcls=\"text-center\"\n\t\t\t\t\t\t\t\tdata-frame_0=\"y:50px;bri:100%;blu:20px;\"\n\t\t\t\t\t\t\t\tdata-frame_1=\"sp:2000;\"\n\t\t\t\t\t\t\t\tdata-frame_999=\"o:0;st:w;sp:310;sR:7000;\"\n\t\t\t\t\t\t\t\tstyle=\"z-index:10;font-family:Montserrat;\"\n\t\t\t\t\t\t\t>de qualit\u00e9 et de recherche \n\t\t\t\t\t\t\t<\/rs-layer><!--\n\n\t\t\t\t\t\t\t--><rs-layer\n\t\t\t\t\t\t\t\tid=\"slider-13-slide-56-layer-2\" \n\t\t\t\t\t\t\t\tdata-type=\"text\"\n\t\t\t\t\t\t\t\tdata-rsp_ch=\"on\"\n\t\t\t\t\t\t\t\tdata-xy=\"x:r,r,r,c;xo:81px,81px,81px,9px;y:m;yo:-97px,-97px,-97px,-65px;\"\n\t\t\t\t\t\t\t\tdata-text=\"w:normal;s:80,80,80,40;l:50,50,50,40;a:right,right,right,inherit;\"\n\t\t\t\t\t\t\t\tdata-dim=\"w:733px,733px,733px,495px;\"\n\t\t\t\t\t\t\t\tdata-wrpcls=\"text-center\"\n\t\t\t\t\t\t\t\tdata-frame_0=\"y:50px;bri:100%;blu:20px;\"\n\t\t\t\t\t\t\t\tdata-frame_1=\"sp:2000;\"\n\t\t\t\t\t\t\t\tdata-frame_999=\"o:0;st:w;sp:310;sR:7000;\"\n\t\t\t\t\t\t\t\tstyle=\"z-index:9;font-family:Montserrat;\"\n\t\t\t\t\t\t\t><strong>Laboratoire<\/strong> \n\t\t\t\t\t\t\t<\/rs-layer><!--\n-->\t\t\t\t\t\t<\/rs-slide>\n\t\t\t\t\t<\/rs-slides>\n\t\t\t\t<\/rs-module>\n\t\t\t\t<script type=\"text\/javascript\">\n\t\t\t\t\tsetREVStartSize({c: 'rev_slider_13_1',rl:[1240,1240,1240,480],el:[500,500,500,720],gw:[1240,1240,1240,480],gh:[500,500,500,720],type:'standard',justify:'',layout:'fullwidth',mh:\"0\"});\n\t\t\t\t\tvar\trevapi13,\n\t\t\t\t\t\ttpj;\n\t\t\t\t\tjQuery(function() {\n\t\t\t\t\t\ttpj = jQuery;\n\t\t\t\t\t\trevapi13 = tpj(\"#rev_slider_13_1\");\n\t\t\t\t\t\tif(revapi13==undefined || revapi13.revolution == undefined){\n\t\t\t\t\t\t\trevslider_showDoubleJqueryError(\"rev_slider_13_1\");\n\t\t\t\t\t\t}else{\n\t\t\t\t\t\t\trevapi13.revolution({\n\t\t\t\t\t\t\t\tsliderLayout:\"fullwidth\",\n\t\t\t\t\t\t\t\tvisibilityLevels:\"1240,1240,1240,480\",\n\t\t\t\t\t\t\t\tgridwidth:\"1240,1240,1240,480\",\n\t\t\t\t\t\t\t\tgridheight:\"500,500,500,720\",\n\t\t\t\t\t\t\t\tspinner:\"spinner0\",\n\t\t\t\t\t\t\t\tperspective:600,\n\t\t\t\t\t\t\t\tperspectiveType:\"global\",\n\t\t\t\t\t\t\t\teditorheight:\"500,768,960,720\",\n\t\t\t\t\t\t\t\tresponsiveLevels:\"1240,1240,1240,480\",\n\t\t\t\t\t\t\t\tprogressBar:{disableProgressBar:true},\n\t\t\t\t\t\t\t\tnavigation: {\n\t\t\t\t\t\t\t\t\tonHoverStop:false\n\t\t\t\t\t\t\t\t},\n\t\t\t\t\t\t\t\tfallbacks: {\n\t\t\t\t\t\t\t\t\tallowHTML5AutoPlayOnAndroid:true\n\t\t\t\t\t\t\t\t},\n\t\t\t\t\t\t\t});\n\t\t\t\t\t\t}\n\t\t\t\t\t\t\n\t\t\t\t\t});\n\t\t\t\t<\/script>\n\t\t\t<\/rs-module-wrap>\n\t\t\t<!-- END REVOLUTION SLIDER -->\n[\/vc_column][\/vc_row][vc_row et_uniqid=\u00a0\u00bbet_custom_uniqid_5ee34fafb6749&Prime; el_class=\u00a0\u00bbmovil-no\u00a0\u00bb _et_uniqid=\u00a0\u00bbet_custom_uniqid_new_5ee34fb009b4b\u00a0\u00bb][vc_column][vc_empty_space height=\u00a0\u00bb100px\u00a0\u00bb][\/vc_column][\/vc_row][vc_row][vc_column width=\u00a0\u00bb1\/2&Prime;][vc_empty_space height=\u00a0\u00bb30px\u00a0\u00bb el_class=\u00a0\u00bbpc-no\u00a0\u00bb][vc_column_text]<\/p>\n<p style=\"text-align: left;\"><strong><span class=\"titulo\" style=\"color: #009739; font-size: 80px;\">Essais<\/span><\/strong><br \/>\n<span class=\"titulo\" style=\"color: #009739; font-size: 60px; line-height: 60px;\">de laboratoire<\/span><\/p>\n<p>[\/vc_column_text][vc_column_text css=\u00a0\u00bb.vc_custom_1591955411522{margin-top: 0px !important;padding-top: 0px !important;}\u00a0\u00bb]<\/p>\n<p style=\"text-align: justify;\">Plastigaur dispose d\u2019un laboratoire de qualit\u00e9 et recherche \u00e9quip\u00e9 des derniers appareils et \u00e9quipements d\u2019analyses et d\u2019essais qui nous permettent de tester chacune des productions et le d\u00e9veloppement de nouvelles applications. Nous identifions en temps r\u00e9el les \u00e9ventuelles incidences et nous contr\u00f4lons les param\u00e8tres les plus importants pour leur enregistrement ult\u00e9rieur et possibilit\u00e9 de tra\u00e7abilit\u00e9.<\/p>\n<p style=\"text-align: justify;\">\u00c0 cette fin, nous r\u00e9alisons les essais suivants :<\/p>\n<p>[\/vc_column_text][vc_column_text css=\u00a0\u00bb.vc_custom_1596714295972{margin-top: 0px !important;padding-top: 0px !important;}\u00a0\u00bb]<\/p>\n<ul>\n<li style=\"list-style-type: none;\">\n<ul>\n<li style=\"text-align: left;\"><span style=\"color: #009739; font-size: 18px; line-height: 18px;\">Mesure du taux d\u2019\u00e9coulement.<\/span><\/li>\n<li style=\"text-align: left;\"><span style=\"color: #009739; font-size: 18px; line-height: 18px;\">Mesure des forces de retrait \u00e0 froid et \u00e0 chaud.<\/span><\/li>\n<li style=\"text-align: left;\"><span style=\"color: #009739; font-size: 18px; line-height: 18px;\">Mesure du Point de Fusion.<\/span><\/li>\n<li style=\"text-align: left;\"><span style=\"color: #009739; font-size: 18px; line-height: 18px;\">Mesureur de coefficients de friction.<\/span><\/li>\n<li style=\"text-align: left;\"><span style=\"color: #009739; font-size: 18px; line-height: 18px;\">Analyse de soudure Hot Tack.<\/span><\/li>\n<li style=\"text-align: left;\"><span style=\"color: #009739; font-size: 18px; line-height: 18px;\">Test d\u2019impact et de d\u00e9chirure.<\/span><\/li>\n<li style=\"text-align: left;\"><span style=\"color: #009739; font-size: 18px; line-height: 18px;\">Mesure des \u00e9paisseurs ponctuelles et moyennes.<\/span><\/li>\n<li style=\"text-align: left;\"><span style=\"color: #009739; font-size: 18px; line-height: 18px;\">Opacit\u00e9 des mat\u00e9riaux.<\/span><\/li>\n<li style=\"text-align: left;\"><span style=\"color: #009739; font-size: 18px; line-height: 18px;\">Mesure de traitement couronne.<\/span><\/li>\n<li style=\"text-align: left;\"><span style=\"color: #009739; font-size: 18px; line-height: 18px;\">Adh\u00e9rences des encres.<\/span><\/li>\n<\/ul>\n<\/li>\n<\/ul>\n<p>[\/vc_column_text][vc_empty_space][\/vc_column][vc_column width=\u00a0\u00bb1\/2&Prime;][vc_single_image image=\u00a0\u00bb2347&Prime; img_size=\u00a0\u00bbfull\u00a0\u00bb alignment=\u00a0\u00bbcenter\u00a0\u00bb][\/vc_column][\/vc_row][vc_row et_uniqid=\u00a0\u00bbet_custom_uniqid_5ee3501d66752&Prime; el_class=\u00a0\u00bbmovil-no\u00a0\u00bb _et_uniqid=\u00a0\u00bbet_custom_uniqid_new_5ee3501dada7c\u00a0\u00bb][vc_column][vc_empty_space height=\u00a0\u00bb100px\u00a0\u00bb][\/vc_column][\/vc_row][vc_row gap=\u00a0\u00bb35&Prime; equal_height=\u00a0\u00bbyes\u00a0\u00bb et_uniqid=\u00a0\u00bbet_custom_uniqid_5eb180aba7f41&Prime; _et_uniqid=\u00a0\u00bbet_custom_uniqid_new_5ee3505981fe7&Prime; css=\u00a0\u00bb.vc_custom_1591955550500{margin-right: 15% !important;margin-left: 15% !important;}\u00a0\u00bb el_class=\u00a0\u00bbmovil-no\u00a0\u00bb][vc_column width=\u00a0\u00bb1\/2&Prime; et_uniqid=\u00a0\u00bbet_custom_uniqid_5eb18091ee245&Prime; css=\u00a0\u00bb.vc_custom_1589822890584{margin-top: 0px !important;margin-right: 20px !important;border-right-width: 4px !important;padding-top: 0px !important;padding-right: 20px !important;border-right-color: #009739 !important;border-right-style: solid !important;}\u00a0\u00bb _et_uniqid=\u00a0\u00bbet_custom_uniqid_new_5ec2c5a42786b\u00a0\u00bb][vc_column_text]<span class=\"titulo\" style=\"color: #009739; font-size: 60px; line-height: 60px;\">Principaux<\/span> <strong><span class=\"titulo\" style=\"color: #009739; font-size: 80px;\">Moyens<\/span><\/strong>[\/vc_column_text][vc_single_image image=\u00a0\u00bb1999&Prime; img_size=\u00a0\u00bb135&#215;30&Prime;][\/vc_column][vc_column width=\u00a0\u00bb1\/2&Prime;][vc_column_text css=\u00a0\u00bb.vc_custom_1596613965589{margin-top: 0px !important;margin-bottom: 15px !important;padding-top: 0px !important;}\u00a0\u00bb]<strong>Machine universelle d\u2019essais.<\/strong><\/p>\n<p><strong>CoverLab.<\/strong><\/p>\n<p><strong>Retratech.<\/strong><\/p>\n<p><strong>Microscope \u00e9lectronique.<\/strong><\/p>\n<p><strong>Mesureur Hot Tack.<\/strong><\/p>\n<p><strong>Spectrophotom\u00e8tre.<\/strong><\/p>\n<p><strong>DSC.<\/strong><\/p>\n<p><strong>Octagon.<\/strong><\/p>\n<p><strong>Station d\u2019essais de gainage.<\/strong>[\/vc_column_text][\/vc_column][\/vc_row][vc_row gap=\u00a0\u00bb35&Prime; equal_height=\u00a0\u00bbyes\u00a0\u00bb et_uniqid=\u00a0\u00bbet_custom_uniqid_5eb180aba7f41&Prime; _et_uniqid=\u00a0\u00bbet_custom_uniqid_new_5ee3511f3433a\u00a0\u00bb el_class=\u00a0\u00bbpc-no\u00a0\u00bb][vc_column et_uniqid=\u00a0\u00bbet_custom_uniqid_5eb18091ee245&Prime; _et_uniqid=\u00a0\u00bbet_custom_uniqid_new_5ee3506bdeb9a\u00a0\u00bb][vc_column_text]<span class=\"titulo\" style=\"color: #009739; font-size: 60px; line-height: 60px;\">Principaux<\/span><br \/>\n<strong><span class=\"titulo\" style=\"color: #009739; font-size: 80px;\">Moyens<\/span><\/strong>[\/vc_column_text][vc_column_text css=\u00a0\u00bb.vc_custom_1591955764497{margin-top: 0px !important;margin-bottom: 15px !important;padding-top: 0px !important;}\u00a0\u00bb]<\/p>\n<p style=\"padding-left: 40px;\"><strong>Machine universelle d\u2019essais.<\/strong><\/p>\n<p style=\"padding-left: 40px;\"><strong>CoverLab.<\/strong><\/p>\n<p style=\"padding-left: 40px;\"><strong>Retratech.<\/strong><\/p>\n<p style=\"padding-left: 40px;\"><strong>Microscope \u00e9lectronique.<\/strong><\/p>\n<p style=\"padding-left: 40px;\"><strong>Mesureur Hot Tack.<\/strong><\/p>\n<p style=\"padding-left: 40px;\"><strong>Spectrophotom\u00e8tre.<\/strong><\/p>\n<p style=\"padding-left: 40px;\"><strong>DSC.<\/strong><\/p>\n<p style=\"padding-left: 40px;\"><strong>Octagon.<\/strong><\/p>\n<p style=\"padding-left: 40px;\"><strong>Station d\u2019essais de gainage.<\/strong><\/p>\n<p>[\/vc_column_text][\/vc_column][\/vc_row][vc_row et_uniqid=\u00a0\u00bbet_custom_uniqid_5ee351591d9be\u00a0\u00bb el_class=\u00a0\u00bbmovil-no\u00a0\u00bb _et_uniqid=\u00a0\u00bbet_custom_uniqid_new_5ee35159646b0&Prime;][vc_column][vc_empty_space height=\u00a0\u00bb50px\u00a0\u00bb][\/vc_column][\/vc_row]<\/p>\n","protected":false},"excerpt":{"rendered":"<p>[vc_row et_uniqid=\u00a0\u00bbet_custom_uniqid_5ebd71596c2fb\u00a0\u00bb el_class=\u00a0\u00bbmenu-sticky\u00a0\u00bb _et_uniqid=\u00a0\u00bbet_custom_uniqid_new_5ebd7159b3eaf\u00a0\u00bb][vc_column][\/vc_column][\/vc_row][vc_row][vc_column][\/vc_column][\/vc_row][vc_row et_uniqid=\u00a0\u00bbet_custom_uniqid_5ee34fafb6749&Prime; el_class=\u00a0\u00bbmovil-no\u00a0\u00bb _et_uniqid=\u00a0\u00bbet_custom_uniqid_new_5ee34fb009b4b\u00a0\u00bb][vc_column][vc_empty_space height=\u00a0\u00bb100px\u00a0\u00bb][\/vc_column][\/vc_row][vc_row][vc_column width=\u00a0\u00bb1\/2&Prime;][vc_empty_space height=\u00a0\u00bb30px\u00a0\u00bb el_class=\u00a0\u00bbpc-no\u00a0\u00bb][vc_column_text] Essais de laboratoire [\/vc_column_text][vc_column_text css=\u00a0\u00bb.vc_custom_1591955411522{margin-top: 0px !important;padding-top: 0px !important;}\u00a0\u00bb]<\/p>\n","protected":false},"author":1,"featured_media":0,"parent":4556,"menu_order":0,"comment_status":"closed","ping_status":"closed","template":"","meta":{"om_disable_all_campaigns":false,"_monsterinsights_skip_tracking":false,"_monsterinsights_sitenote_active":false,"_monsterinsights_sitenote_note":"","_monsterinsights_sitenote_category":0,"_uf_show_specific_survey":0,"_uf_disable_surveys":false,"footnotes":""},"class_list":["post-4591","page","type-page","status-publish","hentry"],"yoast_head":"<!-- This site is optimized with the Yoast SEO plugin v25.8 - https:\/\/yoast.com\/wordpress\/plugins\/seo\/ -->\n<title>Conditionnement flexible | Laboratoire Plastigaur | Qualit\u00e9 et recherche<\/title>\n<meta name=\"description\" content=\"Conditionnement flexible | Plastigaur dispose d\u2019un laboratoire de qualit\u00e9 et recherche \u00e9quip\u00e9 des derniers appareils et \u00e9quipements d\u2019analyses et d\u2019essais.\" \/>\n<meta name=\"robots\" content=\"index, follow, max-snippet:-1, max-image-preview:large, max-video-preview:-1\" \/>\n<link rel=\"canonical\" href=\"https:\/\/www.plastigaur.com\/fr\/innovation-et-technologie\/laboratoire\/\" \/>\n<meta property=\"og:locale\" content=\"fr_FR\" \/>\n<meta property=\"og:type\" content=\"article\" \/>\n<meta property=\"og:title\" content=\"Conditionnement flexible | Laboratoire Plastigaur | Qualit\u00e9 et recherche\" \/>\n<meta property=\"og:description\" content=\"Conditionnement flexible | Plastigaur dispose d\u2019un laboratoire de qualit\u00e9 et recherche \u00e9quip\u00e9 des derniers appareils et \u00e9quipements d\u2019analyses et d\u2019essais.\" \/>\n<meta property=\"og:url\" content=\"https:\/\/www.plastigaur.com\/fr\/innovation-et-technologie\/laboratoire\/\" \/>\n<meta property=\"og:site_name\" content=\"Plastigaur\" \/>\n<meta property=\"article:modified_time\" content=\"2020-08-06T11:45:00+00:00\" \/>\n<meta name=\"twitter:card\" content=\"summary_large_image\" \/>\n<meta name=\"twitter:label1\" content=\"Dur\u00e9e de lecture estim\u00e9e\" \/>\n\t<meta name=\"twitter:data1\" content=\"3 minutes\" \/>\n<script type=\"application\/ld+json\" class=\"yoast-schema-graph\">{\"@context\":\"https:\/\/schema.org\",\"@graph\":[{\"@type\":\"WebPage\",\"@id\":\"https:\/\/www.plastigaur.com\/fr\/innovation-et-technologie\/laboratoire\/\",\"url\":\"https:\/\/www.plastigaur.com\/fr\/innovation-et-technologie\/laboratoire\/\",\"name\":\"Conditionnement flexible | Laboratoire Plastigaur | Qualit\u00e9 et recherche\",\"isPartOf\":{\"@id\":\"https:\/\/www.plastigaur.com\/fr\/#website\"},\"datePublished\":\"2020-08-01T16:59:44+00:00\",\"dateModified\":\"2020-08-06T11:45:00+00:00\",\"description\":\"Conditionnement flexible | Plastigaur dispose d\u2019un laboratoire de qualit\u00e9 et recherche \u00e9quip\u00e9 des derniers appareils et \u00e9quipements d\u2019analyses et d\u2019essais.\",\"breadcrumb\":{\"@id\":\"https:\/\/www.plastigaur.com\/fr\/innovation-et-technologie\/laboratoire\/#breadcrumb\"},\"inLanguage\":\"fr-FR\",\"potentialAction\":[{\"@type\":\"ReadAction\",\"target\":[\"https:\/\/www.plastigaur.com\/fr\/innovation-et-technologie\/laboratoire\/\"]}]},{\"@type\":\"BreadcrumbList\",\"@id\":\"https:\/\/www.plastigaur.com\/fr\/innovation-et-technologie\/laboratoire\/#breadcrumb\",\"itemListElement\":[{\"@type\":\"ListItem\",\"position\":1,\"name\":\"ACCUEIL\",\"item\":\"https:\/\/www.plastigaur.com\/fr\/\"},{\"@type\":\"ListItem\",\"position\":2,\"name\":\"INNOVATION ET TECHNOLOGIE\",\"item\":\"https:\/\/www.plastigaur.com\/fr\/innovation-et-technologie\/\"},{\"@type\":\"ListItem\",\"position\":3,\"name\":\"LABORATOIRE\"}]},{\"@type\":\"WebSite\",\"@id\":\"https:\/\/www.plastigaur.com\/fr\/#website\",\"url\":\"https:\/\/www.plastigaur.com\/fr\/\",\"name\":\"Plastigaur\",\"description\":\"Envases y Embalajes\",\"publisher\":{\"@id\":\"https:\/\/www.plastigaur.com\/fr\/#organization\"},\"potentialAction\":[{\"@type\":\"SearchAction\",\"target\":{\"@type\":\"EntryPoint\",\"urlTemplate\":\"https:\/\/www.plastigaur.com\/fr\/?s={search_term_string}\"},\"query-input\":{\"@type\":\"PropertyValueSpecification\",\"valueRequired\":true,\"valueName\":\"search_term_string\"}}],\"inLanguage\":\"fr-FR\"},{\"@type\":\"Organization\",\"@id\":\"https:\/\/www.plastigaur.com\/fr\/#organization\",\"name\":\"Plastigaur\",\"url\":\"https:\/\/www.plastigaur.com\/fr\/\",\"logo\":{\"@type\":\"ImageObject\",\"inLanguage\":\"fr-FR\",\"@id\":\"https:\/\/www.plastigaur.com\/fr\/#\/schema\/logo\/image\/\",\"url\":\"https:\/\/www.plastigaur.com\/wp-content\/uploads\/2020\/05\/Plastigaur-envases-y-embalajes-sostenibles.png\",\"contentUrl\":\"https:\/\/www.plastigaur.com\/wp-content\/uploads\/2020\/05\/Plastigaur-envases-y-embalajes-sostenibles.png\",\"width\":400,\"height\":110,\"caption\":\"Plastigaur\"},\"image\":{\"@id\":\"https:\/\/www.plastigaur.com\/fr\/#\/schema\/logo\/image\/\"},\"sameAs\":[\"https:\/\/www.linkedin.com\/company\/plastigaur\/\"]}]}<\/script>\n<!-- \/ Yoast SEO plugin. -->","yoast_head_json":{"title":"Conditionnement flexible | Laboratoire Plastigaur | Qualit\u00e9 et recherche","description":"Conditionnement flexible | Plastigaur dispose d\u2019un laboratoire de qualit\u00e9 et recherche \u00e9quip\u00e9 des derniers appareils et \u00e9quipements d\u2019analyses et d\u2019essais.","robots":{"index":"index","follow":"follow","max-snippet":"max-snippet:-1","max-image-preview":"max-image-preview:large","max-video-preview":"max-video-preview:-1"},"canonical":"https:\/\/www.plastigaur.com\/fr\/innovation-et-technologie\/laboratoire\/","og_locale":"fr_FR","og_type":"article","og_title":"Conditionnement flexible | Laboratoire Plastigaur | Qualit\u00e9 et recherche","og_description":"Conditionnement flexible | Plastigaur dispose d\u2019un laboratoire de qualit\u00e9 et recherche \u00e9quip\u00e9 des derniers appareils et \u00e9quipements d\u2019analyses et d\u2019essais.","og_url":"https:\/\/www.plastigaur.com\/fr\/innovation-et-technologie\/laboratoire\/","og_site_name":"Plastigaur","article_modified_time":"2020-08-06T11:45:00+00:00","twitter_card":"summary_large_image","twitter_misc":{"Dur\u00e9e de lecture estim\u00e9e":"3 minutes"},"schema":{"@context":"https:\/\/schema.org","@graph":[{"@type":"WebPage","@id":"https:\/\/www.plastigaur.com\/fr\/innovation-et-technologie\/laboratoire\/","url":"https:\/\/www.plastigaur.com\/fr\/innovation-et-technologie\/laboratoire\/","name":"Conditionnement flexible | Laboratoire Plastigaur | Qualit\u00e9 et recherche","isPartOf":{"@id":"https:\/\/www.plastigaur.com\/fr\/#website"},"datePublished":"2020-08-01T16:59:44+00:00","dateModified":"2020-08-06T11:45:00+00:00","description":"Conditionnement flexible | Plastigaur dispose d\u2019un laboratoire de qualit\u00e9 et recherche \u00e9quip\u00e9 des derniers appareils et \u00e9quipements d\u2019analyses et d\u2019essais.","breadcrumb":{"@id":"https:\/\/www.plastigaur.com\/fr\/innovation-et-technologie\/laboratoire\/#breadcrumb"},"inLanguage":"fr-FR","potentialAction":[{"@type":"ReadAction","target":["https:\/\/www.plastigaur.com\/fr\/innovation-et-technologie\/laboratoire\/"]}]},{"@type":"BreadcrumbList","@id":"https:\/\/www.plastigaur.com\/fr\/innovation-et-technologie\/laboratoire\/#breadcrumb","itemListElement":[{"@type":"ListItem","position":1,"name":"ACCUEIL","item":"https:\/\/www.plastigaur.com\/fr\/"},{"@type":"ListItem","position":2,"name":"INNOVATION ET TECHNOLOGIE","item":"https:\/\/www.plastigaur.com\/fr\/innovation-et-technologie\/"},{"@type":"ListItem","position":3,"name":"LABORATOIRE"}]},{"@type":"WebSite","@id":"https:\/\/www.plastigaur.com\/fr\/#website","url":"https:\/\/www.plastigaur.com\/fr\/","name":"Plastigaur","description":"Envases y Embalajes","publisher":{"@id":"https:\/\/www.plastigaur.com\/fr\/#organization"},"potentialAction":[{"@type":"SearchAction","target":{"@type":"EntryPoint","urlTemplate":"https:\/\/www.plastigaur.com\/fr\/?s={search_term_string}"},"query-input":{"@type":"PropertyValueSpecification","valueRequired":true,"valueName":"search_term_string"}}],"inLanguage":"fr-FR"},{"@type":"Organization","@id":"https:\/\/www.plastigaur.com\/fr\/#organization","name":"Plastigaur","url":"https:\/\/www.plastigaur.com\/fr\/","logo":{"@type":"ImageObject","inLanguage":"fr-FR","@id":"https:\/\/www.plastigaur.com\/fr\/#\/schema\/logo\/image\/","url":"https:\/\/www.plastigaur.com\/wp-content\/uploads\/2020\/05\/Plastigaur-envases-y-embalajes-sostenibles.png","contentUrl":"https:\/\/www.plastigaur.com\/wp-content\/uploads\/2020\/05\/Plastigaur-envases-y-embalajes-sostenibles.png","width":400,"height":110,"caption":"Plastigaur"},"image":{"@id":"https:\/\/www.plastigaur.com\/fr\/#\/schema\/logo\/image\/"},"sameAs":["https:\/\/www.linkedin.com\/company\/plastigaur\/"]}]}},"_links":{"self":[{"href":"https:\/\/www.plastigaur.com\/fr\/wp-json\/wp\/v2\/pages\/4591","targetHints":{"allow":["GET"]}}],"collection":[{"href":"https:\/\/www.plastigaur.com\/fr\/wp-json\/wp\/v2\/pages"}],"about":[{"href":"https:\/\/www.plastigaur.com\/fr\/wp-json\/wp\/v2\/types\/page"}],"author":[{"embeddable":true,"href":"https:\/\/www.plastigaur.com\/fr\/wp-json\/wp\/v2\/users\/1"}],"replies":[{"embeddable":true,"href":"https:\/\/www.plastigaur.com\/fr\/wp-json\/wp\/v2\/comments?post=4591"}],"version-history":[{"count":6,"href":"https:\/\/www.plastigaur.com\/fr\/wp-json\/wp\/v2\/pages\/4591\/revisions"}],"predecessor-version":[{"id":5754,"href":"https:\/\/www.plastigaur.com\/fr\/wp-json\/wp\/v2\/pages\/4591\/revisions\/5754"}],"up":[{"embeddable":true,"href":"https:\/\/www.plastigaur.com\/fr\/wp-json\/wp\/v2\/pages\/4556"}],"wp:attachment":[{"href":"https:\/\/www.plastigaur.com\/fr\/wp-json\/wp\/v2\/media?parent=4591"}],"curies":[{"name":"wp","href":"https:\/\/api.w.org\/{rel}","templated":true}]}}