{"id":4209,"date":"2020-07-28T07:58:15","date_gmt":"2020-07-28T05:58:15","guid":{"rendered":"https:\/\/www.plastigaur.com\/emballage-secondaire\/"},"modified":"2020-08-06T11:27:19","modified_gmt":"2020-08-06T09:27:19","slug":"emballage-secondaire","status":"publish","type":"page","link":"https:\/\/www.plastigaur.com\/fr\/solutions\/emballage-secondaire\/","title":{"rendered":"EMBALLAGE SECONDAIRE"},"content":{"rendered":"<p>[vc_row et_uniqid=\u00a0\u00bbet_custom_uniqid_5ebd71596c2fb\u00a0\u00bb el_class=\u00a0\u00bbmenu-sticky\u00a0\u00bb _et_uniqid=\u00a0\u00bbet_custom_uniqid_new_5ebd7159b3eaf\u00a0\u00bb][vc_column]\n        <div class=\"menu-element menu-verde horizontal menu-align-center\">\n\t\t\t\n\t\t\t\t\t\t\n\t\t\t<div class=\"menu-submenu-packaging-fr-container\"><ul id=\"menu-submenu-packaging-fr\" class=\"menu\"><li id=\"menu-item-5042\" class=\"menu-item menu-item-type-post_type menu-item-object-page menu-item-5042 item-level-0 item-design-dropdown\"><a href=\"https:\/\/www.plastigaur.com\/fr\/solutions\/emballage-primaire\/\" class=\"item-link\">EMBALLAGE PRIMAIRE<\/a><\/li>\n<li id=\"menu-item-5655\" class=\"menu-item menu-item-type-post_type menu-item-object-page menu-item-5655 item-level-0 item-design-dropdown\"><a href=\"https:\/\/www.plastigaur.com\/fr\/solutions\/\" class=\"item-link\">SOLUTIONS<\/a><\/li>\n<li id=\"menu-item-5043\" class=\"menu-item menu-item-type-post_type menu-item-object-page menu-item-5043 item-level-0 item-design-dropdown\"><a href=\"https:\/\/www.plastigaur.com\/fr\/solutions\/emballage-secondaire\/\" class=\"item-link\">EMBALLAGE SECONDAIRE<\/a><\/li>\n<li id=\"menu-item-5044\" class=\"menu-item menu-item-type-post_type menu-item-object-page menu-item-5044 item-level-0 item-design-dropdown\"><a href=\"https:\/\/www.plastigaur.com\/fr\/solutions\/emballage-tertiaire\/\" class=\"item-link\">EMBALLAGE TERTIAIRE<\/a><\/li>\n<\/ul><\/div>\n        <\/div>\n\t\t\n\t\t[\/vc_column][\/vc_row][vc_row full_width=\u00a0\u00bbstretch_row\u00a0\u00bb et_uniqid=\u00a0\u00bbet_custom_uniqid_5eb440bf77e07&Prime; enable_first_overlay=\u00a0\u00bbtrue\u00a0\u00bb first_overlay_opacity=\u00a0\u00bb100&Prime; first_background_type=\u00a0\u00bbgradient\u00a0\u00bb first_background_gradient=\u00a0\u00bb#005776||#009739||0;100||90||linear\u00a0\u00bb _et_uniqid=\u00a0\u00bbet_custom_uniqid_new_5eb440bfc139c\u00a0\u00bb][vc_column][vc_empty_space height=\u00a0\u00bb20px\u00a0\u00bb][vc_column_text css=\u00a0\u00bb.vc_custom_1596706035256{margin-bottom: 0px !important;}\u00a0\u00bb]<\/p>\n<p style=\"text-align: right;\"><span style=\"color: #ffffff;\"><span class=\"titulo\" style=\"font-size: 60px; line-height: 60px;\">Emballage <\/span><br \/>\n<strong><span class=\"titulo\" style=\"font-size: 80px; line-height: 80px;\"> secondaire <\/span><\/strong><\/span><\/p>\n<p>[\/vc_column_text][vc_empty_space height=\u00a0\u00bb20px\u00a0\u00bb][\/vc_column][\/vc_row][vc_row][vc_column][vc_empty_space height=\u00a0\u00bb50px\u00a0\u00bb][\/vc_column][\/vc_row][vc_row et_uniqid=\u00a0\u00bbet_custom_uniqid_5eb442e10715b\u00a0\u00bb css=\u00a0\u00bb.vc_custom_1591890307429{margin-right: 10% !important;margin-left: 10% !important;}\u00a0\u00bb _et_uniqid=\u00a0\u00bbet_custom_uniqid_new_5ee2517a46f1b\u00a0\u00bb][vc_column width=\u00a0\u00bb1\/6&Prime;][\/vc_column][vc_column width=\u00a0\u00bb2\/3&Prime;][vc_column_text css=\u00a0\u00bb.vc_custom_1596706023673{margin-bottom: 10px !important;}\u00a0\u00bb]<span style=\"color: #009739; font-size: 40px; line-height: 40px;\"><strong>Film<br \/>\nr\u00e9tractable<\/strong><\/span>[\/vc_column_text][\/vc_column][vc_column width=\u00a0\u00bb1\/6&Prime;][\/vc_column][\/vc_row][vc_row][vc_column][vc_empty_space height=\u00a0\u00bb30px\u00a0\u00bb][\/vc_column][\/vc_row][vc_row et_uniqid=\u00a0\u00bbet_custom_uniqid_5eb442ef915ad\u00a0\u00bb css=\u00a0\u00bb.vc_custom_1591890319347{margin-right: 10% !important;margin-left: 10% !important;}\u00a0\u00bb _et_uniqid=\u00a0\u00bbet_custom_uniqid_new_5ee251885d669&Prime;][vc_column width=\u00a0\u00bb1\/6&Prime;][\/vc_column][vc_column width=\u00a0\u00bb2\/3&Prime;][vc_row_inner][vc_column_inner width=\u00a0\u00bb1\/2&Prime;][vc_single_image image=\u00a0\u00bb2859&Prime; img_size=\u00a0\u00bbfull\u00a0\u00bb alignment=\u00a0\u00bbcenter\u00a0\u00bb onclick=\u00a0\u00bbcustom_link\u00a0\u00bb link=\u00a0\u00bbhttps:\/\/www.plastigaur.com\/fr\/solutions\/emballage-secondaire\/film-retractable\/film-neutre\/\u00a0\u00bb][vc_column_text css=\u00a0\u00bb.vc_custom_1596706016231{margin-top: 0px !important;padding-top: 0px !important;}\u00a0\u00bb]<\/p>\n<p style=\"text-align: center;\"><span style=\"color: #005776;\"><a style=\"color: #005776;\" href=\"https:\/\/www.plastigaur.com\/fr\/solutions\/emballage-secondaire\/film-neutre\/\"><strong>FILM NEUTRE<\/strong><\/a><\/span><\/p>\n<p style=\"text-align: left;\"><strong>Stabilit\u00e9 maximale<\/strong> dans tous les types de groupements, qu&rsquo;il s&rsquo;agisse de paquets de canettes, de bouteilles, de bricks, etc.<\/p>\n<p>[\/vc_column_text][vc_column_text]<\/p>\n<p style=\"text-align: right;\"><a href=\"https:\/\/www.plastigaur.com\/fr\/solutions\/emballage-secondaire\/film-neutre\/\"><span style=\"color: #009739;\">en savoir plus \u2192<\/span><\/a><\/p>\n<p>[\/vc_column_text][\/vc_column_inner][vc_column_inner width=\u00a0\u00bb1\/2&Prime;][vc_single_image image=\u00a0\u00bb2865&Prime; img_size=\u00a0\u00bbfull\u00a0\u00bb alignment=\u00a0\u00bbcenter\u00a0\u00bb onclick=\u00a0\u00bbcustom_link\u00a0\u00bb link=\u00a0\u00bbhttps:\/\/www.plastigaur.com\/fr\/solutions\/emballage-secondaire\/film-retractable\/film-imprime\/\u00a0\u00bb][vc_column_text css=\u00a0\u00bb.vc_custom_1596705977265{margin-top: 0px !important;padding-top: 0px !important;}\u00a0\u00bb]<\/p>\n<p style=\"text-align: center;\"><span style=\"color: #005776;\"><a style=\"color: #005776;\" href=\"https:\/\/www.plastigaur.com\/fr\/solutions\/emballage-secondaire\/film-imprime\/\"><strong>FILM IMPRIM\u00c9<\/strong><\/a><\/span><\/p>\n<p style=\"text-align: left;\"><strong>Technologie flexographique jusqu&rsquo;\u00e0 8 couleurs<\/strong> qui permet d&rsquo;imprimer \u00e0 de hauts standards de qualit\u00e9.<\/p>\n<p>[\/vc_column_text][vc_column_text]<\/p>\n<p style=\"text-align: right;\"><a href=\"https:\/\/www.plastigaur.com\/fr\/solutions\/emballage-secondaire\/film-imprime\/\"><span style=\"color: #009739;\">en savoir plus \u2192<\/span><\/a><\/p>\n<p>[\/vc_column_text][\/vc_column_inner][\/vc_row_inner][\/vc_column][vc_column width=\u00a0\u00bb1\/6&Prime;][\/vc_column][\/vc_row][vc_row][vc_column][vc_empty_space height=\u00a0\u00bb50px\u00a0\u00bb][\/vc_column][\/vc_row][vc_row full_width=\u00a0\u00bbstretch_row\u00a0\u00bb equal_height=\u00a0\u00bbyes\u00a0\u00bb content_placement=\u00a0\u00bbmiddle\u00a0\u00bb et_uniqid=\u00a0\u00bbet_custom_uniqid_5eb3ee821bb35&Prime; enable_first_overlay=\u00a0\u00bbtrue\u00a0\u00bb first_overlay_opacity=\u00a0\u00bb30&Prime; first_background_type=\u00a0\u00bbgradient\u00a0\u00bb first_background_gradient=\u00a0\u00bb#005776||#009739||0;100||90||linear\u00a0\u00bb _et_uniqid=\u00a0\u00bbet_custom_uniqid_new_5ed7c591e0581&Prime;][vc_column width=\u00a0\u00bb1\/2&Prime;][vc_empty_space height=\u00a0\u00bb40px\u00a0\u00bb][vc_row_inner equal_height=\u00a0\u00bbyes\u00a0\u00bb content_placement=\u00a0\u00bbmiddle\u00a0\u00bb et_uniqid=\u00a0\u00bbet_custom_uniqid_5ed7c25a682c7&Prime; _et_uniqid=\u00a0\u00bbet_custom_uniqid_new_5ed7c25aaeb86&Prime;][vc_column_inner width=\u00a0\u00bb1\/3&Prime;][vc_single_image image=\u00a0\u00bb2879&Prime; img_size=\u00a0\u00bb100&#215;100&Prime; alignment=\u00a0\u00bbcenter\u00a0\u00bb css=\u00a0\u00bb.vc_custom_1591198812505{margin-bottom: 0px !important;}\u00a0\u00bb][\/vc_column_inner][vc_column_inner width=\u00a0\u00bb2\/3&Prime;][vc_column_text css=\u00a0\u00bb.vc_custom_1591890358034{margin-top: 0px !important;margin-bottom: 0px !important;padding-top: 0px !important;}\u00a0\u00bb el_class=\u00a0\u00bbcentrado\u00a0\u00bb]<\/p>\n<p style=\"text-align: left; margin-bottom: 0px;\"><strong>IMPRESSION HAUTE QUALIT\u00c9<\/strong><\/p>\n<p style=\"text-align: left;\"><span style=\"color: #009739;\">technologie flexographique jusqu&rsquo;\u00e0 8 couleurs<\/span><\/p>\n<p>[\/vc_column_text][\/vc_column_inner][\/vc_row_inner][vc_empty_space height=\u00a0\u00bb40px\u00a0\u00bb][\/vc_column][vc_column width=\u00a0\u00bb1\/2&Prime;][vc_empty_space height=\u00a0\u00bb40px\u00a0\u00bb][vc_row_inner equal_height=\u00a0\u00bbyes\u00a0\u00bb content_placement=\u00a0\u00bbmiddle\u00a0\u00bb et_uniqid=\u00a0\u00bbet_custom_uniqid_5ed7c2743b836&Prime; _et_uniqid=\u00a0\u00bbet_custom_uniqid_new_5ed7c2749a507&Prime;][vc_column_inner width=\u00a0\u00bb1\/3&Prime;][vc_single_image image=\u00a0\u00bb2874&Prime; img_size=\u00a0\u00bb100&#215;100&Prime; alignment=\u00a0\u00bbcenter\u00a0\u00bb css=\u00a0\u00bb.vc_custom_1591198821255{margin-bottom: 0px !important;}\u00a0\u00bb][\/vc_column_inner][vc_column_inner width=\u00a0\u00bb2\/3&Prime;][vc_column_text css=\u00a0\u00bb.vc_custom_1591890556076{margin-top: 0px !important;margin-bottom: 0px !important;padding-top: 0px !important;}\u00a0\u00bb el_class=\u00a0\u00bbcentrado\u00a0\u00bb]<\/p>\n<p style=\"text-align: left; margin-bottom: 0px;\"><strong>MATERIAUX DURABLES<\/strong><\/p>\n<p style=\"text-align: left;\"><span style=\"color: #009739;\">Avec de la mati\u00e8re recycl\u00e9e et 100% recyclables<\/span><\/p>\n<p>[\/vc_column_text][\/vc_column_inner][\/vc_row_inner][vc_empty_space height=\u00a0\u00bb40px\u00a0\u00bb][\/vc_column][\/vc_row][vc_row full_width=\u00a0\u00bbstretch_row\u00a0\u00bb et_uniqid=\u00a0\u00bbet_custom_uniqid_5eb43f03ab62b\u00a0\u00bb enable_first_overlay=\u00a0\u00bbtrue\u00a0\u00bb first_overlay_opacity=\u00a0\u00bb100&Prime; first_background_type=\u00a0\u00bbgradient\u00a0\u00bb first_background_gradient=\u00a0\u00bb#005776||#009739||0;100||90||linear\u00a0\u00bb _et_uniqid=\u00a0\u00bbet_custom_uniqid_new_5eb43f0401987&Prime;][vc_column][vc_empty_space height=\u00a0\u00bb30px\u00a0\u00bb][\/vc_column][\/vc_row][vc_row][vc_column][vc_empty_space height=\u00a0\u00bb50px\u00a0\u00bb][\/vc_column][\/vc_row][vc_row][vc_column][vc_column_text]<div class=\"vc_row wpb_row vc_row-fluid et_custom_uniqid_69ded37fc500f mpc-row\"><div class=\"wpb_column vc_column_container vc_col-sm-6 et_custom_uniqid_new_5ec2452a84249 mpc-column\" data-column-id=\"mpc_column-6169ded37fde298\"><div class=\"vc_column-inner vc_custom_1589790028258\"><div class=\"wpb_wrapper\"><div class=\"vc_empty_space\" style=\"height: 20px\"><span class=\"vc_empty_space_inner\"><\/span><\/div>\r\n\t<div class=\"wpb_text_column wpb_content_element \">\r\n\t\t<div class=\"wpb_wrapper\">\r\n\t\t\t<p style=\"text-align: left;\"><strong><span class=\"titulo\" style=\"color: #009739; font-size: 80px; line-height: 80px;\">Contactez<\/span><\/strong><br>\n<span class=\"titulo\" style=\"color: #009739; font-size: 60px; line-height: 60px;\">Plastigaur<\/span><\/p>\n\r\n\t\t<\/div>\r\n\t<\/div>\r\n\r\n\t<div class=\"wpb_text_column wpb_content_element  vc_custom_1596534923913\">\r\n\t\t<div class=\"wpb_wrapper\">\r\n\t\t\t<p><span style=\"color: #005776; font-size: 18px; line-height: 18px;\">Si vous avez des questions ou vous souhaitez un devis, n&rsquo;h&eacute;sitez pas &agrave; nous contacter.<\/span><\/p>\n\r\n\t\t<\/div>\r\n\t<\/div>\r\n<div class=\"vc_empty_space\" style=\"height: 32px\"><span class=\"vc_empty_space_inner\"><\/span><\/div>\r\n\t<div class=\"wpb_text_column wpb_content_element  vc_custom_1591885505000\">\r\n\t\t<div class=\"wpb_wrapper\">\r\n\t\t\t<p><strong><a href=\"mailto:plastigaur@plastigaur.com\"><span class=\"mail-movil\" style=\"color: #005776; font-size: 28px; line-height: 28px;\">plastigaur@plastigaur.com<\/span><\/a><\/strong><\/p>\n<p><strong><span style=\"color: #005776; font-size: 28px; line-height: 28px;\">+34 943 59 03 11<\/span><\/strong><\/p>\n\r\n\t\t<\/div>\r\n\t<\/div>\r\n<\/div><\/div><\/div><div class=\"wpb_column vc_column_container vc_col-sm-6 et_custom_uniqid_69ded37fc4fba mpc-column\" data-column-id=\"mpc_column-169ded37fe37c9\"><div class=\"vc_column-inner\"><div class=\"wpb_wrapper\"><div class=\"vc_empty_space\" style=\"height: 20px\"><span class=\"vc_empty_space_inner\"><\/span><\/div>\n<div class=\"wpcf7 no-js\" id=\"wpcf7-f5102-o1\" lang=\"es-ES\" dir=\"ltr\" data-wpcf7-id=\"5102\">\n<div class=\"screen-reader-response\"><p role=\"status\" aria-live=\"polite\" aria-atomic=\"true\"><\/p> <ul><\/ul><\/div>\n<form action=\"\/fr\/wp-json\/wp\/v2\/pages\/4209#wpcf7-f5102-o1\" method=\"post\" class=\"wpcf7-form init\" aria-label=\"Formulario de contacto\" novalidate=\"novalidate\" data-status=\"init\">\n<fieldset class=\"hidden-fields-container\"><input type=\"hidden\" name=\"_wpcf7\" value=\"5102\"><input type=\"hidden\" name=\"_wpcf7_version\" value=\"6.1.5\"><input type=\"hidden\" name=\"_wpcf7_locale\" value=\"es_ES\"><input type=\"hidden\" name=\"_wpcf7_unit_tag\" value=\"wpcf7-f5102-o1\"><input type=\"hidden\" name=\"_wpcf7_container_post\" value=\"0\"><input type=\"hidden\" name=\"_wpcf7_posted_data_hash\" value=\"\">\n<\/fieldset>\n<p><label> <span class=\"wpcf7-form-control-wrap\" data-name=\"your-name\"><input size=\"40\" maxlength=\"400\" class=\"wpcf7-form-control wpcf7-text wpcf7-validates-as-required\" aria-required=\"true\" aria-invalid=\"false\" placeholder=\"PR&Eacute;NOM ET NOM*\" value=\"\" type=\"text\" name=\"your-name\"><\/span> <\/label>\n<\/p>\n<p><label> <span class=\"wpcf7-form-control-wrap\" data-name=\"compania\"><input size=\"40\" maxlength=\"400\" class=\"wpcf7-form-control wpcf7-text wpcf7-validates-as-required\" aria-required=\"true\" aria-invalid=\"false\" placeholder=\"SOCI&Eacute;T&Eacute;\" value=\"\" type=\"text\" name=\"compania\"><\/span> <\/label>\n<\/p>\n<p><label> <span class=\"wpcf7-form-control-wrap\" data-name=\"your-email\"><input size=\"40\" maxlength=\"400\" class=\"wpcf7-form-control wpcf7-email wpcf7-validates-as-required wpcf7-text wpcf7-validates-as-email\" aria-required=\"true\" aria-invalid=\"false\" placeholder=\"E-MAIL*\" value=\"\" type=\"email\" name=\"your-email\"><\/span><\/label>\n<\/p>\n<p><label> <span class=\"wpcf7-form-control-wrap\" data-name=\"your-subject\"><input size=\"40\" maxlength=\"400\" class=\"wpcf7-form-control wpcf7-tel wpcf7-text wpcf7-validates-as-tel\" aria-invalid=\"false\" placeholder=\"T&Eacute;L&Eacute;PHONE\" value=\"\" type=\"tel\" name=\"your-subject\"><\/span> <\/label>\n<\/p>\n<div class=\"formclasses\">\n\t<div class=\"asunto\">\n\t\t<p>OBJET\n\t\t<\/p>\n\t<\/div>\n\t<div class=\"asuntoinput\">\n\t\t<p><span class=\"wpcf7-form-control-wrap\" data-name=\"asunto\"><select class=\"wpcf7-form-control wpcf7-select wpcf7-validates-as-required\" aria-required=\"true\" aria-invalid=\"false\" name=\"asunto\"><option value=\"Emballage primaire\">Emballage primaire<\/option><option value=\"Emballage secondaire\">Emballage secondaire<\/option><option value=\"Emballage tertiaire\">Emballage tertiaire<\/option><option value=\"Durabilit&eacute;\">Durabilit&eacute;<\/option><option value=\"Autre\">Autre<\/option><\/select><\/span>\n\t\t<\/p>\n\t<\/div>\n<\/div>\n<p><label> <span class=\"wpcf7-form-control-wrap\" data-name=\"your-message\"><textarea cols=\"40\" rows=\"3\" maxlength=\"2000\" class=\"wpcf7-form-control wpcf7-textarea wpcf7-validates-as-required\" aria-required=\"true\" aria-invalid=\"false\" placeholder=\"MESSAGE*\" name=\"your-message\"><\/textarea><\/span> <\/label>\n<\/p>\n<p><span class=\"wpcf7-form-control-wrap\" data-name=\"aceptar\"><span class=\"wpcf7-form-control wpcf7-acceptance\"><span class=\"wpcf7-list-item\"><label><input type=\"checkbox\" name=\"aceptar\" value=\"1\" aria-invalid=\"false\"><span class=\"wpcf7-list-item-label\">J&rsquo;ai lu et j&rsquo;accepte la <a style=\"text-decoration: underline;\" href=\"https:\/\/www.plastigaur.com\/fr\/politique-de-confidentialite\/\"> Politique de Confidentialit&eacute;<\/a>.<\/span><\/label><\/span><\/span><\/span>\n<\/p>\n<p><input class=\"wpcf7-form-control wpcf7-submit has-spinner\" type=\"submit\" value=\"Envoyer\">\n<\/p>\n<p style=\"line-height:0.7;\">\n\t<font size=\"1\">\nResponsable : PLASTIGAUR, S.A. Finalit&eacute; : R&eacute;pondre aux demandes r&eacute;alis&eacute;es L&eacute;gitimation : Consentement de la personne concern&eacute;e Destinataires : Les donn&eacute;es ne seront pas c&eacute;d&eacute;es &agrave; des tiers sauf obligation l&eacute;gale. Droits : Acc&eacute;der, rectifier et supprimer les donn&eacute;es ainsi que d&rsquo;autres droits, comme il est expliqu&eacute; dans l&rsquo;information compl&eacute;mentaire Information compl&eacute;mentaire : Vous pouvez consulter l&rsquo;information compl&eacute;mentaire concernant la Protection des Donn&eacute;es sur notre site web :<a style=\"text-decoration: underline;\" href=\"https:\/\/www.plastigaur.com\/fr\/politique-de-confidentialite\/\"> Politique de Confidentialit&eacute;<\/a>.\n\t<\/font>\n<\/p><p style=\"display: none !important;\" class=\"akismet-fields-container\" data-prefix=\"_wpcf7_ak_\"><label>&Delta;<textarea name=\"_wpcf7_ak_hp_textarea\" cols=\"45\" rows=\"8\" maxlength=\"100\"><\/textarea><\/label><input type=\"hidden\" id=\"ak_js_1\" name=\"_wpcf7_ak_js\" value=\"151\"><script>document.getElementById( \"ak_js_1\" ).setAttribute( \"value\", ( new Date() ).getTime() );<\/script><\/p><div class=\"wpcf7-response-output\" aria-hidden=\"true\"><\/div>\n<\/form>\n<\/div>\n<\/div><\/div><\/div><\/div>[\/vc_column_text][\/vc_column][\/vc_row]<\/p>\n","protected":false},"excerpt":{"rendered":"EMBALLAGE PRIMAIRE SOLUTIONS EMBALLAGE SECONDAIRE EMBALLAGE TERTIAIRE Emballage secondaire Film r&eacute;tractable FILM NEUTRE Stabilit&eacute; maximale dans tous les types de","protected":false},"author":1,"featured_media":0,"parent":4552,"menu_order":2,"comment_status":"closed","ping_status":"closed","template":"","meta":{"om_disable_all_campaigns":false,"_monsterinsights_skip_tracking":false,"_monsterinsights_sitenote_active":false,"_monsterinsights_sitenote_note":"","_monsterinsights_sitenote_category":0,"_uf_show_specific_survey":0,"_uf_disable_surveys":false,"footnotes":""},"class_list":["post-4209","page","type-page","status-publish","hentry"],"yoast_head":"<!-- This site is optimized with the Yoast SEO plugin v25.8 - https:\/\/yoast.com\/wordpress\/plugins\/seo\/ -->\n<title>Vente emballage secondaire durable | Solutions packaging | Plastigaur<\/title>\n<meta name=\"description\" content=\"Vente emballage secondaire durable | Impression haute qualit\u00e9 et mat\u00e9riaux durables avec de la mati\u00e8re recycl\u00e9e et 100% recyclables | Plastigaur\" \/>\n<meta name=\"robots\" content=\"index, follow, max-snippet:-1, max-image-preview:large, max-video-preview:-1\" \/>\n<link rel=\"canonical\" href=\"https:\/\/www.plastigaur.com\/fr\/solutions\/emballage-secondaire\/\" \/>\n<meta property=\"og:locale\" content=\"fr_FR\" \/>\n<meta property=\"og:type\" content=\"article\" \/>\n<meta property=\"og:title\" content=\"Vente emballage secondaire durable | Solutions packaging | Plastigaur\" \/>\n<meta property=\"og:description\" content=\"Vente emballage secondaire durable | Impression haute qualit\u00e9 et mat\u00e9riaux durables avec de la mati\u00e8re recycl\u00e9e et 100% recyclables | Plastigaur\" \/>\n<meta property=\"og:url\" content=\"https:\/\/www.plastigaur.com\/fr\/solutions\/emballage-secondaire\/\" \/>\n<meta property=\"og:site_name\" content=\"Plastigaur\" \/>\n<meta property=\"article:modified_time\" content=\"2020-08-06T09:27:19+00:00\" \/>\n<meta name=\"twitter:card\" content=\"summary_large_image\" \/>\n<meta name=\"twitter:label1\" content=\"Dur\u00e9e de lecture estim\u00e9e\" \/>\n\t<meta name=\"twitter:data1\" content=\"4 minutes\" \/>\n<script type=\"application\/ld+json\" class=\"yoast-schema-graph\">{\"@context\":\"https:\/\/schema.org\",\"@graph\":[{\"@type\":\"WebPage\",\"@id\":\"https:\/\/www.plastigaur.com\/fr\/solutions\/emballage-secondaire\/\",\"url\":\"https:\/\/www.plastigaur.com\/fr\/solutions\/emballage-secondaire\/\",\"name\":\"Vente emballage secondaire durable | Solutions packaging | Plastigaur\",\"isPartOf\":{\"@id\":\"https:\/\/www.plastigaur.com\/fr\/#website\"},\"datePublished\":\"2020-07-28T05:58:15+00:00\",\"dateModified\":\"2020-08-06T09:27:19+00:00\",\"description\":\"Vente emballage secondaire durable | Impression haute qualit\u00e9 et mat\u00e9riaux durables avec de la mati\u00e8re recycl\u00e9e et 100% recyclables | Plastigaur\",\"breadcrumb\":{\"@id\":\"https:\/\/www.plastigaur.com\/fr\/solutions\/emballage-secondaire\/#breadcrumb\"},\"inLanguage\":\"fr-FR\",\"potentialAction\":[{\"@type\":\"ReadAction\",\"target\":[\"https:\/\/www.plastigaur.com\/fr\/solutions\/emballage-secondaire\/\"]}]},{\"@type\":\"BreadcrumbList\",\"@id\":\"https:\/\/www.plastigaur.com\/fr\/solutions\/emballage-secondaire\/#breadcrumb\",\"itemListElement\":[{\"@type\":\"ListItem\",\"position\":1,\"name\":\"ACCUEIL\",\"item\":\"https:\/\/www.plastigaur.com\/fr\/\"},{\"@type\":\"ListItem\",\"position\":2,\"name\":\"SOLUTIONS\",\"item\":\"https:\/\/www.plastigaur.com\/fr\/solutions\/\"},{\"@type\":\"ListItem\",\"position\":3,\"name\":\"EMBALLAGE SECONDAIRE\"}]},{\"@type\":\"WebSite\",\"@id\":\"https:\/\/www.plastigaur.com\/fr\/#website\",\"url\":\"https:\/\/www.plastigaur.com\/fr\/\",\"name\":\"Plastigaur\",\"description\":\"Envases y Embalajes\",\"publisher\":{\"@id\":\"https:\/\/www.plastigaur.com\/fr\/#organization\"},\"potentialAction\":[{\"@type\":\"SearchAction\",\"target\":{\"@type\":\"EntryPoint\",\"urlTemplate\":\"https:\/\/www.plastigaur.com\/fr\/?s={search_term_string}\"},\"query-input\":{\"@type\":\"PropertyValueSpecification\",\"valueRequired\":true,\"valueName\":\"search_term_string\"}}],\"inLanguage\":\"fr-FR\"},{\"@type\":\"Organization\",\"@id\":\"https:\/\/www.plastigaur.com\/fr\/#organization\",\"name\":\"Plastigaur\",\"url\":\"https:\/\/www.plastigaur.com\/fr\/\",\"logo\":{\"@type\":\"ImageObject\",\"inLanguage\":\"fr-FR\",\"@id\":\"https:\/\/www.plastigaur.com\/fr\/#\/schema\/logo\/image\/\",\"url\":\"https:\/\/www.plastigaur.com\/wp-content\/uploads\/2020\/05\/Plastigaur-envases-y-embalajes-sostenibles.png\",\"contentUrl\":\"https:\/\/www.plastigaur.com\/wp-content\/uploads\/2020\/05\/Plastigaur-envases-y-embalajes-sostenibles.png\",\"width\":400,\"height\":110,\"caption\":\"Plastigaur\"},\"image\":{\"@id\":\"https:\/\/www.plastigaur.com\/fr\/#\/schema\/logo\/image\/\"},\"sameAs\":[\"https:\/\/www.linkedin.com\/company\/plastigaur\/\"]}]}<\/script>\n<!-- \/ Yoast SEO plugin. -->","yoast_head_json":{"title":"Vente emballage secondaire durable | Solutions packaging | Plastigaur","description":"Vente emballage secondaire durable | Impression haute qualit\u00e9 et mat\u00e9riaux durables avec de la mati\u00e8re recycl\u00e9e et 100% recyclables | Plastigaur","robots":{"index":"index","follow":"follow","max-snippet":"max-snippet:-1","max-image-preview":"max-image-preview:large","max-video-preview":"max-video-preview:-1"},"canonical":"https:\/\/www.plastigaur.com\/fr\/solutions\/emballage-secondaire\/","og_locale":"fr_FR","og_type":"article","og_title":"Vente emballage secondaire durable | Solutions packaging | Plastigaur","og_description":"Vente emballage secondaire durable | Impression haute qualit\u00e9 et mat\u00e9riaux durables avec de la mati\u00e8re recycl\u00e9e et 100% recyclables | Plastigaur","og_url":"https:\/\/www.plastigaur.com\/fr\/solutions\/emballage-secondaire\/","og_site_name":"Plastigaur","article_modified_time":"2020-08-06T09:27:19+00:00","twitter_card":"summary_large_image","twitter_misc":{"Dur\u00e9e de lecture estim\u00e9e":"4 minutes"},"schema":{"@context":"https:\/\/schema.org","@graph":[{"@type":"WebPage","@id":"https:\/\/www.plastigaur.com\/fr\/solutions\/emballage-secondaire\/","url":"https:\/\/www.plastigaur.com\/fr\/solutions\/emballage-secondaire\/","name":"Vente emballage secondaire durable | Solutions packaging | Plastigaur","isPartOf":{"@id":"https:\/\/www.plastigaur.com\/fr\/#website"},"datePublished":"2020-07-28T05:58:15+00:00","dateModified":"2020-08-06T09:27:19+00:00","description":"Vente emballage secondaire durable | Impression haute qualit\u00e9 et mat\u00e9riaux durables avec de la mati\u00e8re recycl\u00e9e et 100% recyclables | Plastigaur","breadcrumb":{"@id":"https:\/\/www.plastigaur.com\/fr\/solutions\/emballage-secondaire\/#breadcrumb"},"inLanguage":"fr-FR","potentialAction":[{"@type":"ReadAction","target":["https:\/\/www.plastigaur.com\/fr\/solutions\/emballage-secondaire\/"]}]},{"@type":"BreadcrumbList","@id":"https:\/\/www.plastigaur.com\/fr\/solutions\/emballage-secondaire\/#breadcrumb","itemListElement":[{"@type":"ListItem","position":1,"name":"ACCUEIL","item":"https:\/\/www.plastigaur.com\/fr\/"},{"@type":"ListItem","position":2,"name":"SOLUTIONS","item":"https:\/\/www.plastigaur.com\/fr\/solutions\/"},{"@type":"ListItem","position":3,"name":"EMBALLAGE SECONDAIRE"}]},{"@type":"WebSite","@id":"https:\/\/www.plastigaur.com\/fr\/#website","url":"https:\/\/www.plastigaur.com\/fr\/","name":"Plastigaur","description":"Envases y Embalajes","publisher":{"@id":"https:\/\/www.plastigaur.com\/fr\/#organization"},"potentialAction":[{"@type":"SearchAction","target":{"@type":"EntryPoint","urlTemplate":"https:\/\/www.plastigaur.com\/fr\/?s={search_term_string}"},"query-input":{"@type":"PropertyValueSpecification","valueRequired":true,"valueName":"search_term_string"}}],"inLanguage":"fr-FR"},{"@type":"Organization","@id":"https:\/\/www.plastigaur.com\/fr\/#organization","name":"Plastigaur","url":"https:\/\/www.plastigaur.com\/fr\/","logo":{"@type":"ImageObject","inLanguage":"fr-FR","@id":"https:\/\/www.plastigaur.com\/fr\/#\/schema\/logo\/image\/","url":"https:\/\/www.plastigaur.com\/wp-content\/uploads\/2020\/05\/Plastigaur-envases-y-embalajes-sostenibles.png","contentUrl":"https:\/\/www.plastigaur.com\/wp-content\/uploads\/2020\/05\/Plastigaur-envases-y-embalajes-sostenibles.png","width":400,"height":110,"caption":"Plastigaur"},"image":{"@id":"https:\/\/www.plastigaur.com\/fr\/#\/schema\/logo\/image\/"},"sameAs":["https:\/\/www.linkedin.com\/company\/plastigaur\/"]}]}},"_links":{"self":[{"href":"https:\/\/www.plastigaur.com\/fr\/wp-json\/wp\/v2\/pages\/4209","targetHints":{"allow":["GET"]}}],"collection":[{"href":"https:\/\/www.plastigaur.com\/fr\/wp-json\/wp\/v2\/pages"}],"about":[{"href":"https:\/\/www.plastigaur.com\/fr\/wp-json\/wp\/v2\/types\/page"}],"author":[{"embeddable":true,"href":"https:\/\/www.plastigaur.com\/fr\/wp-json\/wp\/v2\/users\/1"}],"replies":[{"embeddable":true,"href":"https:\/\/www.plastigaur.com\/fr\/wp-json\/wp\/v2\/comments?post=4209"}],"version-history":[{"count":12,"href":"https:\/\/www.plastigaur.com\/fr\/wp-json\/wp\/v2\/pages\/4209\/revisions"}],"predecessor-version":[{"id":5630,"href":"https:\/\/www.plastigaur.com\/fr\/wp-json\/wp\/v2\/pages\/4209\/revisions\/5630"}],"up":[{"embeddable":true,"href":"https:\/\/www.plastigaur.com\/fr\/wp-json\/wp\/v2\/pages\/4552"}],"wp:attachment":[{"href":"https:\/\/www.plastigaur.com\/fr\/wp-json\/wp\/v2\/media?parent=4209"}],"curies":[{"name":"wp","href":"https:\/\/api.w.org\/{rel}","templated":true}]}}