{"id":4207,"date":"2020-07-28T07:58:13","date_gmt":"2020-07-28T05:58:13","guid":{"rendered":"https:\/\/www.plastigaur.com\/converting-films\/alimentation-animale\/"},"modified":"2020-08-06T10:40:49","modified_gmt":"2020-08-06T08:40:49","slug":"alimentation-animale","status":"publish","type":"page","link":"https:\/\/www.plastigaur.com\/fr\/solutions\/emballage-primaire\/converting-films\/alimentation-animale\/","title":{"rendered":"ALIMENTATION ANIMALE"},"content":{"rendered":"<p>[vc_row][vc_column][vc_column_text el_class=\u00a0\u00bbmigas-pan\u00a0\u00bb css=\u00a0\u00bb.vc_custom_1589823403279{margin-top: 10px !important;margin-bottom: 20px !important;}\u00a0\u00bb]<div class=\"bc-type-left2 bc-effect-mouse bc-color-dark page-heading\"><div class=\"container a-center pos-relative\"><a href=\"https:\/\/www.plastigaur.com\/fr\/\">ACCUEIL<\/a><\/div><\/div>[\/vc_column_text][\/vc_column][\/vc_row][vc_row equal_height=\u00a0\u00bbyes\u00a0\u00bb content_placement=\u00a0\u00bbmiddle\u00a0\u00bb et_uniqid=\u00a0\u00bbet_custom_uniqid_5eb41d0f36886&Prime; enable_first_overlay=\u00a0\u00bbtrue\u00a0\u00bb first_overlay_opacity=\u00a0\u00bb100&Prime; first_background_type=\u00a0\u00bbimage\u00a0\u00bb first_background_image=\u00a0\u00bb2631&Prime; first_background_position=\u00a0\u00bbtop-left\u00a0\u00bb first_background_image_size=\u00a0\u00bb400&#215;325&Prime; _et_uniqid=\u00a0\u00bbet_custom_uniqid_new_5ed9289584758&Prime;][vc_column][vc_column_text css=\u00a0\u00bb.vc_custom_1591888061504{margin-bottom: 0px !important;}\u00a0\u00bb]<\/p>\n<p style=\"text-align: right;\"><strong><span class=\"titulo\" style=\"color: #009739; font-size: 80px; line-height: 80px;\">Alimentation animale<\/span><\/strong><\/p>\n<p>[\/vc_column_text][vc_single_image image=\u00a0\u00bb3886&Prime; img_size=\u00a0\u00bbfull\u00a0\u00bb alignment=\u00a0\u00bbcenter\u00a0\u00bb][\/vc_column][\/vc_row][vc_row gap=\u00a0\u00bb35&Prime; equal_height=\u00a0\u00bbyes\u00a0\u00bb content_placement=\u00a0\u00bbtop\u00a0\u00bb et_uniqid=\u00a0\u00bbet_custom_uniqid_5eb41d0f36886&Prime; _et_uniqid=\u00a0\u00bbet_custom_uniqid_new_5ec3a147bc07e\u00a0\u00bb][vc_column width=\u00a0\u00bb2\/3&Prime;][vc_column_text css=\u00a0\u00bb.vc_custom_1592911873489{margin-top: 0px !important;padding-top: 0px !important;padding-right: 20px !important;padding-left: 20px !important;}\u00a0\u00bb]<\/p>\n<p style=\"text-align: justify;\">PLASTIGAUR propose une grande vari\u00e9t\u00e9 de films monocouche et de films \u00e0 structure lamin\u00e9e pour l\u2019ensachage automatique des aliments ou de produits d\u00e9riv\u00e9s, destin\u00e9s au secteur de l\u2019alimentation animale. Nous disposons de largeurs pour tous les formats de pr\u00e9sentation, des sacs de 25 kg aux plus petits formats, en garantissant toujours une fra\u00eecheur maximale du produit.<\/p>\n<p style=\"text-align: justify;\">Nous proposons <strong><b>EKOGAUR NEO<\/b><\/strong>, des lamin\u00e9s 100% reyiclables et <strong><b>EKOGAUR ZIRK<\/b><\/strong>, des mat\u00e9riaux issus du recyclage chimique, la solution la plus durable pour des films \u00e0 contact alimentaire.<\/p>\n<p>[\/vc_column_text][\/vc_column][vc_column width=\u00a0\u00bb1\/3&Prime; et_uniqid=\u00a0\u00bbet_custom_uniqid_5ec39fae67f0d\u00a0\u00bb _et_uniqid=\u00a0\u00bbet_custom_uniqid_new_5ec3a079e38ea\u00a0\u00bb][vc_row_inner][vc_column_inner][vc_column_text css=\u00a0\u00bb.vc_custom_1592911885543{padding-top: 20px !important;padding-right: 20px !important;padding-bottom: 20px !important;padding-left: 20px !important;background-color: #009739 !important;border-radius: 35px !important;}\u00a0\u00bb]<span style=\"color: #ffffff;\"><img loading=\"lazy\" decoding=\"async\" class=\"wp-image-2624 aligncenter\" src=\"https:\/\/www.plastigaur.com\/wp-content\/uploads\/2020\/06\/Plastigaur-Ecodise\u00f1o-Reciclabilidad-Sostenibilidad-Ekogaur-HOJA-11.png\" alt=\"Plastigaur Ecoconception Recyclabilit\u00e9 Durabilit\u00e9 Ekogaur PAGE-11\" width=\"99\" height=\"99\" srcset=\"https:\/\/www.plastigaur.com\/wp-content\/uploads\/2020\/06\/Plastigaur-Ecodise\u00f1o-Reciclabilidad-Sostenibilidad-Ekogaur-HOJA-11.png 301w, https:\/\/www.plastigaur.com\/wp-content\/uploads\/2020\/06\/Plastigaur-Ecodise\u00f1o-Reciclabilidad-Sostenibilidad-Ekogaur-HOJA-11-150x150.png 150w, https:\/\/www.plastigaur.com\/wp-content\/uploads\/2020\/06\/Plastigaur-Ecodise\u00f1o-Reciclabilidad-Sostenibilidad-Ekogaur-HOJA-11-1x1.png 1w, https:\/\/www.plastigaur.com\/wp-content\/uploads\/2020\/06\/Plastigaur-Ecodise\u00f1o-Reciclabilidad-Sostenibilidad-Ekogaur-HOJA-11-10x10.png 10w\" sizes=\"auto, (max-width: 99px) 100vw, 99px\" \/><strong>EKOGAUR NEO<\/strong> et <strong>EKOGAUR ZIRK<\/strong><\/span><\/p>\n<p style=\"color: #ffffff; margin-top: -10px;\">Nous proposons des solutions <strong>durables 100% recyclables<\/strong> dans les applications  barri\u00e8re basse.[\/vc_column_text][\/vc_column_inner][\/vc_row_inner][\/vc_column][\/vc_row][vc_row][vc_column width=\u00a0\u00bb1\/2&Prime;][vc_row_inner][vc_column_inner width=\u00a0\u00bb1\/4&Prime;][vc_single_image image=\u00a0\u00bb1741&Prime; img_size=\u00a0\u00bb20&#215;90&Prime; alignment=\u00a0\u00bbcenter\u00a0\u00bb][\/vc_column_inner][vc_column_inner width=\u00a0\u00bb3\/4&Prime;][vc_column_text css=\u00a0\u00bb.vc_custom_1589880959031{margin-bottom: 0px !important;}\u00a0\u00bb]<\/p>\n<p style=\"text-align: left;\"><span style=\"color: #009739; font-size: 40px; line-height: 40px;\">Structures<br \/>\ntype<\/span><\/p>\n<p>[\/vc_column_text][\/vc_column_inner][\/vc_row_inner][\/vc_column][vc_column width=\u00a0\u00bb1\/2&Prime;][\/vc_column][\/vc_row][vc_row][vc_column][vc_row_inner][vc_column_inner width=\u00a0\u00bb1\/3&Prime;][vc_column_text css=\u00a0\u00bb.vc_custom_1591000000933{margin-top: 0px !important;border-top-width: 1px !important;border-right-width: 1px !important;border-bottom-width: 1px !important;border-left-width: 1px !important;padding-top: 0px !important;padding-right: 20px !important;padding-left: 20px !important;border-left-color: #009739 !important;border-left-style: solid !important;border-right-color: #009739 !important;border-right-style: solid !important;border-top-color: #009739 !important;border-top-style: solid !important;border-bottom-color: #009739 !important;border-bottom-style: solid !important;}\u00a0\u00bb]<\/p>\n<p style=\"text-align: center;\"><span style=\"color: #005776; font-size: 17px; line-height: 17px;\">PE\/PE:<br \/>\npour ensachage de grand contenu <\/span><\/p>\n<p>[\/vc_column_text][\/vc_column_inner][vc_column_inner width=\u00a0\u00bb1\/3&Prime;][vc_column_text css=\u00a0\u00bb.vc_custom_1591000176060{margin-top: 0px !important;border-top-width: 1px !important;border-right-width: 1px !important;border-bottom-width: 1px !important;border-left-width: 1px !important;padding-top: 0px !important;padding-right: 20px !important;padding-left: 20px !important;border-left-color: #009739 !important;border-left-style: solid !important;border-right-color: #009739 !important;border-right-style: solid !important;border-top-color: #009739 !important;border-top-style: solid !important;border-bottom-color: #009739 !important;border-bottom-style: solid !important;}\u00a0\u00bb]<\/p>\n<p style=\"text-align: center; padding-top: 14px; padding-bottom: 14px;\"><span style=\"color: #005776; font-size: 18px; line-height: 18px;\">PET \/ PE<\/span><\/p>\n<p>[\/vc_column_text][\/vc_column_inner][vc_column_inner width=\u00a0\u00bb1\/3&Prime;][vc_column_text css=\u00a0\u00bb.vc_custom_1591000261730{margin-top: 0px !important;border-top-width: 1px !important;border-right-width: 1px !important;border-bottom-width: 1px !important;border-left-width: 1px !important;padding-top: 0px !important;padding-right: 20px !important;padding-left: 20px !important;border-left-color: #009739 !important;border-left-style: solid !important;border-right-color: #009739 !important;border-right-style: solid !important;border-top-color: #009739 !important;border-top-style: solid !important;border-bottom-color: #009739 !important;border-bottom-style: solid !important;}\u00a0\u00bb]<\/p>\n<p style=\"text-align: center; padding-top: 14px; padding-bottom: 14px;\"><span style=\"color: #005776; font-size: 18px; line-height: 18px;\">PET \/ OPP MET \/ PE<\/span><\/p>\n<p>[\/vc_column_text][\/vc_column_inner][\/vc_row_inner][\/vc_column][\/vc_row][vc_row][vc_column][vc_empty_space height=\u00a0\u00bb50px\u00a0\u00bb][\/vc_column][\/vc_row][vc_row full_width=\u00a0\u00bbstretch_row\u00a0\u00bb et_uniqid=\u00a0\u00bbet_custom_uniqid_5eb43f03ab62b\u00a0\u00bb enable_first_overlay=\u00a0\u00bbtrue\u00a0\u00bb first_overlay_opacity=\u00a0\u00bb100&Prime; first_background_type=\u00a0\u00bbgradient\u00a0\u00bb first_background_gradient=\u00a0\u00bb#005776||#009739||0;100||90||linear\u00a0\u00bb _et_uniqid=\u00a0\u00bbet_custom_uniqid_new_5eb43f0401987&Prime;][vc_column][vc_empty_space height=\u00a0\u00bb30px\u00a0\u00bb][\/vc_column][\/vc_row][vc_row][vc_column][vc_empty_space height=\u00a0\u00bb50px\u00a0\u00bb][\/vc_column][\/vc_row][vc_row][vc_column][vc_column_text]<div class=\"vc_row wpb_row vc_row-fluid et_custom_uniqid_69e1311062b59 mpc-row\"><div class=\"wpb_column vc_column_container vc_col-sm-6 et_custom_uniqid_new_5ec2452a84249 mpc-column\" data-column-id=\"mpc_column-1469e131107445a\"><div class=\"vc_column-inner vc_custom_1589790028258\"><div class=\"wpb_wrapper\"><div class=\"vc_empty_space\" style=\"height: 20px\"><span class=\"vc_empty_space_inner\"><\/span><\/div>\r\n\t<div class=\"wpb_text_column wpb_content_element \">\r\n\t\t<div class=\"wpb_wrapper\">\r\n\t\t\t<p style=\"text-align: left;\"><strong><span class=\"titulo\" style=\"color: #009739; font-size: 80px; line-height: 80px;\">Contactez<\/span><\/strong><br>\n<span class=\"titulo\" style=\"color: #009739; font-size: 60px; line-height: 60px;\">Plastigaur<\/span><\/p>\n\r\n\t\t<\/div>\r\n\t<\/div>\r\n\r\n\t<div class=\"wpb_text_column wpb_content_element  vc_custom_1596534923913\">\r\n\t\t<div class=\"wpb_wrapper\">\r\n\t\t\t<p><span style=\"color: #005776; font-size: 18px; line-height: 18px;\">Si vous avez des questions ou vous souhaitez un devis, n&rsquo;h&eacute;sitez pas &agrave; nous contacter.<\/span><\/p>\n\r\n\t\t<\/div>\r\n\t<\/div>\r\n<div class=\"vc_empty_space\" style=\"height: 32px\"><span class=\"vc_empty_space_inner\"><\/span><\/div>\r\n\t<div class=\"wpb_text_column wpb_content_element  vc_custom_1591885505000\">\r\n\t\t<div class=\"wpb_wrapper\">\r\n\t\t\t<p><strong><a href=\"mailto:plastigaur@plastigaur.com\"><span class=\"mail-movil\" style=\"color: #005776; font-size: 28px; line-height: 28px;\">plastigaur@plastigaur.com<\/span><\/a><\/strong><\/p>\n<p><strong><span style=\"color: #005776; font-size: 28px; line-height: 28px;\">+34 943 59 03 11<\/span><\/strong><\/p>\n\r\n\t\t<\/div>\r\n\t<\/div>\r\n<\/div><\/div><\/div><div class=\"wpb_column vc_column_container vc_col-sm-6 et_custom_uniqid_69e1311062b06 mpc-column\" data-column-id=\"mpc_column-669e13110796f7\"><div class=\"vc_column-inner\"><div class=\"wpb_wrapper\"><div class=\"vc_empty_space\" style=\"height: 20px\"><span class=\"vc_empty_space_inner\"><\/span><\/div>\n<div class=\"wpcf7 no-js\" id=\"wpcf7-f5102-o1\" lang=\"es-ES\" dir=\"ltr\" data-wpcf7-id=\"5102\">\n<div class=\"screen-reader-response\"><p role=\"status\" aria-live=\"polite\" aria-atomic=\"true\"><\/p> <ul><\/ul><\/div>\n<form action=\"\/fr\/wp-json\/wp\/v2\/pages\/4207#wpcf7-f5102-o1\" method=\"post\" class=\"wpcf7-form init\" aria-label=\"Formulario de contacto\" novalidate=\"novalidate\" data-status=\"init\">\n<fieldset class=\"hidden-fields-container\"><input type=\"hidden\" name=\"_wpcf7\" value=\"5102\"><input type=\"hidden\" name=\"_wpcf7_version\" value=\"6.1.5\"><input type=\"hidden\" name=\"_wpcf7_locale\" value=\"es_ES\"><input type=\"hidden\" name=\"_wpcf7_unit_tag\" value=\"wpcf7-f5102-o1\"><input type=\"hidden\" name=\"_wpcf7_container_post\" value=\"0\"><input type=\"hidden\" name=\"_wpcf7_posted_data_hash\" value=\"\">\n<\/fieldset>\n<p><label> <span class=\"wpcf7-form-control-wrap\" data-name=\"your-name\"><input size=\"40\" maxlength=\"400\" class=\"wpcf7-form-control wpcf7-text wpcf7-validates-as-required\" aria-required=\"true\" aria-invalid=\"false\" placeholder=\"PR&Eacute;NOM ET NOM*\" value=\"\" type=\"text\" name=\"your-name\"><\/span> <\/label>\n<\/p>\n<p><label> <span class=\"wpcf7-form-control-wrap\" data-name=\"compania\"><input size=\"40\" maxlength=\"400\" class=\"wpcf7-form-control wpcf7-text wpcf7-validates-as-required\" aria-required=\"true\" aria-invalid=\"false\" placeholder=\"SOCI&Eacute;T&Eacute;\" value=\"\" type=\"text\" name=\"compania\"><\/span> <\/label>\n<\/p>\n<p><label> <span class=\"wpcf7-form-control-wrap\" data-name=\"your-email\"><input size=\"40\" maxlength=\"400\" class=\"wpcf7-form-control wpcf7-email wpcf7-validates-as-required wpcf7-text wpcf7-validates-as-email\" aria-required=\"true\" aria-invalid=\"false\" placeholder=\"E-MAIL*\" value=\"\" type=\"email\" name=\"your-email\"><\/span><\/label>\n<\/p>\n<p><label> <span class=\"wpcf7-form-control-wrap\" data-name=\"your-subject\"><input size=\"40\" maxlength=\"400\" class=\"wpcf7-form-control wpcf7-tel wpcf7-text wpcf7-validates-as-tel\" aria-invalid=\"false\" placeholder=\"T&Eacute;L&Eacute;PHONE\" value=\"\" type=\"tel\" name=\"your-subject\"><\/span> <\/label>\n<\/p>\n<div class=\"formclasses\">\n\t<div class=\"asunto\">\n\t\t<p>OBJET\n\t\t<\/p>\n\t<\/div>\n\t<div class=\"asuntoinput\">\n\t\t<p><span class=\"wpcf7-form-control-wrap\" data-name=\"asunto\"><select class=\"wpcf7-form-control wpcf7-select wpcf7-validates-as-required\" aria-required=\"true\" aria-invalid=\"false\" name=\"asunto\"><option value=\"Emballage primaire\">Emballage primaire<\/option><option value=\"Emballage secondaire\">Emballage secondaire<\/option><option value=\"Emballage tertiaire\">Emballage tertiaire<\/option><option value=\"Durabilit&eacute;\">Durabilit&eacute;<\/option><option value=\"Autre\">Autre<\/option><\/select><\/span>\n\t\t<\/p>\n\t<\/div>\n<\/div>\n<p><label> <span class=\"wpcf7-form-control-wrap\" data-name=\"your-message\"><textarea cols=\"40\" rows=\"3\" maxlength=\"2000\" class=\"wpcf7-form-control wpcf7-textarea wpcf7-validates-as-required\" aria-required=\"true\" aria-invalid=\"false\" placeholder=\"MESSAGE*\" name=\"your-message\"><\/textarea><\/span> <\/label>\n<\/p>\n<p><span class=\"wpcf7-form-control-wrap\" data-name=\"aceptar\"><span class=\"wpcf7-form-control wpcf7-acceptance\"><span class=\"wpcf7-list-item\"><label><input type=\"checkbox\" name=\"aceptar\" value=\"1\" aria-invalid=\"false\"><span class=\"wpcf7-list-item-label\">J&rsquo;ai lu et j&rsquo;accepte la <a style=\"text-decoration: underline;\" href=\"https:\/\/www.plastigaur.com\/fr\/politique-de-confidentialite\/\"> Politique de Confidentialit&eacute;<\/a>.<\/span><\/label><\/span><\/span><\/span>\n<\/p>\n<p><input class=\"wpcf7-form-control wpcf7-submit has-spinner\" type=\"submit\" value=\"Envoyer\">\n<\/p>\n<p style=\"line-height:0.7;\">\n\t<font size=\"1\">\nResponsable : PLASTIGAUR, S.A. Finalit&eacute; : R&eacute;pondre aux demandes r&eacute;alis&eacute;es L&eacute;gitimation : Consentement de la personne concern&eacute;e Destinataires : Les donn&eacute;es ne seront pas c&eacute;d&eacute;es &agrave; des tiers sauf obligation l&eacute;gale. Droits : Acc&eacute;der, rectifier et supprimer les donn&eacute;es ainsi que d&rsquo;autres droits, comme il est expliqu&eacute; dans l&rsquo;information compl&eacute;mentaire Information compl&eacute;mentaire : Vous pouvez consulter l&rsquo;information compl&eacute;mentaire concernant la Protection des Donn&eacute;es sur notre site web :<a style=\"text-decoration: underline;\" href=\"https:\/\/www.plastigaur.com\/fr\/politique-de-confidentialite\/\"> Politique de Confidentialit&eacute;<\/a>.\n\t<\/font>\n<\/p><p style=\"display: none !important;\" class=\"akismet-fields-container\" data-prefix=\"_wpcf7_ak_\"><label>&Delta;<textarea name=\"_wpcf7_ak_hp_textarea\" cols=\"45\" rows=\"8\" maxlength=\"100\"><\/textarea><\/label><input type=\"hidden\" id=\"ak_js_1\" name=\"_wpcf7_ak_js\" value=\"218\"><script>document.getElementById( \"ak_js_1\" ).setAttribute( \"value\", ( new Date() ).getTime() );<\/script><\/p><div class=\"wpcf7-response-output\" aria-hidden=\"true\"><\/div>\n<\/form>\n<\/div>\n<\/div><\/div><\/div><\/div>[\/vc_column_text][\/vc_column][\/vc_row]<\/p>\n","protected":false},"excerpt":{"rendered":"ACCUEIL Alimentation animale PLASTIGAUR propose une grande vari&eacute;t&eacute; de films monocouche et de films &agrave; structure lamin&eacute;e pour l&rsquo;ensachage automatique","protected":false},"author":1,"featured_media":0,"parent":4186,"menu_order":0,"comment_status":"closed","ping_status":"closed","template":"","meta":{"om_disable_all_campaigns":false,"_monsterinsights_skip_tracking":false,"_monsterinsights_sitenote_active":false,"_monsterinsights_sitenote_note":"","_monsterinsights_sitenote_category":0,"_uf_show_specific_survey":0,"_uf_disable_surveys":false,"footnotes":""},"class_list":["post-4207","page","type-page","status-publish","hentry"],"yoast_head":"<!-- This site is optimized with the Yoast SEO plugin v25.8 - https:\/\/yoast.com\/wordpress\/plugins\/seo\/ -->\n<title>Films secteur alimentation animale | Converting films | Packaging primaire | Plastigaur<\/title>\n<meta name=\"description\" content=\"Films secteur alimentation animale | Plastigaur propose une grande vari\u00e9t\u00e9 de films monocouche et de films \u00e0 structure lamin\u00e9e pour le secteur de l&#039;alimentation animale\" \/>\n<meta name=\"robots\" content=\"index, follow, max-snippet:-1, max-image-preview:large, max-video-preview:-1\" \/>\n<link rel=\"canonical\" href=\"https:\/\/www.plastigaur.com\/fr\/solutions\/emballage-primaire\/converting-films\/alimentation-animale\/\" \/>\n<meta property=\"og:locale\" content=\"fr_FR\" \/>\n<meta property=\"og:type\" content=\"article\" \/>\n<meta property=\"og:title\" content=\"Films secteur alimentation animale | Converting films | Packaging primaire | Plastigaur\" \/>\n<meta property=\"og:description\" content=\"Films secteur alimentation animale | Plastigaur propose une grande vari\u00e9t\u00e9 de films monocouche et de films \u00e0 structure lamin\u00e9e pour le secteur de l&#039;alimentation animale\" \/>\n<meta property=\"og:url\" content=\"https:\/\/www.plastigaur.com\/fr\/solutions\/emballage-primaire\/converting-films\/alimentation-animale\/\" \/>\n<meta property=\"og:site_name\" content=\"Plastigaur\" \/>\n<meta property=\"article:modified_time\" content=\"2020-08-06T08:40:49+00:00\" \/>\n<meta property=\"og:image\" content=\"https:\/\/www.plastigaur.com\/wp-content\/uploads\/2020\/06\/Plastigaur-Ecodise\u00f1o-Reciclabilidad-Sostenibilidad-Ekogaur-HOJA-11.png\" \/>\n<meta name=\"twitter:card\" content=\"summary_large_image\" \/>\n<meta name=\"twitter:label1\" content=\"Dur\u00e9e de lecture estim\u00e9e\" \/>\n\t<meta name=\"twitter:data1\" content=\"3 minutes\" \/>\n<script type=\"application\/ld+json\" class=\"yoast-schema-graph\">{\"@context\":\"https:\/\/schema.org\",\"@graph\":[{\"@type\":\"WebPage\",\"@id\":\"https:\/\/www.plastigaur.com\/fr\/solutions\/emballage-primaire\/converting-films\/alimentation-animale\/\",\"url\":\"https:\/\/www.plastigaur.com\/fr\/solutions\/emballage-primaire\/converting-films\/alimentation-animale\/\",\"name\":\"Films secteur alimentation animale | Converting films | Packaging primaire | Plastigaur\",\"isPartOf\":{\"@id\":\"https:\/\/www.plastigaur.com\/fr\/#website\"},\"datePublished\":\"2020-07-28T05:58:13+00:00\",\"dateModified\":\"2020-08-06T08:40:49+00:00\",\"description\":\"Films secteur alimentation animale | Plastigaur propose une grande vari\u00e9t\u00e9 de films monocouche et de films \u00e0 structure lamin\u00e9e pour le secteur de l'alimentation animale\",\"breadcrumb\":{\"@id\":\"https:\/\/www.plastigaur.com\/fr\/solutions\/emballage-primaire\/converting-films\/alimentation-animale\/#breadcrumb\"},\"inLanguage\":\"fr-FR\",\"potentialAction\":[{\"@type\":\"ReadAction\",\"target\":[\"https:\/\/www.plastigaur.com\/fr\/solutions\/emballage-primaire\/converting-films\/alimentation-animale\/\"]}]},{\"@type\":\"BreadcrumbList\",\"@id\":\"https:\/\/www.plastigaur.com\/fr\/solutions\/emballage-primaire\/converting-films\/alimentation-animale\/#breadcrumb\",\"itemListElement\":[{\"@type\":\"ListItem\",\"position\":1,\"name\":\"ACCUEIL\",\"item\":\"https:\/\/www.plastigaur.com\/fr\/\"},{\"@type\":\"ListItem\",\"position\":2,\"name\":\"SOLUTIONS\",\"item\":\"https:\/\/www.plastigaur.com\/fr\/solutions\/\"},{\"@type\":\"ListItem\",\"position\":3,\"name\":\"EMBALLAGE PRIMAIRE\",\"item\":\"https:\/\/www.plastigaur.com\/fr\/solutions\/emballage-primaire\/\"},{\"@type\":\"ListItem\",\"position\":4,\"name\":\"CONVERTING FILMS\",\"item\":\"https:\/\/www.plastigaur.com\/fr\/solutions\/emballage-primaire\/converting-films\/\"},{\"@type\":\"ListItem\",\"position\":5,\"name\":\"ALIMENTATION ANIMALE\"}]},{\"@type\":\"WebSite\",\"@id\":\"https:\/\/www.plastigaur.com\/fr\/#website\",\"url\":\"https:\/\/www.plastigaur.com\/fr\/\",\"name\":\"Plastigaur\",\"description\":\"Envases y Embalajes\",\"publisher\":{\"@id\":\"https:\/\/www.plastigaur.com\/fr\/#organization\"},\"potentialAction\":[{\"@type\":\"SearchAction\",\"target\":{\"@type\":\"EntryPoint\",\"urlTemplate\":\"https:\/\/www.plastigaur.com\/fr\/?s={search_term_string}\"},\"query-input\":{\"@type\":\"PropertyValueSpecification\",\"valueRequired\":true,\"valueName\":\"search_term_string\"}}],\"inLanguage\":\"fr-FR\"},{\"@type\":\"Organization\",\"@id\":\"https:\/\/www.plastigaur.com\/fr\/#organization\",\"name\":\"Plastigaur\",\"url\":\"https:\/\/www.plastigaur.com\/fr\/\",\"logo\":{\"@type\":\"ImageObject\",\"inLanguage\":\"fr-FR\",\"@id\":\"https:\/\/www.plastigaur.com\/fr\/#\/schema\/logo\/image\/\",\"url\":\"https:\/\/www.plastigaur.com\/wp-content\/uploads\/2020\/05\/Plastigaur-envases-y-embalajes-sostenibles.png\",\"contentUrl\":\"https:\/\/www.plastigaur.com\/wp-content\/uploads\/2020\/05\/Plastigaur-envases-y-embalajes-sostenibles.png\",\"width\":400,\"height\":110,\"caption\":\"Plastigaur\"},\"image\":{\"@id\":\"https:\/\/www.plastigaur.com\/fr\/#\/schema\/logo\/image\/\"},\"sameAs\":[\"https:\/\/www.linkedin.com\/company\/plastigaur\/\"]}]}<\/script>\n<!-- \/ Yoast SEO plugin. -->","yoast_head_json":{"title":"Films secteur alimentation animale | Converting films | Packaging primaire | Plastigaur","description":"Films secteur alimentation animale | Plastigaur propose une grande vari\u00e9t\u00e9 de films monocouche et de films \u00e0 structure lamin\u00e9e pour le secteur de l'alimentation animale","robots":{"index":"index","follow":"follow","max-snippet":"max-snippet:-1","max-image-preview":"max-image-preview:large","max-video-preview":"max-video-preview:-1"},"canonical":"https:\/\/www.plastigaur.com\/fr\/solutions\/emballage-primaire\/converting-films\/alimentation-animale\/","og_locale":"fr_FR","og_type":"article","og_title":"Films secteur alimentation animale | Converting films | Packaging primaire | Plastigaur","og_description":"Films secteur alimentation animale | Plastigaur propose une grande vari\u00e9t\u00e9 de films monocouche et de films \u00e0 structure lamin\u00e9e pour le secteur de l'alimentation animale","og_url":"https:\/\/www.plastigaur.com\/fr\/solutions\/emballage-primaire\/converting-films\/alimentation-animale\/","og_site_name":"Plastigaur","article_modified_time":"2020-08-06T08:40:49+00:00","og_image":[{"url":"https:\/\/www.plastigaur.com\/wp-content\/uploads\/2020\/06\/Plastigaur-Ecodise\u00f1o-Reciclabilidad-Sostenibilidad-Ekogaur-HOJA-11.png","type":"","width":"","height":""}],"twitter_card":"summary_large_image","twitter_misc":{"Dur\u00e9e de lecture estim\u00e9e":"3 minutes"},"schema":{"@context":"https:\/\/schema.org","@graph":[{"@type":"WebPage","@id":"https:\/\/www.plastigaur.com\/fr\/solutions\/emballage-primaire\/converting-films\/alimentation-animale\/","url":"https:\/\/www.plastigaur.com\/fr\/solutions\/emballage-primaire\/converting-films\/alimentation-animale\/","name":"Films secteur alimentation animale | Converting films | Packaging primaire | Plastigaur","isPartOf":{"@id":"https:\/\/www.plastigaur.com\/fr\/#website"},"datePublished":"2020-07-28T05:58:13+00:00","dateModified":"2020-08-06T08:40:49+00:00","description":"Films secteur alimentation animale | Plastigaur propose une grande vari\u00e9t\u00e9 de films monocouche et de films \u00e0 structure lamin\u00e9e pour le secteur de l'alimentation animale","breadcrumb":{"@id":"https:\/\/www.plastigaur.com\/fr\/solutions\/emballage-primaire\/converting-films\/alimentation-animale\/#breadcrumb"},"inLanguage":"fr-FR","potentialAction":[{"@type":"ReadAction","target":["https:\/\/www.plastigaur.com\/fr\/solutions\/emballage-primaire\/converting-films\/alimentation-animale\/"]}]},{"@type":"BreadcrumbList","@id":"https:\/\/www.plastigaur.com\/fr\/solutions\/emballage-primaire\/converting-films\/alimentation-animale\/#breadcrumb","itemListElement":[{"@type":"ListItem","position":1,"name":"ACCUEIL","item":"https:\/\/www.plastigaur.com\/fr\/"},{"@type":"ListItem","position":2,"name":"SOLUTIONS","item":"https:\/\/www.plastigaur.com\/fr\/solutions\/"},{"@type":"ListItem","position":3,"name":"EMBALLAGE PRIMAIRE","item":"https:\/\/www.plastigaur.com\/fr\/solutions\/emballage-primaire\/"},{"@type":"ListItem","position":4,"name":"CONVERTING FILMS","item":"https:\/\/www.plastigaur.com\/fr\/solutions\/emballage-primaire\/converting-films\/"},{"@type":"ListItem","position":5,"name":"ALIMENTATION ANIMALE"}]},{"@type":"WebSite","@id":"https:\/\/www.plastigaur.com\/fr\/#website","url":"https:\/\/www.plastigaur.com\/fr\/","name":"Plastigaur","description":"Envases y Embalajes","publisher":{"@id":"https:\/\/www.plastigaur.com\/fr\/#organization"},"potentialAction":[{"@type":"SearchAction","target":{"@type":"EntryPoint","urlTemplate":"https:\/\/www.plastigaur.com\/fr\/?s={search_term_string}"},"query-input":{"@type":"PropertyValueSpecification","valueRequired":true,"valueName":"search_term_string"}}],"inLanguage":"fr-FR"},{"@type":"Organization","@id":"https:\/\/www.plastigaur.com\/fr\/#organization","name":"Plastigaur","url":"https:\/\/www.plastigaur.com\/fr\/","logo":{"@type":"ImageObject","inLanguage":"fr-FR","@id":"https:\/\/www.plastigaur.com\/fr\/#\/schema\/logo\/image\/","url":"https:\/\/www.plastigaur.com\/wp-content\/uploads\/2020\/05\/Plastigaur-envases-y-embalajes-sostenibles.png","contentUrl":"https:\/\/www.plastigaur.com\/wp-content\/uploads\/2020\/05\/Plastigaur-envases-y-embalajes-sostenibles.png","width":400,"height":110,"caption":"Plastigaur"},"image":{"@id":"https:\/\/www.plastigaur.com\/fr\/#\/schema\/logo\/image\/"},"sameAs":["https:\/\/www.linkedin.com\/company\/plastigaur\/"]}]}},"_links":{"self":[{"href":"https:\/\/www.plastigaur.com\/fr\/wp-json\/wp\/v2\/pages\/4207","targetHints":{"allow":["GET"]}}],"collection":[{"href":"https:\/\/www.plastigaur.com\/fr\/wp-json\/wp\/v2\/pages"}],"about":[{"href":"https:\/\/www.plastigaur.com\/fr\/wp-json\/wp\/v2\/types\/page"}],"author":[{"embeddable":true,"href":"https:\/\/www.plastigaur.com\/fr\/wp-json\/wp\/v2\/users\/1"}],"replies":[{"embeddable":true,"href":"https:\/\/www.plastigaur.com\/fr\/wp-json\/wp\/v2\/comments?post=4207"}],"version-history":[{"count":15,"href":"https:\/\/www.plastigaur.com\/fr\/wp-json\/wp\/v2\/pages\/4207\/revisions"}],"predecessor-version":[{"id":5588,"href":"https:\/\/www.plastigaur.com\/fr\/wp-json\/wp\/v2\/pages\/4207\/revisions\/5588"}],"up":[{"embeddable":true,"href":"https:\/\/www.plastigaur.com\/fr\/wp-json\/wp\/v2\/pages\/4186"}],"wp:attachment":[{"href":"https:\/\/www.plastigaur.com\/fr\/wp-json\/wp\/v2\/media?parent=4207"}],"curies":[{"name":"wp","href":"https:\/\/api.w.org\/{rel}","templated":true}]}}