{"id":4186,"date":"2020-07-28T07:58:03","date_gmt":"2020-07-28T05:58:03","guid":{"rendered":"https:\/\/www.plastigaur.com\/converting-films\/"},"modified":"2020-08-04T10:22:37","modified_gmt":"2020-08-04T08:22:37","slug":"converting-films","status":"publish","type":"page","link":"https:\/\/www.plastigaur.com\/fr\/solutions\/emballage-primaire\/converting-films\/","title":{"rendered":"CONVERTING FILMS"},"content":{"rendered":"<p>[vc_row][vc_column][vc_column_text el_class=\u00a0\u00bbmigas-pan\u00a0\u00bb css=\u00a0\u00bb.vc_custom_1589823403279{margin-top: 10px !important;margin-bottom: 20px !important;}\u00a0\u00bb]<div class=\"bc-type-left2 bc-effect-mouse bc-color-dark page-heading\"><div class=\"container a-center pos-relative\"><a href=\"https:\/\/www.plastigaur.com\/fr\/\">ACCUEIL<\/a><\/div><\/div>[\/vc_column_text][\/vc_column][\/vc_row][vc_row][vc_column][vc_empty_space height=\u00a0\u00bb30px\u00a0\u00bb][\/vc_column][\/vc_row][vc_row equal_height=\u00a0\u00bbyes\u00a0\u00bb content_placement=\u00a0\u00bbtop\u00a0\u00bb et_uniqid=\u00a0\u00bbet_custom_uniqid_5eb442e10715b\u00a0\u00bb css=\u00a0\u00bb.vc_custom_1591887799544{margin-right: 10% !important;margin-left: 10% !important;}\u00a0\u00bb _et_uniqid=\u00a0\u00bbet_custom_uniqid_new_5ee247a53300b\u00a0\u00bb][vc_column width=\u00a0\u00bb1\/2&Prime;][vc_column_text css=\u00a0\u00bb.vc_custom_1591887875119{margin-bottom: 0px !important;}\u00a0\u00bb]<\/p>\n<p style=\"text-align: right;\"><span class=\"titulo\" style=\"color: #ffffff;\"><span class=\"titulo\" style=\"font-size: 60px; line-height: 60px; color: #009739;\">Converting<br \/>\nfilms<\/span><\/span><\/p>\n<p>[\/vc_column_text][\/vc_column][vc_column width=\u00a0\u00bb1\/2&Prime;][vc_column_text css=\u00a0\u00bb.vc_custom_1596528766431{margin-top: 0px !important;padding-top: 0px !important;}\u00a0\u00bb]<\/p>\n<p style=\"text-align: left;\">Nous proposons des films aux propri\u00e9t\u00e9s barri\u00e8res optimales pour:<\/p>\n<ul style=\"padding-left: 40px;\">\n<li style=\"text-align: left;\">pr\u00e9server les propri\u00e9t\u00e9s nutritionnelles<\/li>\n<li style=\"text-align: left;\">prolonger la dur\u00e9e de vie<\/li>\n<li style=\"text-align: left;\">garantir les exigences de s\u00e9curit\u00e9 et hygi\u00e8ne<\/li>\n<\/ul>\n<p>avec un maximum de flexibilit\u00e9 dans la gestion gr\u00e2ce \u00e0 l\u2019int\u00e9gration de l\u2019extrusion, l\u2019\u00a1mpression et le laminage.[\/vc_column_text][\/vc_column][\/vc_row][vc_row][vc_column][vc_empty_space height=\u00a0\u00bb30px\u00a0\u00bb][\/vc_column][\/vc_row][vc_row et_uniqid=\u00a0\u00bbet_custom_uniqid_5eb442ef915ad\u00a0\u00bb css=\u00a0\u00bb.vc_custom_1591887814111{margin-right: 10% !important;margin-left: 10% !important;}\u00a0\u00bb _et_uniqid=\u00a0\u00bbet_custom_uniqid_new_5ee247bdbcd23&Prime;][vc_column width=\u00a0\u00bb1\/3&Prime;][vc_single_image image=\u00a0\u00bb980&Prime; img_size=\u00a0\u00bbfull\u00a0\u00bb alignment=\u00a0\u00bbcenter\u00a0\u00bb onclick=\u00a0\u00bbcustom_link\u00a0\u00bb link=\u00a0\u00bbhttps:\/\/www.plastigaur.com\/fr\/solutions\/emballage-primaire\/converting-films\/alimentation\/alimentation-seche\/\u00a0\u00bb][vc_column_text css=\u00a0\u00bb.vc_custom_1596529353389{margin-top: 0px !important;padding-top: 0px !important;}\u00a0\u00bb]<\/p>\n<p style=\"text-align: center;\"><span style=\"color: #005776; font-size: 18px; line-height: 18px;\"><a style=\"color: #005776;\" href=\"https:\/\/www.plastigaur.com\/soluciones\/packaging-primario\/converting-films\/alimentacion\/alimentacion-seca\/\"><strong>ALIMENTATION <\/strong><\/a><br \/>\n<\/span><\/p>\n<p style=\"text-align: left;\"><span style=\"color: #005776;\"><span style=\"font-size: 18px; line-height: 18px;\"><a style=\"color: #005776;\" href=\"https:\/\/www.plastigaur.com\/soluciones\/packaging-primario\/converting-films\/alimentacion\/alimentacion-seca\/\">ALIMENTATION S\u00c8CHE<\/a><br \/>\n<a style=\"color: #005776;\" href=\"https:\/\/www.plastigaur.com\/fr\/solutions\/emballage-primaire\/converting-films\/alimentation\/surgeles\/\">SURGEL\u00c9S<\/a><br \/>\n<a style=\"color: #005776;\" href=\"https:\/\/www.plastigaur.com\/fr\/solutions\/emballage-primaire\/converting-films\/alimentation\/produits-frais\/\">PRODUITS FRAIS<\/a><br \/>\n<a style=\"color: #005776;\" href=\"https:\/\/www.plastigaur.com\/fr\/solutions\/emballage-primaire\/converting-films\/alimentation\/viennoiseries\/\">VIENNOISERIES<\/a><br \/>\n<\/span><span style=\"font-size: 18px; line-height: 18px;\"><a style=\"color: #005776;\" href=\"https:\/\/www.plastigaur.com\/fr\/solutions\/emballage-primaire\/converting-films\/alimentation\/fruits-et-legumes-iv-gamme\/\">FRUITS ET L\u00c9GUMES IV GAMME<\/a><br \/>\n<a style=\"color: #005776;\" href=\"https:\/\/www.plastigaur.com\/fr\/solutions\/emballage-primaire\/converting-films\/alimentation\/sucreries-et-gourmandises\/\">SUCRERIES ET GOURMANDISES <\/a><br \/>\n<a style=\"color: #005776;\" href=\"https:\/\/www.plastigaur.com\/fr\/solutions\/emballage-primaire\/converting-films\/alimentation\/snacks-et-fruits-secs\/\">SNACKS ET FRUITS SECS<\/a><\/span><\/span><\/p>\n<p>[\/vc_column_text][vc_column_text]<\/p>\n<p style=\"text-align: right;\"><a href=\"https:\/\/www.plastigaur.com\/fr\/solutions\/emballage-primaire\/converting-films\/alimentation\/alimentation-seche\/\"><span style=\"color: #009739;\">en savoir plus \u2192<\/span><\/a><\/p>\n<p>[\/vc_column_text][\/vc_column][vc_column width=\u00a0\u00bb1\/3&Prime;][vc_single_image image=\u00a0\u00bb3798&Prime; img_size=\u00a0\u00bbfull\u00a0\u00bb alignment=\u00a0\u00bbcenter\u00a0\u00bb onclick=\u00a0\u00bbcustom_link\u00a0\u00bb link=\u00a0\u00bbhttps:\/\/www.plastigaur.com\/fr\/solutions\/emballage-primaire\/converting-films\/hygiene\/lingettes-humides\/\u00a0\u00bb][vc_column_text css=\u00a0\u00bb.vc_custom_1596529250889{margin-top: 0px !important;padding-top: 0px !important;}\u00a0\u00bb]<\/p>\n<p style=\"text-align: center;\"><span style=\"color: #005776; font-size: 18px; line-height: 18px;\"><a style=\"color: #005776;\" href=\"https:\/\/www.plastigaur.com\/fr\/solutions\/emballage-primaire\/converting-films\/hygiene\/lingettes-humides\/\"><strong>HYGI\u00c8NE<\/strong><\/a><br \/>\n<\/span><\/p>\n<p style=\"text-align: left;\"><span style=\"color: #005776; font-size: 18px; line-height: 18px;\"><a style=\"color: #005776;\" href=\"https:\/\/www.plastigaur.com\/fr\/solutions\/emballage-primaire\/converting-films\/hygiene\/lingettes-humides\/\">LINGETTES HUMIDES <\/a><br \/>\n<a style=\"color: #005776;\" href=\"https:\/\/www.plastigaur.com\/fr\/solutions\/emballage-primaire\/converting-films\/hygiene\/serviettes-et-mouchoirs-en-papier\/\">SERVIETTES ET MOUCHOIRS EN PAPIER<\/a><br \/>\n<a style=\"color: #005776;\" href=\"https:\/\/www.plastigaur.com\/fr\/solutions\/emballage-primaire\/converting-films\/hygiene\/films-detergents\/\">FILMS D\u00c9TERGENTS<\/a><br \/>\n<\/span><\/p>\n<p>[\/vc_column_text][vc_column_text]<\/p>\n<p style=\"text-align: right;\"><a href=\"https:\/\/www.plastigaur.com\/fr\/solutions\/emballage-primaire\/converting-films\/hygiene\/lingettes-humides\/\"><span style=\"color: #009739;\">en savoir plus \u2192<\/span><\/a><\/p>\n<p>[\/vc_column_text][\/vc_column][vc_column width=\u00a0\u00bb1\/3&Prime;][vc_single_image image=\u00a0\u00bb3894&Prime; img_size=\u00a0\u00bbfull\u00a0\u00bb alignment=\u00a0\u00bbcenter\u00a0\u00bb onclick=\u00a0\u00bbcustom_link\u00a0\u00bb link=\u00a0\u00bbhttps:\/\/www.plastigaur.com\/fr\/converting-films\/alimentation-animale\/\u00a0\u00bb][vc_column_text css=\u00a0\u00bb.vc_custom_1596528930066{margin-top: 0px !important;padding-top: 0px !important;}\u00a0\u00bb]<\/p>\n<p style=\"text-align: center;\"><a href=\"https:\/\/www.plastigaur.com\/fr\/converting-films\/alimentation-animale\/\"><span style=\"color: #005776; font-size: 18px; line-height: 18px;\"><strong>PET FOOD<\/strong><\/span><\/a><\/p>\n<p>[\/vc_column_text][vc_column_text]<\/p>\n<p style=\"text-align: right;\"><a href=\"https:\/\/www.plastigaur.com\/fr\/converting-films\/alimentation-animale\/\"><span style=\"color: #009739;\">en savoir plus \u2192<\/span><\/a><\/p>\n<p>[\/vc_column_text][\/vc_column][\/vc_row][vc_row][vc_column][vc_empty_space height=\u00a0\u00bb50px\u00a0\u00bb][\/vc_column][\/vc_row][vc_row full_width=\u00a0\u00bbstretch_row\u00a0\u00bb et_uniqid=\u00a0\u00bbet_custom_uniqid_5eb43f03ab62b\u00a0\u00bb enable_first_overlay=\u00a0\u00bbtrue\u00a0\u00bb first_overlay_opacity=\u00a0\u00bb100&Prime; first_background_type=\u00a0\u00bbgradient\u00a0\u00bb first_background_gradient=\u00a0\u00bb#005776||#009739||0;100||90||linear\u00a0\u00bb _et_uniqid=\u00a0\u00bbet_custom_uniqid_new_5eb43f0401987&Prime;][vc_column][vc_empty_space height=\u00a0\u00bb30px\u00a0\u00bb][\/vc_column][\/vc_row][vc_row][vc_column][vc_empty_space height=\u00a0\u00bb50px\u00a0\u00bb][\/vc_column][\/vc_row][vc_row][vc_column][vc_column_text]<div class=\"vc_row wpb_row vc_row-fluid et_custom_uniqid_69e0fe324edaf mpc-row\"><div class=\"wpb_column vc_column_container vc_col-sm-6 et_custom_uniqid_new_5ec2452a84249 mpc-column\" data-column-id=\"mpc_column-3969e0fe326c65d\"><div class=\"vc_column-inner vc_custom_1589790028258\"><div class=\"wpb_wrapper\"><div class=\"vc_empty_space\" style=\"height: 20px\"><span class=\"vc_empty_space_inner\"><\/span><\/div>\r\n\t<div class=\"wpb_text_column wpb_content_element \">\r\n\t\t<div class=\"wpb_wrapper\">\r\n\t\t\t<p style=\"text-align: left;\"><strong><span class=\"titulo\" style=\"color: #009739; font-size: 80px; line-height: 80px;\">Contactez<\/span><\/strong><br>\n<span class=\"titulo\" style=\"color: #009739; font-size: 60px; line-height: 60px;\">Plastigaur<\/span><\/p>\n\r\n\t\t<\/div>\r\n\t<\/div>\r\n\r\n\t<div class=\"wpb_text_column wpb_content_element  vc_custom_1596534923913\">\r\n\t\t<div class=\"wpb_wrapper\">\r\n\t\t\t<p><span style=\"color: #005776; font-size: 18px; line-height: 18px;\">Si vous avez des questions ou vous souhaitez un devis, n&rsquo;h&eacute;sitez pas &agrave; nous contacter.<\/span><\/p>\n\r\n\t\t<\/div>\r\n\t<\/div>\r\n<div class=\"vc_empty_space\" style=\"height: 32px\"><span class=\"vc_empty_space_inner\"><\/span><\/div>\r\n\t<div class=\"wpb_text_column wpb_content_element  vc_custom_1591885505000\">\r\n\t\t<div class=\"wpb_wrapper\">\r\n\t\t\t<p><strong><a href=\"mailto:plastigaur@plastigaur.com\"><span class=\"mail-movil\" style=\"color: #005776; font-size: 28px; line-height: 28px;\">plastigaur@plastigaur.com<\/span><\/a><\/strong><\/p>\n<p><strong><span style=\"color: #005776; font-size: 28px; line-height: 28px;\">+34 943 59 03 11<\/span><\/strong><\/p>\n\r\n\t\t<\/div>\r\n\t<\/div>\r\n<\/div><\/div><\/div><div class=\"wpb_column vc_column_container vc_col-sm-6 et_custom_uniqid_69e0fe324ed4f mpc-column\" data-column-id=\"mpc_column-3169e0fe3272578\"><div class=\"vc_column-inner\"><div class=\"wpb_wrapper\"><div class=\"vc_empty_space\" style=\"height: 20px\"><span class=\"vc_empty_space_inner\"><\/span><\/div>\n<div class=\"wpcf7 no-js\" id=\"wpcf7-f5102-o1\" lang=\"es-ES\" dir=\"ltr\" data-wpcf7-id=\"5102\">\n<div class=\"screen-reader-response\"><p role=\"status\" aria-live=\"polite\" aria-atomic=\"true\"><\/p> <ul><\/ul><\/div>\n<form action=\"\/fr\/wp-json\/wp\/v2\/pages\/4186#wpcf7-f5102-o1\" method=\"post\" class=\"wpcf7-form init\" aria-label=\"Formulario de contacto\" novalidate=\"novalidate\" data-status=\"init\">\n<fieldset class=\"hidden-fields-container\"><input type=\"hidden\" name=\"_wpcf7\" value=\"5102\"><input type=\"hidden\" name=\"_wpcf7_version\" value=\"6.1.5\"><input type=\"hidden\" name=\"_wpcf7_locale\" value=\"es_ES\"><input type=\"hidden\" name=\"_wpcf7_unit_tag\" value=\"wpcf7-f5102-o1\"><input type=\"hidden\" name=\"_wpcf7_container_post\" value=\"0\"><input type=\"hidden\" name=\"_wpcf7_posted_data_hash\" value=\"\">\n<\/fieldset>\n<p><label> <span class=\"wpcf7-form-control-wrap\" data-name=\"your-name\"><input size=\"40\" maxlength=\"400\" class=\"wpcf7-form-control wpcf7-text wpcf7-validates-as-required\" aria-required=\"true\" aria-invalid=\"false\" placeholder=\"PR&Eacute;NOM ET NOM*\" value=\"\" type=\"text\" name=\"your-name\"><\/span> <\/label>\n<\/p>\n<p><label> <span class=\"wpcf7-form-control-wrap\" data-name=\"compania\"><input size=\"40\" maxlength=\"400\" class=\"wpcf7-form-control wpcf7-text wpcf7-validates-as-required\" aria-required=\"true\" aria-invalid=\"false\" placeholder=\"SOCI&Eacute;T&Eacute;\" value=\"\" type=\"text\" name=\"compania\"><\/span> <\/label>\n<\/p>\n<p><label> <span class=\"wpcf7-form-control-wrap\" data-name=\"your-email\"><input size=\"40\" maxlength=\"400\" class=\"wpcf7-form-control wpcf7-email wpcf7-validates-as-required wpcf7-text wpcf7-validates-as-email\" aria-required=\"true\" aria-invalid=\"false\" placeholder=\"E-MAIL*\" value=\"\" type=\"email\" name=\"your-email\"><\/span><\/label>\n<\/p>\n<p><label> <span class=\"wpcf7-form-control-wrap\" data-name=\"your-subject\"><input size=\"40\" maxlength=\"400\" class=\"wpcf7-form-control wpcf7-tel wpcf7-text wpcf7-validates-as-tel\" aria-invalid=\"false\" placeholder=\"T&Eacute;L&Eacute;PHONE\" value=\"\" type=\"tel\" name=\"your-subject\"><\/span> <\/label>\n<\/p>\n<div class=\"formclasses\">\n\t<div class=\"asunto\">\n\t\t<p>OBJET\n\t\t<\/p>\n\t<\/div>\n\t<div class=\"asuntoinput\">\n\t\t<p><span class=\"wpcf7-form-control-wrap\" data-name=\"asunto\"><select class=\"wpcf7-form-control wpcf7-select wpcf7-validates-as-required\" aria-required=\"true\" aria-invalid=\"false\" name=\"asunto\"><option value=\"Emballage primaire\">Emballage primaire<\/option><option value=\"Emballage secondaire\">Emballage secondaire<\/option><option value=\"Emballage tertiaire\">Emballage tertiaire<\/option><option value=\"Durabilit&eacute;\">Durabilit&eacute;<\/option><option value=\"Autre\">Autre<\/option><\/select><\/span>\n\t\t<\/p>\n\t<\/div>\n<\/div>\n<p><label> <span class=\"wpcf7-form-control-wrap\" data-name=\"your-message\"><textarea cols=\"40\" rows=\"3\" maxlength=\"2000\" class=\"wpcf7-form-control wpcf7-textarea wpcf7-validates-as-required\" aria-required=\"true\" aria-invalid=\"false\" placeholder=\"MESSAGE*\" name=\"your-message\"><\/textarea><\/span> <\/label>\n<\/p>\n<p><span class=\"wpcf7-form-control-wrap\" data-name=\"aceptar\"><span class=\"wpcf7-form-control wpcf7-acceptance\"><span class=\"wpcf7-list-item\"><label><input type=\"checkbox\" name=\"aceptar\" value=\"1\" aria-invalid=\"false\"><span class=\"wpcf7-list-item-label\">J&rsquo;ai lu et j&rsquo;accepte la <a style=\"text-decoration: underline;\" href=\"https:\/\/www.plastigaur.com\/fr\/politique-de-confidentialite\/\"> Politique de Confidentialit&eacute;<\/a>.<\/span><\/label><\/span><\/span><\/span>\n<\/p>\n<p><input class=\"wpcf7-form-control wpcf7-submit has-spinner\" type=\"submit\" value=\"Envoyer\">\n<\/p>\n<p style=\"line-height:0.7;\">\n\t<font size=\"1\">\nResponsable : PLASTIGAUR, S.A. Finalit&eacute; : R&eacute;pondre aux demandes r&eacute;alis&eacute;es L&eacute;gitimation : Consentement de la personne concern&eacute;e Destinataires : Les donn&eacute;es ne seront pas c&eacute;d&eacute;es &agrave; des tiers sauf obligation l&eacute;gale. Droits : Acc&eacute;der, rectifier et supprimer les donn&eacute;es ainsi que d&rsquo;autres droits, comme il est expliqu&eacute; dans l&rsquo;information compl&eacute;mentaire Information compl&eacute;mentaire : Vous pouvez consulter l&rsquo;information compl&eacute;mentaire concernant la Protection des Donn&eacute;es sur notre site web :<a style=\"text-decoration: underline;\" href=\"https:\/\/www.plastigaur.com\/fr\/politique-de-confidentialite\/\"> Politique de Confidentialit&eacute;<\/a>.\n\t<\/font>\n<\/p><p style=\"display: none !important;\" class=\"akismet-fields-container\" data-prefix=\"_wpcf7_ak_\"><label>&Delta;<textarea name=\"_wpcf7_ak_hp_textarea\" cols=\"45\" rows=\"8\" maxlength=\"100\"><\/textarea><\/label><input type=\"hidden\" id=\"ak_js_1\" name=\"_wpcf7_ak_js\" value=\"80\"><script>document.getElementById( \"ak_js_1\" ).setAttribute( \"value\", ( new Date() ).getTime() );<\/script><\/p><div class=\"wpcf7-response-output\" aria-hidden=\"true\"><\/div>\n<\/form>\n<\/div>\n<\/div><\/div><\/div><\/div>[\/vc_column_text][\/vc_column][\/vc_row]<\/p>\n","protected":false},"excerpt":{"rendered":"ACCUEIL Converting films Nous proposons des films aux propri&eacute;t&eacute;s barri&egrave;res optimales pour: pr&eacute;server les propri&eacute;t&eacute;s nutritionnelles prolonger la dur&eacute;e de","protected":false},"author":1,"featured_media":0,"parent":4570,"menu_order":27,"comment_status":"closed","ping_status":"closed","template":"","meta":{"om_disable_all_campaigns":false,"_monsterinsights_skip_tracking":false,"_monsterinsights_sitenote_active":false,"_monsterinsights_sitenote_note":"","_monsterinsights_sitenote_category":0,"_uf_show_specific_survey":0,"_uf_disable_surveys":false,"footnotes":""},"class_list":["post-4186","page","type-page","status-publish","hentry"],"yoast_head":"<!-- This site is optimized with the Yoast SEO plugin v25.8 - https:\/\/yoast.com\/wordpress\/plugins\/seo\/ -->\n<title>Vente converting films | Emballage primaire | Plastigaur<\/title>\n<meta name=\"description\" content=\"Vente converting films | Emballage primaire | Nous proposons des films aux propri\u00e9t\u00e9s optimales de barri\u00e8re | Plastigaur innovation is flexible\" \/>\n<meta name=\"robots\" content=\"index, follow, max-snippet:-1, max-image-preview:large, max-video-preview:-1\" \/>\n<link rel=\"canonical\" href=\"https:\/\/www.plastigaur.com\/fr\/solutions\/emballage-primaire\/converting-films\/\" \/>\n<meta property=\"og:locale\" content=\"fr_FR\" \/>\n<meta property=\"og:type\" content=\"article\" \/>\n<meta property=\"og:title\" content=\"Vente converting films | Emballage primaire | Plastigaur\" \/>\n<meta property=\"og:description\" content=\"Vente converting films | Emballage primaire | Nous proposons des films aux propri\u00e9t\u00e9s optimales de barri\u00e8re | Plastigaur innovation is flexible\" \/>\n<meta property=\"og:url\" content=\"https:\/\/www.plastigaur.com\/fr\/solutions\/emballage-primaire\/converting-films\/\" \/>\n<meta property=\"og:site_name\" content=\"Plastigaur\" \/>\n<meta property=\"article:modified_time\" content=\"2020-08-04T08:22:37+00:00\" \/>\n<meta name=\"twitter:card\" content=\"summary_large_image\" \/>\n<meta name=\"twitter:label1\" content=\"Dur\u00e9e de lecture estim\u00e9e\" \/>\n\t<meta name=\"twitter:data1\" content=\"2 minutes\" \/>\n<script type=\"application\/ld+json\" class=\"yoast-schema-graph\">{\"@context\":\"https:\/\/schema.org\",\"@graph\":[{\"@type\":\"WebPage\",\"@id\":\"https:\/\/www.plastigaur.com\/fr\/solutions\/emballage-primaire\/converting-films\/\",\"url\":\"https:\/\/www.plastigaur.com\/fr\/solutions\/emballage-primaire\/converting-films\/\",\"name\":\"Vente converting films | Emballage primaire | Plastigaur\",\"isPartOf\":{\"@id\":\"https:\/\/www.plastigaur.com\/fr\/#website\"},\"datePublished\":\"2020-07-28T05:58:03+00:00\",\"dateModified\":\"2020-08-04T08:22:37+00:00\",\"description\":\"Vente converting films | Emballage primaire | Nous proposons des films aux propri\u00e9t\u00e9s optimales de barri\u00e8re | Plastigaur innovation is flexible\",\"breadcrumb\":{\"@id\":\"https:\/\/www.plastigaur.com\/fr\/solutions\/emballage-primaire\/converting-films\/#breadcrumb\"},\"inLanguage\":\"fr-FR\",\"potentialAction\":[{\"@type\":\"ReadAction\",\"target\":[\"https:\/\/www.plastigaur.com\/fr\/solutions\/emballage-primaire\/converting-films\/\"]}]},{\"@type\":\"BreadcrumbList\",\"@id\":\"https:\/\/www.plastigaur.com\/fr\/solutions\/emballage-primaire\/converting-films\/#breadcrumb\",\"itemListElement\":[{\"@type\":\"ListItem\",\"position\":1,\"name\":\"ACCUEIL\",\"item\":\"https:\/\/www.plastigaur.com\/fr\/\"},{\"@type\":\"ListItem\",\"position\":2,\"name\":\"SOLUTIONS\",\"item\":\"https:\/\/www.plastigaur.com\/fr\/solutions\/\"},{\"@type\":\"ListItem\",\"position\":3,\"name\":\"EMBALLAGE PRIMAIRE\",\"item\":\"https:\/\/www.plastigaur.com\/fr\/solutions\/emballage-primaire\/\"},{\"@type\":\"ListItem\",\"position\":4,\"name\":\"CONVERTING FILMS\"}]},{\"@type\":\"WebSite\",\"@id\":\"https:\/\/www.plastigaur.com\/fr\/#website\",\"url\":\"https:\/\/www.plastigaur.com\/fr\/\",\"name\":\"Plastigaur\",\"description\":\"Envases y Embalajes\",\"publisher\":{\"@id\":\"https:\/\/www.plastigaur.com\/fr\/#organization\"},\"potentialAction\":[{\"@type\":\"SearchAction\",\"target\":{\"@type\":\"EntryPoint\",\"urlTemplate\":\"https:\/\/www.plastigaur.com\/fr\/?s={search_term_string}\"},\"query-input\":{\"@type\":\"PropertyValueSpecification\",\"valueRequired\":true,\"valueName\":\"search_term_string\"}}],\"inLanguage\":\"fr-FR\"},{\"@type\":\"Organization\",\"@id\":\"https:\/\/www.plastigaur.com\/fr\/#organization\",\"name\":\"Plastigaur\",\"url\":\"https:\/\/www.plastigaur.com\/fr\/\",\"logo\":{\"@type\":\"ImageObject\",\"inLanguage\":\"fr-FR\",\"@id\":\"https:\/\/www.plastigaur.com\/fr\/#\/schema\/logo\/image\/\",\"url\":\"https:\/\/www.plastigaur.com\/wp-content\/uploads\/2020\/05\/Plastigaur-envases-y-embalajes-sostenibles.png\",\"contentUrl\":\"https:\/\/www.plastigaur.com\/wp-content\/uploads\/2020\/05\/Plastigaur-envases-y-embalajes-sostenibles.png\",\"width\":400,\"height\":110,\"caption\":\"Plastigaur\"},\"image\":{\"@id\":\"https:\/\/www.plastigaur.com\/fr\/#\/schema\/logo\/image\/\"},\"sameAs\":[\"https:\/\/www.linkedin.com\/company\/plastigaur\/\"]}]}<\/script>\n<!-- \/ Yoast SEO plugin. -->","yoast_head_json":{"title":"Vente converting films | Emballage primaire | Plastigaur","description":"Vente converting films | Emballage primaire | Nous proposons des films aux propri\u00e9t\u00e9s optimales de barri\u00e8re | Plastigaur innovation is flexible","robots":{"index":"index","follow":"follow","max-snippet":"max-snippet:-1","max-image-preview":"max-image-preview:large","max-video-preview":"max-video-preview:-1"},"canonical":"https:\/\/www.plastigaur.com\/fr\/solutions\/emballage-primaire\/converting-films\/","og_locale":"fr_FR","og_type":"article","og_title":"Vente converting films | Emballage primaire | Plastigaur","og_description":"Vente converting films | Emballage primaire | Nous proposons des films aux propri\u00e9t\u00e9s optimales de barri\u00e8re | Plastigaur innovation is flexible","og_url":"https:\/\/www.plastigaur.com\/fr\/solutions\/emballage-primaire\/converting-films\/","og_site_name":"Plastigaur","article_modified_time":"2020-08-04T08:22:37+00:00","twitter_card":"summary_large_image","twitter_misc":{"Dur\u00e9e de lecture estim\u00e9e":"2 minutes"},"schema":{"@context":"https:\/\/schema.org","@graph":[{"@type":"WebPage","@id":"https:\/\/www.plastigaur.com\/fr\/solutions\/emballage-primaire\/converting-films\/","url":"https:\/\/www.plastigaur.com\/fr\/solutions\/emballage-primaire\/converting-films\/","name":"Vente converting films | Emballage primaire | Plastigaur","isPartOf":{"@id":"https:\/\/www.plastigaur.com\/fr\/#website"},"datePublished":"2020-07-28T05:58:03+00:00","dateModified":"2020-08-04T08:22:37+00:00","description":"Vente converting films | Emballage primaire | Nous proposons des films aux propri\u00e9t\u00e9s optimales de barri\u00e8re | Plastigaur innovation is flexible","breadcrumb":{"@id":"https:\/\/www.plastigaur.com\/fr\/solutions\/emballage-primaire\/converting-films\/#breadcrumb"},"inLanguage":"fr-FR","potentialAction":[{"@type":"ReadAction","target":["https:\/\/www.plastigaur.com\/fr\/solutions\/emballage-primaire\/converting-films\/"]}]},{"@type":"BreadcrumbList","@id":"https:\/\/www.plastigaur.com\/fr\/solutions\/emballage-primaire\/converting-films\/#breadcrumb","itemListElement":[{"@type":"ListItem","position":1,"name":"ACCUEIL","item":"https:\/\/www.plastigaur.com\/fr\/"},{"@type":"ListItem","position":2,"name":"SOLUTIONS","item":"https:\/\/www.plastigaur.com\/fr\/solutions\/"},{"@type":"ListItem","position":3,"name":"EMBALLAGE PRIMAIRE","item":"https:\/\/www.plastigaur.com\/fr\/solutions\/emballage-primaire\/"},{"@type":"ListItem","position":4,"name":"CONVERTING FILMS"}]},{"@type":"WebSite","@id":"https:\/\/www.plastigaur.com\/fr\/#website","url":"https:\/\/www.plastigaur.com\/fr\/","name":"Plastigaur","description":"Envases y Embalajes","publisher":{"@id":"https:\/\/www.plastigaur.com\/fr\/#organization"},"potentialAction":[{"@type":"SearchAction","target":{"@type":"EntryPoint","urlTemplate":"https:\/\/www.plastigaur.com\/fr\/?s={search_term_string}"},"query-input":{"@type":"PropertyValueSpecification","valueRequired":true,"valueName":"search_term_string"}}],"inLanguage":"fr-FR"},{"@type":"Organization","@id":"https:\/\/www.plastigaur.com\/fr\/#organization","name":"Plastigaur","url":"https:\/\/www.plastigaur.com\/fr\/","logo":{"@type":"ImageObject","inLanguage":"fr-FR","@id":"https:\/\/www.plastigaur.com\/fr\/#\/schema\/logo\/image\/","url":"https:\/\/www.plastigaur.com\/wp-content\/uploads\/2020\/05\/Plastigaur-envases-y-embalajes-sostenibles.png","contentUrl":"https:\/\/www.plastigaur.com\/wp-content\/uploads\/2020\/05\/Plastigaur-envases-y-embalajes-sostenibles.png","width":400,"height":110,"caption":"Plastigaur"},"image":{"@id":"https:\/\/www.plastigaur.com\/fr\/#\/schema\/logo\/image\/"},"sameAs":["https:\/\/www.linkedin.com\/company\/plastigaur\/"]}]}},"_links":{"self":[{"href":"https:\/\/www.plastigaur.com\/fr\/wp-json\/wp\/v2\/pages\/4186","targetHints":{"allow":["GET"]}}],"collection":[{"href":"https:\/\/www.plastigaur.com\/fr\/wp-json\/wp\/v2\/pages"}],"about":[{"href":"https:\/\/www.plastigaur.com\/fr\/wp-json\/wp\/v2\/types\/page"}],"author":[{"embeddable":true,"href":"https:\/\/www.plastigaur.com\/fr\/wp-json\/wp\/v2\/users\/1"}],"replies":[{"embeddable":true,"href":"https:\/\/www.plastigaur.com\/fr\/wp-json\/wp\/v2\/comments?post=4186"}],"version-history":[{"count":5,"href":"https:\/\/www.plastigaur.com\/fr\/wp-json\/wp\/v2\/pages\/4186\/revisions"}],"predecessor-version":[{"id":5053,"href":"https:\/\/www.plastigaur.com\/fr\/wp-json\/wp\/v2\/pages\/4186\/revisions\/5053"}],"up":[{"embeddable":true,"href":"https:\/\/www.plastigaur.com\/fr\/wp-json\/wp\/v2\/pages\/4570"}],"wp:attachment":[{"href":"https:\/\/www.plastigaur.com\/fr\/wp-json\/wp\/v2\/media?parent=4186"}],"curies":[{"name":"wp","href":"https:\/\/api.w.org\/{rel}","templated":true}]}}