{"id":3575,"date":"2020-05-14T16:44:54","date_gmt":"2020-05-14T14:44:54","guid":{"rendered":"https:\/\/www.plastigaur.com\/politica-de-cookies\/"},"modified":"2020-09-28T08:12:54","modified_gmt":"2020-09-28T06:12:54","slug":"politique-des-cookies","status":"publish","type":"page","link":"https:\/\/www.plastigaur.com\/fr\/politique-des-cookies\/","title":{"rendered":"Politique de Cookies"},"content":{"rendered":"<p>&nbsp;<\/p>\n<h1>Politique de Cookies<\/h1>\n<p>&nbsp;<\/p>\n<p style=\"text-align: justify;\">Notre site web utilise des cookies qui am\u00e9lioreront votre exp\u00e9rience en tant qu&rsquo;utilisateur gr\u00e2ce \u00e0 l\u2019analyse de vos habitudes de navigation. Dans les paragraphes suivants, conform\u00e9ment \u00e0 la LSSICE (loi 34\/2002, du 11 juillet, sur les services de la soci\u00e9t\u00e9 de l&rsquo;information et le commerce \u00e9lectronique), nous vous informerons sur ce qu&rsquo;ils sont, ceux que nous utilisons sur notre site web, comment les g\u00e9rer et nous vous demanderons votre consentement pour leur utilisation.<\/p>\n<ol style=\"text-align: justify;\">\n<li><strong>Que sont les cookies <\/strong><\/li>\n<\/ol>\n<p style=\"text-align: justify; padding-left: 40px;\">Les cookies sont des fichiers de texte contenant de petites quantit\u00e9s d&rsquo;informations qui sont stock\u00e9es sur votre ordinateur ou votre appareil \u00e9lectronique via votre navigateur (Internet Explorer, Firefox, Chrome, Safari&#8230;), ou via une application Flash. Les cookies ne peuvent pas ex\u00e9cuter de programmes ni introduire de virus dans votre ordinateur, car ils ne sont que du texte ou des chiffres ; ils ne sont pas capables par eux-m\u00eames d&rsquo;acc\u00e9der \u00e0 des informations personnelles sur votre ordinateur.<\/p>\n<p style=\"text-align: justify; padding-left: 40px;\">Chaque fois que vous visitez les sites, les cookies permettent aux sites de se \u00ab\u00a0souvenir\u00a0\u00bb de vous et de stocker des informations sur vos pr\u00e9f\u00e9rences afin de vous offrir une exp\u00e9rience personnalis\u00e9e, plus facile et plus rapide. Les cookies peuvent avoir de nombreuses fonctions diff\u00e9rentes, telles que permettre une navigation efficace entre les pages, m\u00e9moriser les pr\u00e9f\u00e9rences et, d&rsquo;une mani\u00e8re g\u00e9n\u00e9rale, am\u00e9liorer l&rsquo;exp\u00e9rience de l&rsquo;utilisateur.<\/p>\n<ol style=\"text-align: justify;\" start=\"2\">\n<li><strong>Utilisation des cookies sur www.plastigaur.com<\/strong><\/li>\n<\/ol>\n<p style=\"text-align: justify; padding-left: 40px;\">L&rsquo;objectif est de contr\u00f4ler en permanence le nombre total de visiteurs du site web, le type de navigateur internet (par exemple Netscape Navigator ou Internet Explorer) et le syst\u00e8me d&rsquo;exploitation (par exemple Windows ou Macintosh) utilis\u00e9s par nos visiteurs, afin de contr\u00f4ler les performances de notre site web, de personnaliser et d&rsquo;am\u00e9liorer leur exp\u00e9rience en ligne.<\/p>\n<table>\n<tbody>\n<tr>\n<th>Cookie<\/th>\n<th>Fournisseur<\/th>\n<th>Finalit\u00e9<\/th>\n<th>Type<\/th>\n<th>Expiration<\/th>\n<\/tr>\n<tr>\n<td>_icl_current_language<\/td>\n<td>WordPress<\/td>\n<td>Identifiez le langage de l\u2019usager<\/td>\n<td>okie technique\/propre<\/td>\n<td>1 jour<\/td>\n<\/tr>\n<tr>\n<td>_gat<\/td>\n<td>Google Analytics<\/td>\n<td>Est utilis\u00e9 pour limiter le pourcentage de demandes.<\/td>\n<td>Cookie analytique<\/td>\n<td>Session<\/td>\n<\/tr>\n<tr>\n<td>wpml_browser_redirect_test<\/td>\n<td>WordPress<\/td>\n<td>Permet de d\u00e9tecter la langue de l\u2019utilisateur<\/td>\n<td>Cookie technique \/propre<\/td>\n<td>Session<\/td>\n<\/tr>\n<tr>\n<td>_ga<\/td>\n<td>Google Analytics<\/td>\n<td>Est utilis\u00e9 pour distinguer les utilisateurs.<\/td>\n<td>Cookie analytique<\/td>\n<td>2 ans<\/td>\n<\/tr>\n<tr>\n<td>_gid<\/td>\n<td>Google Analytics<\/td>\n<td>Est utilis\u00e9 pour distinguer les utilisateurs.<\/td>\n<td>Cookie analytique<\/td>\n<td>1 jour<\/td>\n<\/tr>\n<tr>\n<td>_icl_visitor_lang_js<\/td>\n<td>WordPress<\/td>\n<td>Identifie le langage de l\u2019utilisateur<\/td>\n<td>Cookie technique\/propre<\/td>\n<td>1 jour<\/td>\n<\/tr>\n<\/tbody>\n<\/table>\n<ol style=\"text-align: justify;\" start=\"3\">\n<li><strong>Quel type de cookies utilise.<\/strong><\/li>\n<\/ol>\n<p style=\"text-align: justify; padding-left: 40px;\"><strong>Google Analytics,<\/strong>\u00a0est un service d&rsquo;analyse web fourni par Google Inc., une soci\u00e9t\u00e9 du Delaware dont le si\u00e8ge social est situ\u00e9 au 1600 Amphitheatre Parkway, Mountain View (Californie), CA 94043, \u00c9tats-Unis (\u00ab\u00a0Google\u00a0\u00bb).<\/p>\n<p style=\"text-align: justify; padding-left: 40px;\">Google utilise des cookies appel\u00e9s _utma, _utmb, _utmc et _utmz pour analyser les habitudes de navigation des utilisateurs qui acc\u00e8dent aux sites web de ses clients. Ces cookies d&rsquo;analyse nous permettent de reconna\u00eetre et de compter le nombre de visiteurs et de voir comment les utilisateurs se d\u00e9placent sur le site web. Leur but est d&rsquo;analyser l&rsquo;utilisation du site web par les utilisateurs et de nous aider \u00e0 am\u00e9liorer son fonctionnement.<\/p>\n<p style=\"text-align: justify; padding-left: 40px;\">Bien que les cookies soient t\u00e9l\u00e9charg\u00e9s \u00e0 partir du domaine du site Internet visit\u00e9, les informations qui y sont stock\u00e9es sont collect\u00e9es et transmises \u00e0 Google afin que ce dernier puisse fournir le service d&rsquo;analyse. Les informations que Google nous fournit sur les visiteurs sont agr\u00e9g\u00e9es et n&rsquo;indiquent pas les d\u00e9tails de chaque visiteur, mais des valeurs telles que le nombre de visiteurs, les pourcentages relatifs au pays d&rsquo;origine des visiteurs, leur syst\u00e8me d&rsquo;exploitation et le navigateur utilis\u00e9, la dur\u00e9e de la visite et le nombre de pages visit\u00e9es, entre autres.<\/p>\n<p style=\"text-align: justify; padding-left: 40px;\">Vous pouvez en savoir plus sur les r\u00e8gles de Google en mati\u00e8re de confidentialit\u00e9 et de cookies en cliquant sur les liens suivants :<\/p>\n<p style=\"text-align: justify; padding-left: 40px;\"><a href=\"http:\/\/www.google.com\/intl\/es\/analytics\/privacyoverview.html\">http:\/\/www.google.com\/intl\/es\/analytics\/privacyoverview.html<\/a><\/p>\n<p style=\"text-align: justify; padding-left: 40px;\"><a href=\"https:\/\/www.google.com\/analytics\/learn\/privacy.html\">https:\/\/www.google.com\/analytics\/learn\/privacy.html<\/a><\/p>\n<ol style=\"text-align: justify;\" start=\"4\">\n<li><strong>Consentement<\/strong><\/li>\n<\/ol>\n<p style=\"text-align: justify; padding-left: 40px;\">Pour que nous puissions installer les cookies sur votre ordinateur, nous devons avoir votre consentement et celui-ci peut \u00eatre express\u00e9ment demand\u00e9.<\/p>\n<ol style=\"text-align: justify;\" start=\"5\">\n<li><strong>R\u00e9vocation du consentement et d\u00e9sactivation des cookies.<\/strong><\/li>\n<\/ol>\n<p style=\"text-align: justify; padding-left: 40px;\">Si vous d\u00e9cidez de r\u00e9voquer votre consentement plus tard, il vous suffit de cliquer sur le bouton \u00ab\u00a0cookie r\u00e9siduel\u00a0\u00bb et de configurer votre navigateur pour qu&rsquo;il rejette les cookies. Vous devrez \u00e9galement effacer l&rsquo;historique pour supprimer ceux qui sont d\u00e9j\u00e0 install\u00e9s.<\/p>\n<p style=\"text-align: justify; padding-left: 40px;\">En outre, nous vous fournissons ci-dessous des liens vers les informations n\u00e9cessaires sur les navigateurs les plus couramment utilis\u00e9s pour d\u00e9sactiver les cookies :<\/p>\n<table class=\"tabla-cookies\" style=\"margin-left: 40px;\">\n<tbody>\n<tr>\n<td width=\"161\"><strong>Internet Explorer<\/strong><\/td>\n<td width=\"169\"><a href=\"http:\/\/windows.microsoft.com\/es-es\/windows-vista\/block-or-allow-cookies\">En savoir plus<\/a><\/td>\n<\/tr>\n<tr>\n<td width=\"161\"><strong>Firefox<\/strong><\/td>\n<td width=\"169\"><a href=\"http:\/\/windows.microsoft.com\/es-es\/windows-vista\/block-or-allow-cookies\">En savoir plus<\/a><\/td>\n<\/tr>\n<tr>\n<td width=\"161\"><strong>Chrome<\/strong><\/td>\n<td width=\"169\"><a href=\"http:\/\/windows.microsoft.com\/es-es\/windows-vista\/block-or-allow-cookies\">En savoir plus<\/a><\/td>\n<\/tr>\n<tr>\n<td width=\"161\"><strong>Opera<\/strong><\/td>\n<td width=\"169\"><a href=\"http:\/\/windows.microsoft.com\/es-es\/windows-vista\/block-or-allow-cookies\">En savoir plus<\/a><\/td>\n<\/tr>\n<tr>\n<td width=\"161\"><strong>Safari<\/strong><\/td>\n<td width=\"169\"><a href=\"http:\/\/windows.microsoft.com\/es-es\/windows-vista\/block-or-allow-cookies\">En savoir plus<\/a><\/td>\n<\/tr>\n<\/tbody>\n<\/table>\n<p style=\"text-align: justify;\">La politique en mati\u00e8re de cookies peut \u00eatre modifi\u00e9e par\u00a0<a href=\"https:\/\/www.plastigaur.com\/\">www.plastigaur.com<\/a>,<strong>\u00a0<\/strong>nous vous recommandons donc de la lire \u00e0 chaque entr\u00e9e sur le site web.<\/p>\n","protected":false},"excerpt":{"rendered":"<p>&nbsp; Politique de Cookies &nbsp; Notre site web utilise des cookies qui am\u00e9lioreront votre exp\u00e9rience en tant qu&rsquo;utilisateur gr\u00e2ce \u00e0<\/p>\n","protected":false},"author":1,"featured_media":0,"parent":0,"menu_order":99,"comment_status":"closed","ping_status":"closed","template":"","meta":{"om_disable_all_campaigns":false,"_monsterinsights_skip_tracking":false,"_monsterinsights_sitenote_active":false,"_monsterinsights_sitenote_note":"","_monsterinsights_sitenote_category":0,"_uf_show_specific_survey":0,"_uf_disable_surveys":false,"footnotes":""},"class_list":["post-3575","page","type-page","status-publish","hentry"],"yoast_head":"<!-- This site is optimized with the Yoast SEO plugin v25.8 - https:\/\/yoast.com\/wordpress\/plugins\/seo\/ -->\n<title>Politique de Cookies - Plastigaur<\/title>\n<meta name=\"robots\" content=\"noindex, nofollow\" \/>\n<meta property=\"og:locale\" content=\"fr_FR\" \/>\n<meta property=\"og:type\" content=\"article\" \/>\n<meta property=\"og:title\" content=\"Politique de Cookies - Plastigaur\" \/>\n<meta property=\"og:description\" content=\"&nbsp; Politique de Cookies &nbsp; Notre site web utilise des cookies qui am\u00e9lioreront votre exp\u00e9rience en tant qu&rsquo;utilisateur gr\u00e2ce \u00e0\" \/>\n<meta property=\"og:url\" content=\"https:\/\/www.plastigaur.com\/fr\/politique-des-cookies\/\" \/>\n<meta property=\"og:site_name\" content=\"Plastigaur\" \/>\n<meta property=\"article:modified_time\" content=\"2020-09-28T06:12:54+00:00\" \/>\n<meta name=\"twitter:card\" content=\"summary_large_image\" \/>\n<meta name=\"twitter:label1\" content=\"Dur\u00e9e de lecture estim\u00e9e\" \/>\n\t<meta name=\"twitter:data1\" content=\"4 minutes\" \/>\n<script type=\"application\/ld+json\" class=\"yoast-schema-graph\">{\"@context\":\"https:\/\/schema.org\",\"@graph\":[{\"@type\":\"WebPage\",\"@id\":\"https:\/\/www.plastigaur.com\/fr\/politique-des-cookies\/\",\"url\":\"https:\/\/www.plastigaur.com\/fr\/politique-des-cookies\/\",\"name\":\"Politique de Cookies - Plastigaur\",\"isPartOf\":{\"@id\":\"https:\/\/www.plastigaur.com\/fr\/#website\"},\"datePublished\":\"2020-05-14T14:44:54+00:00\",\"dateModified\":\"2020-09-28T06:12:54+00:00\",\"breadcrumb\":{\"@id\":\"https:\/\/www.plastigaur.com\/fr\/politique-des-cookies\/#breadcrumb\"},\"inLanguage\":\"fr-FR\",\"potentialAction\":[{\"@type\":\"ReadAction\",\"target\":[\"https:\/\/www.plastigaur.com\/fr\/politique-des-cookies\/\"]}]},{\"@type\":\"BreadcrumbList\",\"@id\":\"https:\/\/www.plastigaur.com\/fr\/politique-des-cookies\/#breadcrumb\",\"itemListElement\":[{\"@type\":\"ListItem\",\"position\":1,\"name\":\"ACCUEIL\",\"item\":\"https:\/\/www.plastigaur.com\/fr\/\"},{\"@type\":\"ListItem\",\"position\":2,\"name\":\"Politique de Cookies\"}]},{\"@type\":\"WebSite\",\"@id\":\"https:\/\/www.plastigaur.com\/fr\/#website\",\"url\":\"https:\/\/www.plastigaur.com\/fr\/\",\"name\":\"Plastigaur\",\"description\":\"Envases y Embalajes\",\"publisher\":{\"@id\":\"https:\/\/www.plastigaur.com\/fr\/#organization\"},\"potentialAction\":[{\"@type\":\"SearchAction\",\"target\":{\"@type\":\"EntryPoint\",\"urlTemplate\":\"https:\/\/www.plastigaur.com\/fr\/?s={search_term_string}\"},\"query-input\":{\"@type\":\"PropertyValueSpecification\",\"valueRequired\":true,\"valueName\":\"search_term_string\"}}],\"inLanguage\":\"fr-FR\"},{\"@type\":\"Organization\",\"@id\":\"https:\/\/www.plastigaur.com\/fr\/#organization\",\"name\":\"Plastigaur\",\"url\":\"https:\/\/www.plastigaur.com\/fr\/\",\"logo\":{\"@type\":\"ImageObject\",\"inLanguage\":\"fr-FR\",\"@id\":\"https:\/\/www.plastigaur.com\/fr\/#\/schema\/logo\/image\/\",\"url\":\"https:\/\/www.plastigaur.com\/wp-content\/uploads\/2020\/05\/Plastigaur-envases-y-embalajes-sostenibles.png\",\"contentUrl\":\"https:\/\/www.plastigaur.com\/wp-content\/uploads\/2020\/05\/Plastigaur-envases-y-embalajes-sostenibles.png\",\"width\":400,\"height\":110,\"caption\":\"Plastigaur\"},\"image\":{\"@id\":\"https:\/\/www.plastigaur.com\/fr\/#\/schema\/logo\/image\/\"},\"sameAs\":[\"https:\/\/www.linkedin.com\/company\/plastigaur\/\"]}]}<\/script>\n<!-- \/ Yoast SEO plugin. -->","yoast_head_json":{"title":"Politique de Cookies - Plastigaur","robots":{"index":"noindex","follow":"nofollow"},"og_locale":"fr_FR","og_type":"article","og_title":"Politique de Cookies - Plastigaur","og_description":"&nbsp; Politique de Cookies &nbsp; Notre site web utilise des cookies qui am\u00e9lioreront votre exp\u00e9rience en tant qu&rsquo;utilisateur gr\u00e2ce \u00e0","og_url":"https:\/\/www.plastigaur.com\/fr\/politique-des-cookies\/","og_site_name":"Plastigaur","article_modified_time":"2020-09-28T06:12:54+00:00","twitter_card":"summary_large_image","twitter_misc":{"Dur\u00e9e de lecture estim\u00e9e":"4 minutes"},"schema":{"@context":"https:\/\/schema.org","@graph":[{"@type":"WebPage","@id":"https:\/\/www.plastigaur.com\/fr\/politique-des-cookies\/","url":"https:\/\/www.plastigaur.com\/fr\/politique-des-cookies\/","name":"Politique de Cookies - Plastigaur","isPartOf":{"@id":"https:\/\/www.plastigaur.com\/fr\/#website"},"datePublished":"2020-05-14T14:44:54+00:00","dateModified":"2020-09-28T06:12:54+00:00","breadcrumb":{"@id":"https:\/\/www.plastigaur.com\/fr\/politique-des-cookies\/#breadcrumb"},"inLanguage":"fr-FR","potentialAction":[{"@type":"ReadAction","target":["https:\/\/www.plastigaur.com\/fr\/politique-des-cookies\/"]}]},{"@type":"BreadcrumbList","@id":"https:\/\/www.plastigaur.com\/fr\/politique-des-cookies\/#breadcrumb","itemListElement":[{"@type":"ListItem","position":1,"name":"ACCUEIL","item":"https:\/\/www.plastigaur.com\/fr\/"},{"@type":"ListItem","position":2,"name":"Politique de Cookies"}]},{"@type":"WebSite","@id":"https:\/\/www.plastigaur.com\/fr\/#website","url":"https:\/\/www.plastigaur.com\/fr\/","name":"Plastigaur","description":"Envases y Embalajes","publisher":{"@id":"https:\/\/www.plastigaur.com\/fr\/#organization"},"potentialAction":[{"@type":"SearchAction","target":{"@type":"EntryPoint","urlTemplate":"https:\/\/www.plastigaur.com\/fr\/?s={search_term_string}"},"query-input":{"@type":"PropertyValueSpecification","valueRequired":true,"valueName":"search_term_string"}}],"inLanguage":"fr-FR"},{"@type":"Organization","@id":"https:\/\/www.plastigaur.com\/fr\/#organization","name":"Plastigaur","url":"https:\/\/www.plastigaur.com\/fr\/","logo":{"@type":"ImageObject","inLanguage":"fr-FR","@id":"https:\/\/www.plastigaur.com\/fr\/#\/schema\/logo\/image\/","url":"https:\/\/www.plastigaur.com\/wp-content\/uploads\/2020\/05\/Plastigaur-envases-y-embalajes-sostenibles.png","contentUrl":"https:\/\/www.plastigaur.com\/wp-content\/uploads\/2020\/05\/Plastigaur-envases-y-embalajes-sostenibles.png","width":400,"height":110,"caption":"Plastigaur"},"image":{"@id":"https:\/\/www.plastigaur.com\/fr\/#\/schema\/logo\/image\/"},"sameAs":["https:\/\/www.linkedin.com\/company\/plastigaur\/"]}]}},"_links":{"self":[{"href":"https:\/\/www.plastigaur.com\/fr\/wp-json\/wp\/v2\/pages\/3575","targetHints":{"allow":["GET"]}}],"collection":[{"href":"https:\/\/www.plastigaur.com\/fr\/wp-json\/wp\/v2\/pages"}],"about":[{"href":"https:\/\/www.plastigaur.com\/fr\/wp-json\/wp\/v2\/types\/page"}],"author":[{"embeddable":true,"href":"https:\/\/www.plastigaur.com\/fr\/wp-json\/wp\/v2\/users\/1"}],"replies":[{"embeddable":true,"href":"https:\/\/www.plastigaur.com\/fr\/wp-json\/wp\/v2\/comments?post=3575"}],"version-history":[{"count":4,"href":"https:\/\/www.plastigaur.com\/fr\/wp-json\/wp\/v2\/pages\/3575\/revisions"}],"predecessor-version":[{"id":6183,"href":"https:\/\/www.plastigaur.com\/fr\/wp-json\/wp\/v2\/pages\/3575\/revisions\/6183"}],"wp:attachment":[{"href":"https:\/\/www.plastigaur.com\/fr\/wp-json\/wp\/v2\/media?parent=3575"}],"curies":[{"name":"wp","href":"https:\/\/api.w.org\/{rel}","templated":true}]}}