{"id":3561,"date":"2020-05-05T10:12:52","date_gmt":"2020-05-05T08:12:52","guid":{"rendered":"https:\/\/www.plastigaur.com\/politica-de-privacidad\/"},"modified":"2020-06-24T11:11:38","modified_gmt":"2020-06-24T09:11:38","slug":"politique-de-confidentialite","status":"publish","type":"page","link":"https:\/\/www.plastigaur.com\/fr\/politique-de-confidentialite\/","title":{"rendered":"Politique de confidentialit\u00e9"},"content":{"rendered":"<p>&nbsp;<\/p>\n<h1>Politique de confidentialit\u00e9<\/h1>\n<p>&nbsp;<\/p>\n<p style=\"text-align: justify;\">La pr\u00e9sente Politique de confidentialit\u00e9, de PLASTIGAUR est destin\u00e9e \u00e0 informer les utilisateurs des fins pour lesquelles leurs donn\u00e9es personnelles recueillies sur ce site Web sont employ\u00e9es, afin qu\u2019ils d\u00e9cident, librement et volontairement, s\u2019ils souhaitent fournir les informations demand\u00e9es. Les donn\u00e9es seront recueillies exclusivement \u00e0 des fins \u00e9tablies, explicites et l\u00e9gitimes, et ne seront pas trait\u00e9es ult\u00e9rieurement par PLASTIGAUR de fa\u00e7on contraire \u00e0 ces finalit\u00e9s.<\/p>\n<p style=\"text-align: justify;\"><strong>Cette Politique de confidentialit\u00e9 peut \u00e9voluer au fil du temps ou \u00eatre mise \u00e0 jour, nous vous recommandons de r\u00e9viser cette page, afin de vous assurer d\u2019\u00eatre d\u2019accord avec ces modifications.<br \/>\n<\/strong><br \/>\n<strong>Qui est le Responsable du traitement de vos donn\u00e9es\u00a0?<\/strong><\/p>\n<p style=\"text-align: justify; padding-left: 40px;\">PLASTIGAUR, S.A. dont le si\u00e8ge social se trouve Avda. Madre C\u00e1ndida 20140 Andoain (Guipuzkoa), est le responsable du traitement des donn\u00e9es personnelles obtenues. Son adresse de courrier \u00e9lectronique est <a href=\"mailto:plastigaur@plastigaur.com\">plastigaur@plastigaur.com<\/a><\/p>\n<p style=\"text-align: justify;\"><strong>Dans quel but les donn\u00e9es personnelles sont-elles trait\u00e9es\u00a0?<\/strong><\/p>\n<p style=\"text-align: justify; padding-left: 40px;\">Chez PLASTIGAUR, nous traitons les informations fournies par les personnes concern\u00e9es, afin de :<br \/>\n1. G\u00e9rer d\u2019\u00e9ventuelles requ\u00eates ou demandes d\u2019informations r\u00e9alis\u00e9es par le biais du site Web. Les donn\u00e9es des personnes concern\u00e9es seront trait\u00e9es, afin de garantir que les demandes effectu\u00e9es soient correctement prises en charge.<\/p>\n<p style=\"text-align: justify; padding-left: 40px;\">Nous nous engageons \u00e0 traiter les informations fournies par les personnes concern\u00e9es de fa\u00e7on confidentielle.<\/p>\n<p style=\"text-align: justify;\"><strong>Combien de temps conserverons-nous vos donn\u00e9es\u00a0?<\/strong><\/p>\n<p style=\"text-align: justify; padding-left: 40px;\">Les donn\u00e9es personnelles fournies seront conserv\u00e9es tant que la personne concern\u00e9e n\u2019en demande pas la suppression.<\/p>\n<p style=\"text-align: justify; padding-left: 40px;\">PLASTIGAUR annulera ou rectifiera les donn\u00e9es si elles sont inexactes ou incompl\u00e8tes, ou deviennent inutiles ou pertinentes pour les fins fix\u00e9es.<\/p>\n<p style=\"text-align: justify;\"><strong>Quelle est la l\u00e9gitimation pour le traitement de vos donn\u00e9es\u00a0?<\/strong><\/p>\n<p style=\"text-align: justify; padding-left: 40px;\">La base juridique du traitement est le propre consentement de la personne concern\u00e9e.<\/p>\n<p style=\"text-align: justify; padding-left: 40px;\">Elle pourra d\u00e9cider librement et volontairement si elle souhaite que nous traitions ces informations. En cas de besoin d\u2019informations de votre part, nous vous demanderons toujours de les fournir volontairement de fa\u00e7on expresse.<\/p>\n<p style=\"text-align: justify;\"><strong>\u00c0 quels destinataires vos donn\u00e9es seront-elles communiqu\u00e9es\u00a0?<\/strong><\/p>\n<p style=\"text-align: justify; padding-left: 40px;\">PLASTIGAUR s\u2019engage \u00e0 ne pas c\u00e9der, vendre ou partager les donn\u00e9es avec des tiers sans votre autorisation expresse, sauf obligation l\u00e9gale.<\/p>\n<p style=\"text-align: justify; padding-left: 40px;\">Nous nous engageons \u00e0 maintenir les donn\u00e9es de fa\u00e7on confidentielle en garantissant l\u2019adoption des mesures n\u00e9cessaires pour \u00e9viter leur alt\u00e9ration, perte, traitement ou acc\u00e8s non autoris\u00e9. Nous avons mis en \u0153uvre les plus hauts niveaux de s\u00e9curit\u00e9 requis par la l\u00e9gislation pour prot\u00e9ger vos donn\u00e9es \u00e0 caract\u00e8re personnel.<\/p>\n<p style=\"text-align: justify;\"><strong>Quels sont vos droits lorsque vous nous fournissez vos donn\u00e9es\u00a0?<\/strong><\/p>\n<p style=\"text-align: justify; padding-left: 40px;\">Toute personne a le droit de savoir si PLASTIGAUR traite ou non des donn\u00e9es personnelles la concernant.<br \/>\nLes personnes concern\u00e9es ont le droit d\u2019acc\u00e9der \u00e0 leurs donn\u00e9es \u00e0 caract\u00e8re personnel, ainsi qu\u2019a demander la rectification des donn\u00e9es inexactes ou, le cas \u00e9ch\u00e9ant, d\u2019en solliciter la suppression lorsqu\u2019entre autres raisons, les donn\u00e9es ne sont plus n\u00e9cessaires aux fins pour lesquelles elles ont \u00e9t\u00e9 recueillies.<\/p>\n<p style=\"text-align: justify; padding-left: 40px;\">Dans certaines circonstances, les personnes concern\u00e9es pourront \u00e9galement solliciter la limitation du traitement de leurs donn\u00e9es, auquel cas elles ne seront conserv\u00e9es que pour l\u2019exercice ou la d\u00e9fense face \u00e0 des r\u00e9clamations. Les personnes concern\u00e9es auront \u00e9galement le droit de retirer leur consentement \u00e0 tout moment, sans affecter la lic\u00e9it\u00e9 du traitement reposant sur le consentement avant son retrait.<\/p>\n<p style=\"text-align: justify;\">Dans certaines circonstances et pour des raisons li\u00e9es \u00e0 leur situation particuli\u00e8re, les personnes concern\u00e9es peuvent s\u2019opposer au traitement de leurs donn\u00e9es. PLASTIGAUR cessera de traiter les donn\u00e9es, sauf pour des raisons l\u00e9gitimes imp\u00e9ratives, ou l\u2019exercice ou la d\u00e9fense face \u00e0 d\u2019\u00e9ventuelles r\u00e9clamations.<\/p>\n<p style=\"text-align: justify;\">L\u2019utilisateur aura le droit de portabilit\u00e9, c\u2019est-\u00e0-dire \u00e0 ce que les donn\u00e9es personnelles qu\u2019il aurait fournies soient transmises directement \u00e0 une autre personne responsable, dans un format structur\u00e9, d\u2019utilisation courante et de lecture m\u00e9canique, dans la mesure du possible.<\/p>\n<p style=\"text-align: justify;\">Le titulaire des donn\u00e9es, ou son repr\u00e9sentant l\u00e9gal, accr\u00e9ditant son identit\u00e9, peut exercer les droits susmentionn\u00e9s en envoyant un message \u00e0 l\u2019adresse de courrier \u00e9lectronique <a href=\"mailto:plastigaur@plastigaur.com\">plastigaur@plastigaur.com<\/a> ou par courrier postal \u00e0\u00a0: Avda. Madre C\u00e1ndida 20140 Andoain (Guipuzkoa).<\/p>\n<p style=\"text-align: justify;\">Vous pouvez obtenir un compl\u00e9ment d\u2019information \u00e0 propos de vos droits aupr\u00e8s de l\u2019Agence espagnole pour la protection des donn\u00e9es \u00e0 l\u2019adresse <a href=\"http:\/\/www.agpd.es\" target=\"_blank\" rel=\"noopener noreferrer\">http:\/\/www.agpd.es<\/a><br \/>\nSi le titulaire des droits n\u2019est pas satisfait du traitement re\u00e7u, il peut recourir \u00e0 l\u2019Agence espagnole de protection des donn\u00e9es, afin d\u2019exercer ses droits de fa\u00e7on effective, en d\u00e9posant une r\u00e9clamation de protection des droits (<a href=\"http:\/\/www.agpd.es\" target=\"_blank\" rel=\"noopener noreferrer\">http:\/\/www.agpd.es<\/a>)<\/p>\n","protected":false},"excerpt":{"rendered":"<p>&nbsp; Politique de confidentialit\u00e9 &nbsp; La pr\u00e9sente Politique de confidentialit\u00e9, de PLASTIGAUR est destin\u00e9e \u00e0 informer les utilisateurs des fins<\/p>\n","protected":false},"author":1,"featured_media":0,"parent":0,"menu_order":99,"comment_status":"closed","ping_status":"closed","template":"","meta":{"om_disable_all_campaigns":false,"_monsterinsights_skip_tracking":false,"_monsterinsights_sitenote_active":false,"_monsterinsights_sitenote_note":"","_monsterinsights_sitenote_category":0,"_uf_show_specific_survey":0,"_uf_disable_surveys":false,"footnotes":""},"class_list":["post-3561","page","type-page","status-publish","hentry"],"yoast_head":"<!-- This site is optimized with the Yoast SEO plugin v25.8 - https:\/\/yoast.com\/wordpress\/plugins\/seo\/ -->\n<title>Politique de confidentialit\u00e9 - Plastigaur<\/title>\n<meta name=\"robots\" content=\"noindex, nofollow\" \/>\n<meta property=\"og:locale\" content=\"fr_FR\" \/>\n<meta property=\"og:type\" content=\"article\" \/>\n<meta property=\"og:title\" content=\"Politique de confidentialit\u00e9 - Plastigaur\" \/>\n<meta property=\"og:description\" content=\"&nbsp; Politique de confidentialit\u00e9 &nbsp; La pr\u00e9sente Politique de confidentialit\u00e9, de PLASTIGAUR est destin\u00e9e \u00e0 informer les utilisateurs des fins\" \/>\n<meta property=\"og:url\" content=\"https:\/\/www.plastigaur.com\/fr\/politique-de-confidentialite\/\" \/>\n<meta property=\"og:site_name\" content=\"Plastigaur\" \/>\n<meta property=\"article:modified_time\" content=\"2020-06-24T09:11:38+00:00\" \/>\n<meta name=\"twitter:card\" content=\"summary_large_image\" \/>\n<meta name=\"twitter:label1\" content=\"Dur\u00e9e de lecture estim\u00e9e\" \/>\n\t<meta name=\"twitter:data1\" content=\"4 minutes\" \/>\n<script type=\"application\/ld+json\" class=\"yoast-schema-graph\">{\"@context\":\"https:\/\/schema.org\",\"@graph\":[{\"@type\":\"WebPage\",\"@id\":\"https:\/\/www.plastigaur.com\/fr\/politique-de-confidentialite\/\",\"url\":\"https:\/\/www.plastigaur.com\/fr\/politique-de-confidentialite\/\",\"name\":\"Politique de confidentialit\u00e9 - Plastigaur\",\"isPartOf\":{\"@id\":\"https:\/\/www.plastigaur.com\/fr\/#website\"},\"datePublished\":\"2020-05-05T08:12:52+00:00\",\"dateModified\":\"2020-06-24T09:11:38+00:00\",\"breadcrumb\":{\"@id\":\"https:\/\/www.plastigaur.com\/fr\/politique-de-confidentialite\/#breadcrumb\"},\"inLanguage\":\"fr-FR\",\"potentialAction\":[{\"@type\":\"ReadAction\",\"target\":[\"https:\/\/www.plastigaur.com\/fr\/politique-de-confidentialite\/\"]}]},{\"@type\":\"BreadcrumbList\",\"@id\":\"https:\/\/www.plastigaur.com\/fr\/politique-de-confidentialite\/#breadcrumb\",\"itemListElement\":[{\"@type\":\"ListItem\",\"position\":1,\"name\":\"ACCUEIL\",\"item\":\"https:\/\/www.plastigaur.com\/fr\/\"},{\"@type\":\"ListItem\",\"position\":2,\"name\":\"Politique de confidentialit\u00e9\"}]},{\"@type\":\"WebSite\",\"@id\":\"https:\/\/www.plastigaur.com\/fr\/#website\",\"url\":\"https:\/\/www.plastigaur.com\/fr\/\",\"name\":\"Plastigaur\",\"description\":\"Envases y Embalajes\",\"publisher\":{\"@id\":\"https:\/\/www.plastigaur.com\/fr\/#organization\"},\"potentialAction\":[{\"@type\":\"SearchAction\",\"target\":{\"@type\":\"EntryPoint\",\"urlTemplate\":\"https:\/\/www.plastigaur.com\/fr\/?s={search_term_string}\"},\"query-input\":{\"@type\":\"PropertyValueSpecification\",\"valueRequired\":true,\"valueName\":\"search_term_string\"}}],\"inLanguage\":\"fr-FR\"},{\"@type\":\"Organization\",\"@id\":\"https:\/\/www.plastigaur.com\/fr\/#organization\",\"name\":\"Plastigaur\",\"url\":\"https:\/\/www.plastigaur.com\/fr\/\",\"logo\":{\"@type\":\"ImageObject\",\"inLanguage\":\"fr-FR\",\"@id\":\"https:\/\/www.plastigaur.com\/fr\/#\/schema\/logo\/image\/\",\"url\":\"https:\/\/www.plastigaur.com\/wp-content\/uploads\/2020\/05\/Plastigaur-envases-y-embalajes-sostenibles.png\",\"contentUrl\":\"https:\/\/www.plastigaur.com\/wp-content\/uploads\/2020\/05\/Plastigaur-envases-y-embalajes-sostenibles.png\",\"width\":400,\"height\":110,\"caption\":\"Plastigaur\"},\"image\":{\"@id\":\"https:\/\/www.plastigaur.com\/fr\/#\/schema\/logo\/image\/\"},\"sameAs\":[\"https:\/\/www.linkedin.com\/company\/plastigaur\/\"]}]}<\/script>\n<!-- \/ Yoast SEO plugin. -->","yoast_head_json":{"title":"Politique de confidentialit\u00e9 - Plastigaur","robots":{"index":"noindex","follow":"nofollow"},"og_locale":"fr_FR","og_type":"article","og_title":"Politique de confidentialit\u00e9 - Plastigaur","og_description":"&nbsp; Politique de confidentialit\u00e9 &nbsp; La pr\u00e9sente Politique de confidentialit\u00e9, de PLASTIGAUR est destin\u00e9e \u00e0 informer les utilisateurs des fins","og_url":"https:\/\/www.plastigaur.com\/fr\/politique-de-confidentialite\/","og_site_name":"Plastigaur","article_modified_time":"2020-06-24T09:11:38+00:00","twitter_card":"summary_large_image","twitter_misc":{"Dur\u00e9e de lecture estim\u00e9e":"4 minutes"},"schema":{"@context":"https:\/\/schema.org","@graph":[{"@type":"WebPage","@id":"https:\/\/www.plastigaur.com\/fr\/politique-de-confidentialite\/","url":"https:\/\/www.plastigaur.com\/fr\/politique-de-confidentialite\/","name":"Politique de confidentialit\u00e9 - Plastigaur","isPartOf":{"@id":"https:\/\/www.plastigaur.com\/fr\/#website"},"datePublished":"2020-05-05T08:12:52+00:00","dateModified":"2020-06-24T09:11:38+00:00","breadcrumb":{"@id":"https:\/\/www.plastigaur.com\/fr\/politique-de-confidentialite\/#breadcrumb"},"inLanguage":"fr-FR","potentialAction":[{"@type":"ReadAction","target":["https:\/\/www.plastigaur.com\/fr\/politique-de-confidentialite\/"]}]},{"@type":"BreadcrumbList","@id":"https:\/\/www.plastigaur.com\/fr\/politique-de-confidentialite\/#breadcrumb","itemListElement":[{"@type":"ListItem","position":1,"name":"ACCUEIL","item":"https:\/\/www.plastigaur.com\/fr\/"},{"@type":"ListItem","position":2,"name":"Politique de confidentialit\u00e9"}]},{"@type":"WebSite","@id":"https:\/\/www.plastigaur.com\/fr\/#website","url":"https:\/\/www.plastigaur.com\/fr\/","name":"Plastigaur","description":"Envases y Embalajes","publisher":{"@id":"https:\/\/www.plastigaur.com\/fr\/#organization"},"potentialAction":[{"@type":"SearchAction","target":{"@type":"EntryPoint","urlTemplate":"https:\/\/www.plastigaur.com\/fr\/?s={search_term_string}"},"query-input":{"@type":"PropertyValueSpecification","valueRequired":true,"valueName":"search_term_string"}}],"inLanguage":"fr-FR"},{"@type":"Organization","@id":"https:\/\/www.plastigaur.com\/fr\/#organization","name":"Plastigaur","url":"https:\/\/www.plastigaur.com\/fr\/","logo":{"@type":"ImageObject","inLanguage":"fr-FR","@id":"https:\/\/www.plastigaur.com\/fr\/#\/schema\/logo\/image\/","url":"https:\/\/www.plastigaur.com\/wp-content\/uploads\/2020\/05\/Plastigaur-envases-y-embalajes-sostenibles.png","contentUrl":"https:\/\/www.plastigaur.com\/wp-content\/uploads\/2020\/05\/Plastigaur-envases-y-embalajes-sostenibles.png","width":400,"height":110,"caption":"Plastigaur"},"image":{"@id":"https:\/\/www.plastigaur.com\/fr\/#\/schema\/logo\/image\/"},"sameAs":["https:\/\/www.linkedin.com\/company\/plastigaur\/"]}]}},"_links":{"self":[{"href":"https:\/\/www.plastigaur.com\/fr\/wp-json\/wp\/v2\/pages\/3561","targetHints":{"allow":["GET"]}}],"collection":[{"href":"https:\/\/www.plastigaur.com\/fr\/wp-json\/wp\/v2\/pages"}],"about":[{"href":"https:\/\/www.plastigaur.com\/fr\/wp-json\/wp\/v2\/types\/page"}],"author":[{"embeddable":true,"href":"https:\/\/www.plastigaur.com\/fr\/wp-json\/wp\/v2\/users\/1"}],"replies":[{"embeddable":true,"href":"https:\/\/www.plastigaur.com\/fr\/wp-json\/wp\/v2\/comments?post=3561"}],"version-history":[{"count":2,"href":"https:\/\/www.plastigaur.com\/fr\/wp-json\/wp\/v2\/pages\/3561\/revisions"}],"predecessor-version":[{"id":3570,"href":"https:\/\/www.plastigaur.com\/fr\/wp-json\/wp\/v2\/pages\/3561\/revisions\/3570"}],"wp:attachment":[{"href":"https:\/\/www.plastigaur.com\/fr\/wp-json\/wp\/v2\/media?parent=3561"}],"curies":[{"name":"wp","href":"https:\/\/api.w.org\/{rel}","templated":true}]}}