{"id":9388,"date":"2022-06-22T10:07:18","date_gmt":"2022-06-22T08:07:18","guid":{"rendered":"https:\/\/www.plastigaur.com\/?page_id=9388"},"modified":"2023-02-22T10:01:35","modified_gmt":"2023-02-22T08:01:35","slug":"produkzioko-langilea","status":"publish","type":"page","link":"https:\/\/www.plastigaur.com\/eu\/egin-lan-gurekin\/produkzioko-langilea\/","title":{"rendered":"Produkzioko Langilea"},"content":{"rendered":"<p>[vc_row][vc_column][vc_column_text el_class=&#8221;migas-pan&#8221; css=&#8221;.vc_custom_1589823403279{margin-top: 10px !important;margin-bottom: 20px !important;}&#8221;]<div class=\"bc-type-left2 bc-effect-mouse bc-color-dark page-heading\"><div class=\"container a-center pos-relative\"><a href=\"https:\/\/www.plastigaur.com\/eu\/\">INICIO<\/a><\/div><\/div>[\/vc_column_text][\/vc_column][\/vc_row][vc_row][vc_column][vc_empty_space height=&#8221;50px&#8221;][vc_column_text]<\/p>\n<p style=\"text-align: left;\"><span style=\"color: #009739;\"><span style=\"font-size: 72px;\">Produkzioko Pertsonala<\/span><\/span><\/p>\n<p>[\/vc_column_text][\/vc_column][\/vc_row][vc_row][vc_column width=&#8221;1\/2&#8243;][vc_column_text css=&#8221;.vc_custom_1655885198386{margin-top: 0px !important;padding-top: 0px !important;}&#8221;]PLASTIGAUR SA, Andoain-en kokatzen den industria- eta kontsumo-sektorerako bilgarriak eta ontzi malguak fabrikatzen dituen enpresak, estrusio-arlorako langileak behar ditu lantaldean.<\/p>\n<p>Arduratsuak, taldean lan egitera ohituak eta zereginarekin eta beren garapenarekin konprometituak diren profesionalen <strong>bila gabiltza<\/strong>, ofizio bat ikasteko prest dauden pertsona moldagarriak.[\/vc_column_text][vc_column_text css=&#8221;.vc_custom_1655885211159{margin-top: 0px !important;padding-top: 0px !important;}&#8221;]<strong>Positiboki baloratuko dira:<\/strong><\/p>\n<ul>\n<li>Industria kimikoaren, paperaren, plastikoaren eta abarren sektoreei eta produkzio-prozesuei buruzko ezagutzak eta\/edo esperientzia.<\/li>\n<li>Goizeko, arratsaldeko eta gaueko txandatan edo 5 txandetara lan egin izana.<\/li>\n<\/ul>\n<p>[\/vc_column_text][\/vc_column][vc_column width=&#8221;1\/2&#8243;][vc_column_text css=&#8221;.vc_custom_1655885232065{margin-top: 0px !important;padding-top: 0px !important;}&#8221;]<strong>Eginkizunak:<\/strong><\/p>\n<p>Estrusioko produkzio-prozesuan laguntzeko berezko zereginak gauzatzea.<\/p>\n<ul>\n<li>Estrusio-makinaren toberak lehengaiekin elikatzea.<\/li>\n<li>Makinan eskaera-aldaketak prestatzea: mandrilak neurtu eta moztea, paletak muntatzea, bobinak erauztea eta pisatzea.<\/li>\n<li>Paletetan jartzea eta produktua etiketatzea, bidaltzeko.<\/li>\n<li>Sekzioa garbi eta ordenatuta mantentzea.<\/li>\n<\/ul>\n<p>[\/vc_column_text][\/vc_column][\/vc_row][vc_row full_width=&#8221;stretch_row&#8221; et_uniqid=&#8221;et_custom_uniqid_5ed52f9e11e99&#8243; enable_first_overlay=&#8221;true&#8221; first_overlay_opacity=&#8221;90&#8243; first_background_color=&#8221;#ffffff&#8221; _et_uniqid=&#8221;et_custom_uniqid_new_5ee356d60bf97&#8243; css=&#8221;.vc_custom_1591957230972{background-image: url(https:\/\/www.plastigaur.com\/wp-content\/uploads\/2020\/06\/Trabaja-con-nosotros-plastigaur-IMG_1352.jpg?id=2613) !important;background-position: center !important;background-repeat: no-repeat !important;background-size: cover !important;}&#8221;][vc_column width=&#8221;1\/6&#8243; et_uniqid=&#8221;et_custom_uniqid_5ec2753dd1c34&#8243; _et_uniqid=&#8221;et_custom_uniqid_new_5ec2758820d18&#8243;][\/vc_column][vc_column width=&#8221;2\/3&#8243; et_uniqid=&#8221;et_custom_uniqid_5ec275aa0a790&#8243; css=&#8221;.vc_custom_1596714474683{padding-left: 10% !important;}&#8221; _et_uniqid=&#8221;et_custom_uniqid_new_5f2bede590afd&#8221;][vc_empty_space height=&#8221;50px&#8221;][vc_empty_space height=&#8221;20px&#8221;]\n<div class=\"wpcf7 no-js\" id=\"wpcf7-f7280-o1\" lang=\"es-ES\" dir=\"ltr\" data-wpcf7-id=\"7280\">\n<div class=\"screen-reader-response\"><p role=\"status\" aria-live=\"polite\" aria-atomic=\"true\"><\/p> <ul><\/ul><\/div>\n<form action=\"\/eu\/wp-json\/wp\/v2\/pages\/9388#wpcf7-f7280-o1\" method=\"post\" class=\"wpcf7-form init\" aria-label=\"Contact form\" enctype=\"multipart\/form-data\" novalidate=\"novalidate\" data-status=\"init\">\n<fieldset class=\"hidden-fields-container\"><input type=\"hidden\" name=\"_wpcf7\" value=\"7280\" \/><input type=\"hidden\" name=\"_wpcf7_version\" value=\"6.1.5\" \/><input type=\"hidden\" name=\"_wpcf7_locale\" value=\"es_ES\" \/><input type=\"hidden\" name=\"_wpcf7_unit_tag\" value=\"wpcf7-f7280-o1\" \/><input type=\"hidden\" name=\"_wpcf7_container_post\" value=\"0\" \/><input type=\"hidden\" name=\"_wpcf7_posted_data_hash\" value=\"\" \/>\n<\/fieldset>\n<p><label> NOMBRE Y APELLIDO*<br \/>\n<span class=\"wpcf7-form-control-wrap\" data-name=\"your-name\"><input size=\"40\" maxlength=\"400\" class=\"wpcf7-form-control wpcf7-text wpcf7-validates-as-required\" aria-required=\"true\" aria-invalid=\"false\" value=\"\" type=\"text\" name=\"your-name\" \/><\/span> <\/label>\n<\/p>\n<p><label> EMAIL*<br \/>\n<span class=\"wpcf7-form-control-wrap\" data-name=\"your-email\"><input size=\"40\" maxlength=\"400\" class=\"wpcf7-form-control wpcf7-email wpcf7-validates-as-required wpcf7-text wpcf7-validates-as-email\" aria-required=\"true\" aria-invalid=\"false\" value=\"\" type=\"email\" name=\"your-email\" \/><\/span><\/label>\n<\/p>\n<p><label> IDIOMAS*<\/label>\n<\/p>\n<p><span class=\"wpcf7-form-control-wrap\" data-name=\"Idioma\"><span class=\"wpcf7-form-control wpcf7-checkbox wpcf7-validates-as-required\" id=\"Idioma\"><span class=\"wpcf7-list-item first\"><label><input type=\"checkbox\" name=\"Idioma[]\" value=\"Euskera\" \/><span class=\"wpcf7-list-item-label\">Euskera<\/span><\/label><\/span><span class=\"wpcf7-list-item\"><label><input type=\"checkbox\" name=\"Idioma[]\" value=\"Franc\u00e9s\" \/><span class=\"wpcf7-list-item-label\">Franc\u00e9s<\/span><\/label><\/span><span class=\"wpcf7-list-item\"><label><input type=\"checkbox\" name=\"Idioma[]\" value=\"Ingl\u00e9s\" \/><span class=\"wpcf7-list-item-label\">Ingl\u00e9s<\/span><\/label><\/span><span class=\"wpcf7-list-item last\"><label><input type=\"checkbox\" name=\"Idioma[]\" value=\"Alem\u00e1n\" \/><span class=\"wpcf7-list-item-label\">Alem\u00e1n<\/span><\/label><\/span><\/span><\/span>\n<\/p>\n<p><label> TEL\u00c9FONO<br \/>\n<span class=\"wpcf7-form-control-wrap\" data-name=\"your-subject\"><input size=\"40\" maxlength=\"400\" class=\"wpcf7-form-control wpcf7-tel wpcf7-text wpcf7-validates-as-tel\" aria-invalid=\"false\" value=\"\" type=\"tel\" name=\"your-subject\" \/><\/span> <\/label>\n<\/p>\n<p><label> EXPERIENCIA*<\/label><br \/>\n<span class=\"wpcf7-form-control-wrap\" data-name=\"Experiencia\"><select class=\"wpcf7-form-control wpcf7-select wpcf7-validates-as-required\" id=\"Experiencia\" aria-required=\"true\" aria-invalid=\"false\" name=\"Experiencia\"><option value=\"\">&#8212;Please choose an option&#8212;<\/option><option value=\"Sin Experiencia\">Sin Experiencia<\/option><option value=\"Junior (-3)\">Junior (-3)<\/option><option value=\"Senior(+3)\">Senior(+3)<\/option><\/select><\/span>\n<\/p>\n<p><label> PUESTO*<\/label><br \/>\n<span class=\"wpcf7-form-control-wrap\" data-name=\"puesto\"><select class=\"wpcf7-form-control wpcf7-select wpcf7-validates-as-required\" id=\"puesto\" aria-required=\"true\" aria-invalid=\"false\" name=\"puesto\"><option value=\"\">&#8212;Please choose an option&#8212;<\/option><option value=\"Administraci\u00f3n o Finanzas\">Administraci\u00f3n o Finanzas<\/option><option value=\"Compras\">Compras<\/option><option value=\"Personas\">Personas<\/option><option value=\"Operaciones\">Operaciones<\/option><option value=\"Operario\">Operario<\/option><option value=\"IT\">IT<\/option><option value=\"QHSE\">QHSE<\/option><option value=\"Comercial o Marketing\">Comercial o Marketing<\/option><option value=\"Sostenibilidad e Innovaci\u00f3n\">Sostenibilidad e Innovaci\u00f3n<\/option><option value=\"Prevenci\u00f3n\">Prevenci\u00f3n<\/option><\/select><\/span>\n<\/p>\n<p><label> MENSAJE*<br \/>\n<span class=\"wpcf7-form-control-wrap\" data-name=\"your-message\"><textarea cols=\"40\" rows=\"3\" maxlength=\"2000\" class=\"wpcf7-form-control wpcf7-textarea wpcf7-validates-as-required\" aria-required=\"true\" aria-invalid=\"false\" name=\"your-message\"><\/textarea><\/span> <\/label>\n<\/p>\n<p><label> ENV\u00cdANOS TU CV (formato pdf)*<br \/>\n<span class=\"wpcf7-form-control-wrap\" data-name=\"archivo\"><input size=\"40\" class=\"wpcf7-form-control wpcf7-file wpcf7-validates-as-required\" accept=\".pdf\" aria-required=\"true\" aria-invalid=\"false\" type=\"file\" name=\"archivo\" \/><\/span><\/label>\n<\/p>\n<p><span class=\"wpcf7-form-control-wrap\" data-name=\"aceptar\"><span class=\"wpcf7-form-control wpcf7-acceptance\"><span class=\"wpcf7-list-item\"><label><input type=\"checkbox\" name=\"aceptar\" value=\"1\" aria-invalid=\"false\" \/><span class=\"wpcf7-list-item-label\">He le\u00eddo y acepto la <a style=\"text-decoration: underline;\" href=\"http:\/\/www.plastigaur.com\/politica-de-privacidad\/\">Pol\u00edtica de Privacidad<\/a>.<\/span><\/label><\/span><\/span><\/span>\n<\/p>\n<p><input class=\"wpcf7-form-control wpcf7-submit has-spinner\" type=\"submit\" value=\"Enviar\" \/>\n<\/p>\n<p style=\"line-height:0.7;\">\n\t<font size=\"1\">\nResponsable: PLASTIGAUR, S.A. | Finalidad: Atender las solicitudes realizadas |Legitimaci\u00f3n: Consentimiento del interesado | Destinatarios: No se ceder\u00e1n datos a terceros, salvo obligaci\u00f3n legal | Derechos: Acceder, rectificar y suprimir los datos, as\u00ed como otros derechos, como se explica en la informaci\u00f3n adicional | Informaci\u00f3n adicional: Puede consultar la informaci\u00f3n adicional y detallada sobre Protecci\u00f3n de Datos en nuestra p\u00e1gina web: <a style=\"text-decoration: underline;\" href=\"http:\/\/www.plastigaur.com\/politica-de-privacidad\/\">Pol\u00edtica de Privacidad<\/a>\n\t<\/font>\n<\/p><p style=\"display: none !important;\" class=\"akismet-fields-container\" data-prefix=\"_wpcf7_ak_\"><label>&#916;<textarea name=\"_wpcf7_ak_hp_textarea\" cols=\"45\" rows=\"8\" maxlength=\"100\"><\/textarea><\/label><input type=\"hidden\" id=\"ak_js_1\" name=\"_wpcf7_ak_js\" value=\"87\"\/><script>document.getElementById( \"ak_js_1\" ).setAttribute( \"value\", ( new Date() ).getTime() );<\/script><\/p><div class=\"wpcf7-response-output\" aria-hidden=\"true\"><\/div>\n<\/form>\n<\/div>\n[vc_empty_space][\/vc_column][vc_column width=&#8221;1\/6&#8243;][\/vc_column][\/vc_row]<\/p>\n","protected":false},"excerpt":{"rendered":"<p>[vc_row][vc_column][vc_column_text el_class=&#8221;migas-pan&#8221; css=&#8221;.vc_custom_1589823403279{margin-top: 10px !important;margin-bottom: 20px !important;}&#8221;][\/vc_column_text][\/vc_column][\/vc_row][vc_row][vc_column][vc_empty_space height=&#8221;50px&#8221;][vc_column_text] Produkzioko Pertsonala [\/vc_column_text][\/vc_column][\/vc_row][vc_row][vc_column width=&#8221;1\/2&#8243;][vc_column_text css=&#8221;.vc_custom_1655885198386{margin-top: 0px !important;padding-top: 0px !important;}&#8221;]PLASTIGAUR SA, Andoain-en kokatzen<\/p>\n","protected":false},"author":6,"featured_media":0,"parent":4443,"menu_order":0,"comment_status":"closed","ping_status":"closed","template":"","meta":{"om_disable_all_campaigns":false,"_monsterinsights_skip_tracking":false,"_monsterinsights_sitenote_active":false,"_monsterinsights_sitenote_note":"","_monsterinsights_sitenote_category":0,"_uf_show_specific_survey":0,"_uf_disable_surveys":false,"footnotes":""},"class_list":["post-9388","page","type-page","status-publish","hentry"],"yoast_head":"<!-- This site is optimized with the Yoast SEO plugin v25.8 - https:\/\/yoast.com\/wordpress\/plugins\/seo\/ -->\n<title>Produkzioko Langilea - Plastigaur<\/title>\n<meta name=\"robots\" content=\"index, follow, max-snippet:-1, max-image-preview:large, max-video-preview:-1\" \/>\n<link rel=\"canonical\" href=\"https:\/\/www.plastigaur.com\/eu\/egin-lan-gurekin\/produkzioko-langilea\/\" \/>\n<meta property=\"og:locale\" content=\"eu_ES\" \/>\n<meta property=\"og:type\" content=\"article\" \/>\n<meta property=\"og:title\" content=\"Produkzioko Langilea - Plastigaur\" \/>\n<meta property=\"og:description\" content=\"[vc_row][vc_column][vc_column_text el_class=&#8221;migas-pan&#8221; css=&#8221;.vc_custom_1589823403279{margin-top: 10px !important;margin-bottom: 20px !important;}&#8221;][\/vc_column_text][\/vc_column][\/vc_row][vc_row][vc_column][vc_empty_space height=&#8221;50px&#8221;][vc_column_text] Produkzioko Pertsonala [\/vc_column_text][\/vc_column][\/vc_row][vc_row][vc_column width=&#8221;1\/2&#8243;][vc_column_text css=&#8221;.vc_custom_1655885198386{margin-top: 0px !important;padding-top: 0px !important;}&#8221;]PLASTIGAUR SA, Andoain-en kokatzen\" \/>\n<meta property=\"og:url\" content=\"https:\/\/www.plastigaur.com\/eu\/egin-lan-gurekin\/produkzioko-langilea\/\" \/>\n<meta property=\"og:site_name\" content=\"Plastigaur\" \/>\n<meta property=\"article:modified_time\" content=\"2023-02-22T08:01:35+00:00\" \/>\n<meta name=\"twitter:card\" content=\"summary_large_image\" \/>\n<meta name=\"twitter:label1\" content=\"Est. reading time\" \/>\n\t<meta name=\"twitter:data1\" content=\"1 minute\" \/>\n<script type=\"application\/ld+json\" class=\"yoast-schema-graph\">{\"@context\":\"https:\/\/schema.org\",\"@graph\":[{\"@type\":\"WebPage\",\"@id\":\"https:\/\/www.plastigaur.com\/eu\/egin-lan-gurekin\/produkzioko-langilea\/\",\"url\":\"https:\/\/www.plastigaur.com\/eu\/egin-lan-gurekin\/produkzioko-langilea\/\",\"name\":\"Produkzioko Langilea - Plastigaur\",\"isPartOf\":{\"@id\":\"https:\/\/www.plastigaur.com\/eu\/#website\"},\"datePublished\":\"2022-06-22T08:07:18+00:00\",\"dateModified\":\"2023-02-22T08:01:35+00:00\",\"breadcrumb\":{\"@id\":\"https:\/\/www.plastigaur.com\/eu\/egin-lan-gurekin\/produkzioko-langilea\/#breadcrumb\"},\"inLanguage\":\"eu-ES\",\"potentialAction\":[{\"@type\":\"ReadAction\",\"target\":[\"https:\/\/www.plastigaur.com\/eu\/egin-lan-gurekin\/produkzioko-langilea\/\"]}]},{\"@type\":\"BreadcrumbList\",\"@id\":\"https:\/\/www.plastigaur.com\/eu\/egin-lan-gurekin\/produkzioko-langilea\/#breadcrumb\",\"itemListElement\":[{\"@type\":\"ListItem\",\"position\":1,\"name\":\"INICIO\",\"item\":\"https:\/\/www.plastigaur.com\/eu\/\"},{\"@type\":\"ListItem\",\"position\":2,\"name\":\"EGIN LAN GUREKIN\",\"item\":\"https:\/\/www.plastigaur.com\/eu\/egin-lan-gurekin\/\"},{\"@type\":\"ListItem\",\"position\":3,\"name\":\"Produkzioko Langilea\"}]},{\"@type\":\"WebSite\",\"@id\":\"https:\/\/www.plastigaur.com\/eu\/#website\",\"url\":\"https:\/\/www.plastigaur.com\/eu\/\",\"name\":\"Plastigaur\",\"description\":\"Envases y Embalajes\",\"publisher\":{\"@id\":\"https:\/\/www.plastigaur.com\/eu\/#organization\"},\"potentialAction\":[{\"@type\":\"SearchAction\",\"target\":{\"@type\":\"EntryPoint\",\"urlTemplate\":\"https:\/\/www.plastigaur.com\/eu\/?s={search_term_string}\"},\"query-input\":{\"@type\":\"PropertyValueSpecification\",\"valueRequired\":true,\"valueName\":\"search_term_string\"}}],\"inLanguage\":\"eu-ES\"},{\"@type\":\"Organization\",\"@id\":\"https:\/\/www.plastigaur.com\/eu\/#organization\",\"name\":\"Plastigaur\",\"url\":\"https:\/\/www.plastigaur.com\/eu\/\",\"logo\":{\"@type\":\"ImageObject\",\"inLanguage\":\"eu-ES\",\"@id\":\"https:\/\/www.plastigaur.com\/eu\/#\/schema\/logo\/image\/\",\"url\":\"https:\/\/www.plastigaur.com\/wp-content\/uploads\/2020\/05\/Plastigaur-envases-y-embalajes-sostenibles.png\",\"contentUrl\":\"https:\/\/www.plastigaur.com\/wp-content\/uploads\/2020\/05\/Plastigaur-envases-y-embalajes-sostenibles.png\",\"width\":400,\"height\":110,\"caption\":\"Plastigaur\"},\"image\":{\"@id\":\"https:\/\/www.plastigaur.com\/eu\/#\/schema\/logo\/image\/\"},\"sameAs\":[\"https:\/\/www.linkedin.com\/company\/plastigaur\/\"]}]}<\/script>\n<!-- \/ Yoast SEO plugin. -->","yoast_head_json":{"title":"Produkzioko Langilea - Plastigaur","robots":{"index":"index","follow":"follow","max-snippet":"max-snippet:-1","max-image-preview":"max-image-preview:large","max-video-preview":"max-video-preview:-1"},"canonical":"https:\/\/www.plastigaur.com\/eu\/egin-lan-gurekin\/produkzioko-langilea\/","og_locale":"eu_ES","og_type":"article","og_title":"Produkzioko Langilea - Plastigaur","og_description":"[vc_row][vc_column][vc_column_text el_class=&#8221;migas-pan&#8221; css=&#8221;.vc_custom_1589823403279{margin-top: 10px !important;margin-bottom: 20px !important;}&#8221;][\/vc_column_text][\/vc_column][\/vc_row][vc_row][vc_column][vc_empty_space height=&#8221;50px&#8221;][vc_column_text] Produkzioko Pertsonala [\/vc_column_text][\/vc_column][\/vc_row][vc_row][vc_column width=&#8221;1\/2&#8243;][vc_column_text css=&#8221;.vc_custom_1655885198386{margin-top: 0px !important;padding-top: 0px !important;}&#8221;]PLASTIGAUR SA, Andoain-en kokatzen","og_url":"https:\/\/www.plastigaur.com\/eu\/egin-lan-gurekin\/produkzioko-langilea\/","og_site_name":"Plastigaur","article_modified_time":"2023-02-22T08:01:35+00:00","twitter_card":"summary_large_image","twitter_misc":{"Est. reading time":"1 minute"},"schema":{"@context":"https:\/\/schema.org","@graph":[{"@type":"WebPage","@id":"https:\/\/www.plastigaur.com\/eu\/egin-lan-gurekin\/produkzioko-langilea\/","url":"https:\/\/www.plastigaur.com\/eu\/egin-lan-gurekin\/produkzioko-langilea\/","name":"Produkzioko Langilea - Plastigaur","isPartOf":{"@id":"https:\/\/www.plastigaur.com\/eu\/#website"},"datePublished":"2022-06-22T08:07:18+00:00","dateModified":"2023-02-22T08:01:35+00:00","breadcrumb":{"@id":"https:\/\/www.plastigaur.com\/eu\/egin-lan-gurekin\/produkzioko-langilea\/#breadcrumb"},"inLanguage":"eu-ES","potentialAction":[{"@type":"ReadAction","target":["https:\/\/www.plastigaur.com\/eu\/egin-lan-gurekin\/produkzioko-langilea\/"]}]},{"@type":"BreadcrumbList","@id":"https:\/\/www.plastigaur.com\/eu\/egin-lan-gurekin\/produkzioko-langilea\/#breadcrumb","itemListElement":[{"@type":"ListItem","position":1,"name":"INICIO","item":"https:\/\/www.plastigaur.com\/eu\/"},{"@type":"ListItem","position":2,"name":"EGIN LAN GUREKIN","item":"https:\/\/www.plastigaur.com\/eu\/egin-lan-gurekin\/"},{"@type":"ListItem","position":3,"name":"Produkzioko Langilea"}]},{"@type":"WebSite","@id":"https:\/\/www.plastigaur.com\/eu\/#website","url":"https:\/\/www.plastigaur.com\/eu\/","name":"Plastigaur","description":"Envases y Embalajes","publisher":{"@id":"https:\/\/www.plastigaur.com\/eu\/#organization"},"potentialAction":[{"@type":"SearchAction","target":{"@type":"EntryPoint","urlTemplate":"https:\/\/www.plastigaur.com\/eu\/?s={search_term_string}"},"query-input":{"@type":"PropertyValueSpecification","valueRequired":true,"valueName":"search_term_string"}}],"inLanguage":"eu-ES"},{"@type":"Organization","@id":"https:\/\/www.plastigaur.com\/eu\/#organization","name":"Plastigaur","url":"https:\/\/www.plastigaur.com\/eu\/","logo":{"@type":"ImageObject","inLanguage":"eu-ES","@id":"https:\/\/www.plastigaur.com\/eu\/#\/schema\/logo\/image\/","url":"https:\/\/www.plastigaur.com\/wp-content\/uploads\/2020\/05\/Plastigaur-envases-y-embalajes-sostenibles.png","contentUrl":"https:\/\/www.plastigaur.com\/wp-content\/uploads\/2020\/05\/Plastigaur-envases-y-embalajes-sostenibles.png","width":400,"height":110,"caption":"Plastigaur"},"image":{"@id":"https:\/\/www.plastigaur.com\/eu\/#\/schema\/logo\/image\/"},"sameAs":["https:\/\/www.linkedin.com\/company\/plastigaur\/"]}]}},"_links":{"self":[{"href":"https:\/\/www.plastigaur.com\/eu\/wp-json\/wp\/v2\/pages\/9388","targetHints":{"allow":["GET"]}}],"collection":[{"href":"https:\/\/www.plastigaur.com\/eu\/wp-json\/wp\/v2\/pages"}],"about":[{"href":"https:\/\/www.plastigaur.com\/eu\/wp-json\/wp\/v2\/types\/page"}],"author":[{"embeddable":true,"href":"https:\/\/www.plastigaur.com\/eu\/wp-json\/wp\/v2\/users\/6"}],"replies":[{"embeddable":true,"href":"https:\/\/www.plastigaur.com\/eu\/wp-json\/wp\/v2\/comments?post=9388"}],"version-history":[{"count":3,"href":"https:\/\/www.plastigaur.com\/eu\/wp-json\/wp\/v2\/pages\/9388\/revisions"}],"predecessor-version":[{"id":10700,"href":"https:\/\/www.plastigaur.com\/eu\/wp-json\/wp\/v2\/pages\/9388\/revisions\/10700"}],"up":[{"embeddable":true,"href":"https:\/\/www.plastigaur.com\/eu\/wp-json\/wp\/v2\/pages\/4443"}],"wp:attachment":[{"href":"https:\/\/www.plastigaur.com\/eu\/wp-json\/wp\/v2\/media?parent=9388"}],"curies":[{"name":"wp","href":"https:\/\/api.w.org\/{rel}","templated":true}]}}