{"id":13143,"date":"2024-07-17T12:56:54","date_gmt":"2024-07-17T10:56:54","guid":{"rendered":"https:\/\/www.plastigaur.com\/?page_id=13143"},"modified":"2024-07-17T12:56:54","modified_gmt":"2024-07-17T10:56:54","slug":"beste-eskaintzak","status":"publish","type":"page","link":"https:\/\/www.plastigaur.com\/eu\/beste-eskaintzak\/","title":{"rendered":"BESTE ESKAINTZAK"},"content":{"rendered":"<p>[vc_row][vc_column][vc_column_text el_class=&#8221;migas-pan&#8221; css=&#8221;.vc_custom_1589823403279{margin-top: 10px !important;margin-bottom: 20px !important;}&#8221;]<div class=\"bc-type-left2 bc-effect-mouse bc-color-dark page-heading\"><div class=\"container a-center pos-relative\"><a href=\"https:\/\/www.plastigaur.com\/eu\/\">INICIO<\/a><\/div><\/div>[\/vc_column_text][\/vc_column][\/vc_row][vc_row full_width=&#8221;stretch_row&#8221; et_uniqid=&#8221;et_custom_uniqid_5ed52f9e11e99&#8243; enable_first_overlay=&#8221;true&#8221; first_overlay_opacity=&#8221;90&#8243; first_background_color=&#8221;#ffffff&#8221; _et_uniqid=&#8221;et_custom_uniqid_new_5ee356d60bf97&#8243; css=&#8221;.vc_custom_1591957230972{background-image: url(https:\/\/www.plastigaur.com\/wp-content\/uploads\/2020\/06\/Trabaja-con-nosotros-plastigaur-IMG_1352.jpg?id=2613) !important;background-position: center !important;background-repeat: no-repeat !important;background-size: cover !important;}&#8221;][vc_column et_uniqid=&#8221;et_custom_uniqid_5ec2753dd1c34&#8243; _et_uniqid=&#8221;et_custom_uniqid_new_5ec2758820d18&#8243;][vc_empty_space height=&#8221;50px&#8221;][vc_column_text]<\/p>\n<p style=\"text-align: left;\"><span class=\"titulo\" style=\"color: #009739; font-size: 55px; line-height: 60px;\">Beste Eskaintzak<\/span><\/p>\n<p>[\/vc_column_text][vc_empty_space height=&#8221;20px&#8221;][vc_column_text css=&#8221;.vc_custom_1721213627391{margin-top: 0px !important;padding-top: 0px !important;}&#8221;]<strong>PLASTIGAUR SA<\/strong>, Andoainen egoitza duen eta <strong>industria eta kontsumo sektorerako bilgarri eta ontzi malguak<\/strong> fabrikatzen dituen enpresa, bere taldera profesionalak gehitu behar ditu.<\/p>\n<p>Izena ematerakoan, adierazi zeintzuk diren zure interesak.[\/vc_column_text][vc_empty_space]\n<div class=\"wpcf7 no-js\" id=\"wpcf7-f1778-o1\" lang=\"es-ES\" dir=\"ltr\" data-wpcf7-id=\"1778\">\n<div class=\"screen-reader-response\"><p role=\"status\" aria-live=\"polite\" aria-atomic=\"true\"><\/p> <ul><\/ul><\/div>\n<form action=\"\/eu\/wp-json\/wp\/v2\/pages\/13143#wpcf7-f1778-o1\" method=\"post\" class=\"wpcf7-form init\" aria-label=\"Contact form\" enctype=\"multipart\/form-data\" novalidate=\"novalidate\" data-status=\"init\">\n<fieldset class=\"hidden-fields-container\"><input type=\"hidden\" name=\"_wpcf7\" value=\"1778\" \/><input type=\"hidden\" name=\"_wpcf7_version\" value=\"6.1.5\" \/><input type=\"hidden\" name=\"_wpcf7_locale\" value=\"es_ES\" \/><input type=\"hidden\" name=\"_wpcf7_unit_tag\" value=\"wpcf7-f1778-o1\" \/><input type=\"hidden\" name=\"_wpcf7_container_post\" value=\"0\" \/><input type=\"hidden\" name=\"_wpcf7_posted_data_hash\" value=\"\" \/>\n<\/fieldset>\n<p><label> NOMBRE Y APELLIDOS*<br \/>\n<span class=\"wpcf7-form-control-wrap\" data-name=\"your-name\"><input size=\"40\" maxlength=\"400\" class=\"wpcf7-form-control wpcf7-text wpcf7-validates-as-required\" aria-required=\"true\" aria-invalid=\"false\" value=\"\" type=\"text\" name=\"your-name\" \/><\/span> <\/label>\n<\/p>\n<p><label> EMAIL*<br \/>\n<span class=\"wpcf7-form-control-wrap\" data-name=\"your-email\"><input size=\"40\" maxlength=\"400\" class=\"wpcf7-form-control wpcf7-email wpcf7-validates-as-required wpcf7-text wpcf7-validates-as-email\" aria-required=\"true\" aria-invalid=\"false\" value=\"\" type=\"email\" name=\"your-email\" \/><\/span><\/label>\n<\/p>\n<p><label> TEL\u00c9FONO<br \/>\n<span class=\"wpcf7-form-control-wrap\" data-name=\"your-subject\"><input size=\"40\" maxlength=\"400\" class=\"wpcf7-form-control wpcf7-tel wpcf7-text wpcf7-validates-as-tel\" aria-invalid=\"false\" value=\"\" type=\"tel\" name=\"your-subject\" \/><\/span> <\/label>\n<\/p>\n<p><label> MENSAJE*<br \/>\n<span class=\"wpcf7-form-control-wrap\" data-name=\"your-message\"><textarea cols=\"40\" rows=\"3\" maxlength=\"2000\" class=\"wpcf7-form-control wpcf7-textarea wpcf7-validates-as-required\" aria-required=\"true\" aria-invalid=\"false\" name=\"your-message\"><\/textarea><\/span> <\/label>\n<\/p>\n<p><label> ENV\u00cdANOS TU CV (formato pdf)*<br \/>\n<span class=\"wpcf7-form-control-wrap\" data-name=\"archivo\"><input size=\"40\" class=\"wpcf7-form-control wpcf7-file wpcf7-validates-as-required\" accept=\".pdf\" aria-required=\"true\" aria-invalid=\"false\" type=\"file\" name=\"archivo\" \/><\/span><\/label>\n<\/p>\n<p><span class=\"wpcf7-form-control-wrap\" data-name=\"aceptar\"><span class=\"wpcf7-form-control wpcf7-acceptance\"><span class=\"wpcf7-list-item\"><label><input type=\"checkbox\" name=\"aceptar\" value=\"1\" aria-invalid=\"false\" \/><span class=\"wpcf7-list-item-label\">He le\u00eddo y acepto la <a style=\"text-decoration: underline;\" href=\"http:\/\/www.plastigaur.com\/politica-de-privacidad\/\">Pol\u00edtica de Privacidad<\/a>.<\/span><\/label><\/span><\/span><\/span>\n<\/p>\n<p><input class=\"wpcf7-form-control wpcf7-submit has-spinner\" type=\"submit\" value=\"Enviar\" \/>\n<\/p>\n<p style=\"line-height:0.7;\">\n\t<font size=\"1\">\nResponsable: PLASTIGAUR, S.A. | Finalidad: Atender las solicitudes realizadas |Legitimaci\u00f3n: Consentimiento del interesado | Destinatarios: No se ceder\u00e1n datos a terceros, salvo obligaci\u00f3n legal | Derechos: Acceder, rectificar y suprimir los datos, as\u00ed como otros derechos, como se explica en la informaci\u00f3n adicional | Informaci\u00f3n adicional: Puede consultar la informaci\u00f3n adicional y detallada sobre Protecci\u00f3n de Datos en nuestra p\u00e1gina web: <a style=\"text-decoration: underline;\" href=\"http:\/\/www.plastigaur.com\/politica-de-privacidad\/\">Pol\u00edtica de Privacidad<\/a>\n\t<\/font>\n<\/p><p style=\"display: none !important;\" class=\"akismet-fields-container\" data-prefix=\"_wpcf7_ak_\"><label>&#916;<textarea name=\"_wpcf7_ak_hp_textarea\" cols=\"45\" rows=\"8\" maxlength=\"100\"><\/textarea><\/label><input type=\"hidden\" id=\"ak_js_1\" name=\"_wpcf7_ak_js\" value=\"203\"\/><script>document.getElementById( \"ak_js_1\" ).setAttribute( \"value\", ( new Date() ).getTime() );<\/script><\/p><div class=\"wpcf7-response-output\" aria-hidden=\"true\"><\/div>\n<\/form>\n<\/div>\n[vc_empty_space height=&#8221;50px&#8221;][\/vc_column][\/vc_row]<\/p>\n","protected":false},"excerpt":{"rendered":"<p>[vc_row][vc_column][vc_column_text el_class=&#8221;migas-pan&#8221; css=&#8221;.vc_custom_1589823403279{margin-top: 10px !important;margin-bottom: 20px !important;}&#8221;][\/vc_column_text][\/vc_column][\/vc_row][vc_row full_width=&#8221;stretch_row&#8221; et_uniqid=&#8221;et_custom_uniqid_5ed52f9e11e99&#8243; enable_first_overlay=&#8221;true&#8221; first_overlay_opacity=&#8221;90&#8243; first_background_color=&#8221;#ffffff&#8221; _et_uniqid=&#8221;et_custom_uniqid_new_5ee356d60bf97&#8243; css=&#8221;.vc_custom_1591957230972{background-image: url(https:\/\/www.plastigaur.com\/wp-content\/uploads\/2020\/06\/Trabaja-con-nosotros-plastigaur-IMG_1352.jpg?id=2613) !important;background-position: center !important;background-repeat: no-repeat !important;background-size:<\/p>\n","protected":false},"author":6,"featured_media":0,"parent":0,"menu_order":70,"comment_status":"closed","ping_status":"closed","template":"","meta":{"om_disable_all_campaigns":false,"_monsterinsights_skip_tracking":false,"_monsterinsights_sitenote_active":false,"_monsterinsights_sitenote_note":"","_monsterinsights_sitenote_category":0,"_uf_show_specific_survey":0,"_uf_disable_surveys":false,"footnotes":""},"class_list":["post-13143","page","type-page","status-publish","hentry"],"yoast_head":"<!-- This site is optimized with the Yoast SEO plugin v25.8 - https:\/\/yoast.com\/wordpress\/plugins\/seo\/ -->\n<title>Plastigaur-en lan egitea | Egin lan gure taldean | Plastigaur<\/title>\n<meta name=\"description\" content=\"Plastigaur-en lan egitea | PLASTIGAUR SA, Andoainen egoitza duen eta industria eta kontsumo sektorerako bilgarri eta ontzi malguak fabrikatzen dituen enpresa, bere taldera profesionalak gehitu behar ditu.Izena ematerakoan, adierazi zeintzuk diren zure interesak.\" \/>\n<meta name=\"robots\" content=\"index, follow, max-snippet:-1, max-image-preview:large, max-video-preview:-1\" \/>\n<link rel=\"canonical\" href=\"https:\/\/www.plastigaur.com\/eu\/beste-eskaintzak\/\" \/>\n<meta property=\"og:locale\" content=\"eu_ES\" \/>\n<meta property=\"og:type\" content=\"article\" \/>\n<meta property=\"og:title\" content=\"Plastigaur-en lan egitea | Egin lan gure taldean | Plastigaur\" \/>\n<meta property=\"og:description\" content=\"Plastigaur-en lan egitea | PLASTIGAUR SA, Andoainen egoitza duen eta industria eta kontsumo sektorerako bilgarri eta ontzi malguak fabrikatzen dituen enpresa, bere taldera profesionalak gehitu behar ditu.Izena ematerakoan, adierazi zeintzuk diren zure interesak.\" \/>\n<meta property=\"og:url\" content=\"https:\/\/www.plastigaur.com\/eu\/beste-eskaintzak\/\" \/>\n<meta property=\"og:site_name\" content=\"Plastigaur\" \/>\n<meta name=\"twitter:card\" content=\"summary_large_image\" \/>\n<meta name=\"twitter:label1\" content=\"Est. reading time\" \/>\n\t<meta name=\"twitter:data1\" content=\"1 minute\" \/>\n<script type=\"application\/ld+json\" class=\"yoast-schema-graph\">{\"@context\":\"https:\/\/schema.org\",\"@graph\":[{\"@type\":\"WebPage\",\"@id\":\"https:\/\/www.plastigaur.com\/eu\/beste-eskaintzak\/\",\"url\":\"https:\/\/www.plastigaur.com\/eu\/beste-eskaintzak\/\",\"name\":\"Plastigaur-en lan egitea | Egin lan gure taldean | Plastigaur\",\"isPartOf\":{\"@id\":\"https:\/\/www.plastigaur.com\/eu\/#website\"},\"datePublished\":\"2024-07-17T10:56:54+00:00\",\"description\":\"Plastigaur-en lan egitea | PLASTIGAUR SA, Andoainen egoitza duen eta industria eta kontsumo sektorerako bilgarri eta ontzi malguak fabrikatzen dituen enpresa, bere taldera profesionalak gehitu behar ditu.Izena ematerakoan, adierazi zeintzuk diren zure interesak.\",\"breadcrumb\":{\"@id\":\"https:\/\/www.plastigaur.com\/eu\/beste-eskaintzak\/#breadcrumb\"},\"inLanguage\":\"eu-ES\",\"potentialAction\":[{\"@type\":\"ReadAction\",\"target\":[\"https:\/\/www.plastigaur.com\/eu\/beste-eskaintzak\/\"]}]},{\"@type\":\"BreadcrumbList\",\"@id\":\"https:\/\/www.plastigaur.com\/eu\/beste-eskaintzak\/#breadcrumb\",\"itemListElement\":[{\"@type\":\"ListItem\",\"position\":1,\"name\":\"INICIO\",\"item\":\"https:\/\/www.plastigaur.com\/eu\/\"},{\"@type\":\"ListItem\",\"position\":2,\"name\":\"BESTE ESKAINTZAK\"}]},{\"@type\":\"WebSite\",\"@id\":\"https:\/\/www.plastigaur.com\/eu\/#website\",\"url\":\"https:\/\/www.plastigaur.com\/eu\/\",\"name\":\"Plastigaur\",\"description\":\"Envases y Embalajes\",\"publisher\":{\"@id\":\"https:\/\/www.plastigaur.com\/eu\/#organization\"},\"potentialAction\":[{\"@type\":\"SearchAction\",\"target\":{\"@type\":\"EntryPoint\",\"urlTemplate\":\"https:\/\/www.plastigaur.com\/eu\/?s={search_term_string}\"},\"query-input\":{\"@type\":\"PropertyValueSpecification\",\"valueRequired\":true,\"valueName\":\"search_term_string\"}}],\"inLanguage\":\"eu-ES\"},{\"@type\":\"Organization\",\"@id\":\"https:\/\/www.plastigaur.com\/eu\/#organization\",\"name\":\"Plastigaur\",\"url\":\"https:\/\/www.plastigaur.com\/eu\/\",\"logo\":{\"@type\":\"ImageObject\",\"inLanguage\":\"eu-ES\",\"@id\":\"https:\/\/www.plastigaur.com\/eu\/#\/schema\/logo\/image\/\",\"url\":\"https:\/\/www.plastigaur.com\/wp-content\/uploads\/2020\/05\/Plastigaur-envases-y-embalajes-sostenibles.png\",\"contentUrl\":\"https:\/\/www.plastigaur.com\/wp-content\/uploads\/2020\/05\/Plastigaur-envases-y-embalajes-sostenibles.png\",\"width\":400,\"height\":110,\"caption\":\"Plastigaur\"},\"image\":{\"@id\":\"https:\/\/www.plastigaur.com\/eu\/#\/schema\/logo\/image\/\"},\"sameAs\":[\"https:\/\/www.linkedin.com\/company\/plastigaur\/\"]}]}<\/script>\n<!-- \/ Yoast SEO plugin. -->","yoast_head_json":{"title":"Plastigaur-en lan egitea | Egin lan gure taldean | Plastigaur","description":"Plastigaur-en lan egitea | PLASTIGAUR SA, Andoainen egoitza duen eta industria eta kontsumo sektorerako bilgarri eta ontzi malguak fabrikatzen dituen enpresa, bere taldera profesionalak gehitu behar ditu.Izena ematerakoan, adierazi zeintzuk diren zure interesak.","robots":{"index":"index","follow":"follow","max-snippet":"max-snippet:-1","max-image-preview":"max-image-preview:large","max-video-preview":"max-video-preview:-1"},"canonical":"https:\/\/www.plastigaur.com\/eu\/beste-eskaintzak\/","og_locale":"eu_ES","og_type":"article","og_title":"Plastigaur-en lan egitea | Egin lan gure taldean | Plastigaur","og_description":"Plastigaur-en lan egitea | PLASTIGAUR SA, Andoainen egoitza duen eta industria eta kontsumo sektorerako bilgarri eta ontzi malguak fabrikatzen dituen enpresa, bere taldera profesionalak gehitu behar ditu.Izena ematerakoan, adierazi zeintzuk diren zure interesak.","og_url":"https:\/\/www.plastigaur.com\/eu\/beste-eskaintzak\/","og_site_name":"Plastigaur","twitter_card":"summary_large_image","twitter_misc":{"Est. reading time":"1 minute"},"schema":{"@context":"https:\/\/schema.org","@graph":[{"@type":"WebPage","@id":"https:\/\/www.plastigaur.com\/eu\/beste-eskaintzak\/","url":"https:\/\/www.plastigaur.com\/eu\/beste-eskaintzak\/","name":"Plastigaur-en lan egitea | Egin lan gure taldean | Plastigaur","isPartOf":{"@id":"https:\/\/www.plastigaur.com\/eu\/#website"},"datePublished":"2024-07-17T10:56:54+00:00","description":"Plastigaur-en lan egitea | PLASTIGAUR SA, Andoainen egoitza duen eta industria eta kontsumo sektorerako bilgarri eta ontzi malguak fabrikatzen dituen enpresa, bere taldera profesionalak gehitu behar ditu.Izena ematerakoan, adierazi zeintzuk diren zure interesak.","breadcrumb":{"@id":"https:\/\/www.plastigaur.com\/eu\/beste-eskaintzak\/#breadcrumb"},"inLanguage":"eu-ES","potentialAction":[{"@type":"ReadAction","target":["https:\/\/www.plastigaur.com\/eu\/beste-eskaintzak\/"]}]},{"@type":"BreadcrumbList","@id":"https:\/\/www.plastigaur.com\/eu\/beste-eskaintzak\/#breadcrumb","itemListElement":[{"@type":"ListItem","position":1,"name":"INICIO","item":"https:\/\/www.plastigaur.com\/eu\/"},{"@type":"ListItem","position":2,"name":"BESTE ESKAINTZAK"}]},{"@type":"WebSite","@id":"https:\/\/www.plastigaur.com\/eu\/#website","url":"https:\/\/www.plastigaur.com\/eu\/","name":"Plastigaur","description":"Envases y Embalajes","publisher":{"@id":"https:\/\/www.plastigaur.com\/eu\/#organization"},"potentialAction":[{"@type":"SearchAction","target":{"@type":"EntryPoint","urlTemplate":"https:\/\/www.plastigaur.com\/eu\/?s={search_term_string}"},"query-input":{"@type":"PropertyValueSpecification","valueRequired":true,"valueName":"search_term_string"}}],"inLanguage":"eu-ES"},{"@type":"Organization","@id":"https:\/\/www.plastigaur.com\/eu\/#organization","name":"Plastigaur","url":"https:\/\/www.plastigaur.com\/eu\/","logo":{"@type":"ImageObject","inLanguage":"eu-ES","@id":"https:\/\/www.plastigaur.com\/eu\/#\/schema\/logo\/image\/","url":"https:\/\/www.plastigaur.com\/wp-content\/uploads\/2020\/05\/Plastigaur-envases-y-embalajes-sostenibles.png","contentUrl":"https:\/\/www.plastigaur.com\/wp-content\/uploads\/2020\/05\/Plastigaur-envases-y-embalajes-sostenibles.png","width":400,"height":110,"caption":"Plastigaur"},"image":{"@id":"https:\/\/www.plastigaur.com\/eu\/#\/schema\/logo\/image\/"},"sameAs":["https:\/\/www.linkedin.com\/company\/plastigaur\/"]}]}},"_links":{"self":[{"href":"https:\/\/www.plastigaur.com\/eu\/wp-json\/wp\/v2\/pages\/13143","targetHints":{"allow":["GET"]}}],"collection":[{"href":"https:\/\/www.plastigaur.com\/eu\/wp-json\/wp\/v2\/pages"}],"about":[{"href":"https:\/\/www.plastigaur.com\/eu\/wp-json\/wp\/v2\/types\/page"}],"author":[{"embeddable":true,"href":"https:\/\/www.plastigaur.com\/eu\/wp-json\/wp\/v2\/users\/6"}],"replies":[{"embeddable":true,"href":"https:\/\/www.plastigaur.com\/eu\/wp-json\/wp\/v2\/comments?post=13143"}],"version-history":[{"count":1,"href":"https:\/\/www.plastigaur.com\/eu\/wp-json\/wp\/v2\/pages\/13143\/revisions"}],"predecessor-version":[{"id":13149,"href":"https:\/\/www.plastigaur.com\/eu\/wp-json\/wp\/v2\/pages\/13143\/revisions\/13149"}],"wp:attachment":[{"href":"https:\/\/www.plastigaur.com\/eu\/wp-json\/wp\/v2\/media?parent=13143"}],"curies":[{"name":"wp","href":"https:\/\/api.w.org\/{rel}","templated":true}]}}