{"id":4758,"date":"2020-08-03T01:06:44","date_gmt":"2020-08-02T23:06:44","guid":{"rendered":"https:\/\/www.plastigaur.com\/innovation-und-technologie\/laminierung\/"},"modified":"2020-08-05T15:49:02","modified_gmt":"2020-08-05T13:49:02","slug":"laminierung","status":"publish","type":"page","link":"https:\/\/www.plastigaur.com\/de\/innovation-und-technologie\/laminierung\/","title":{"rendered":"LAMINIERUNG"},"content":{"rendered":"<p>[vc_row et_uniqid=&#8220;et_custom_uniqid_5ebd71596c2fb&#8220; el_class=&#8220;menu-sticky&#8220; _et_uniqid=&#8220;et_custom_uniqid_new_5ebd7159b3eaf&#8220;][vc_column]\n        <div class=\"menu-element menu-verde horizontal menu-align-center\">\n\t\t\t\n\t\t\t\t\t\t\n\t\t\t<div class=\"menu-submenu-procesos-de-container\"><ul id=\"menu-submenu-procesos-de\" class=\"menu\"><li id=\"menu-item-5377\" class=\"menu-item menu-item-type-post_type menu-item-object-page menu-item-5377 item-level-0 item-design-dropdown\"><a href=\"https:\/\/www.plastigaur.com\/de\/innovation-und-technologie\/\" class=\"item-link\"><span style=\"color:#005776;\">INNOVATION UND TECHNOLOGIE \u2192<\/span><\/a><\/li>\n<li id=\"menu-item-5394\" class=\"menu-item menu-item-type-post_type menu-item-object-page menu-item-5394 item-level-0 item-design-dropdown\"><a href=\"https:\/\/www.plastigaur.com\/de\/innovation-und-technologie\/extrusion\/\" class=\"item-link\">EXTRUSION<\/a><\/li>\n<li id=\"menu-item-5395\" class=\"menu-item menu-item-type-post_type menu-item-object-page menu-item-5395 item-level-0 item-design-dropdown\"><a href=\"https:\/\/www.plastigaur.com\/de\/innovation-und-technologie\/druck\/\" class=\"item-link\">DRUCK<\/a><\/li>\n<li id=\"menu-item-5396\" class=\"menu-item menu-item-type-post_type menu-item-object-page menu-item-5396 item-level-0 item-design-dropdown\"><a href=\"https:\/\/www.plastigaur.com\/de\/innovation-und-technologie\/laminierung\/\" class=\"item-link\">LAMINIERUNG<\/a><\/li>\n<li id=\"menu-item-5397\" class=\"menu-item menu-item-type-post_type menu-item-object-page menu-item-5397 item-level-0 item-design-dropdown\"><a href=\"https:\/\/www.plastigaur.com\/de\/innovation-und-technologie\/labor\/\" class=\"item-link\">LABOR<\/a><\/li>\n<\/ul><\/div>\n        <\/div>\n\t\t\n\t\t[\/vc_column][\/vc_row][vc_row][vc_column]\n\t\t\t<!-- START Laminacion REVOLUTION SLIDER 6.2.17 --><p class=\"rs-p-wp-fix\"><\/p>\n\t\t\t<rs-module-wrap id=\"rev_slider_12_1_wrapper\" data-source=\"gallery\" style=\"background:transparent;padding:0;margin:0px auto;margin-top:0;margin-bottom:0;\">\n\t\t\t\t<rs-module id=\"rev_slider_12_1\" style=\"\" data-version=\"6.2.17\">\n\t\t\t\t\t<rs-slides>\n\t\t\t\t\t\t<rs-slide data-key=\"rs-59\" data-title=\"Slide\" data-anim=\"ei:d;eo:d;s:1000;r:0;t:fade;sl:0;\">\n\t\t\t\t\t\t\t<img loading=\"lazy\" decoding=\"async\" src=\"\/\/www.plastigaur.com\/wp-content\/uploads\/2020\/05\/Laminacion-Innovacion-y-Tecnologia-Plastigaur-envases-embalajes-reciclables-sostenibles-control-de-gramaje-en-linea.jpg\" alt=\"Laminacion Innovacion y Tecnologia Plastigaur envases embalajes reciclables sostenibles control de gramaje en linea\" title=\"Laminacion Innovacion y Tecnologia Plastigaur envases embalajes reciclables sostenibles control de gramaje en linea\" width=\"1500\" height=\"1000\" class=\"rev-slidebg\" data-no-retina>\n<!--\n\t\t\t\t\t\t\t--><rs-layer\n\t\t\t\t\t\t\t\tid=\"slider-12-slide-59-layer-0\" \n\t\t\t\t\t\t\t\tdata-type=\"shape\"\n\t\t\t\t\t\t\t\tdata-rsp_ch=\"on\"\n\t\t\t\t\t\t\t\tdata-xy=\"xo:1px,1px,1px,0;\"\n\t\t\t\t\t\t\t\tdata-text=\"w:normal;s:20,20,20,7;l:0,0,0,9;\"\n\t\t\t\t\t\t\t\tdata-dim=\"w:100%;h:100%;\"\n\t\t\t\t\t\t\t\tdata-basealign=\"slide\"\n\t\t\t\t\t\t\t\tdata-frame_999=\"o:0;st:w;sR:8700;\"\n\t\t\t\t\t\t\t\tstyle=\"z-index:8;background:linear-gradient(90deg, rgba(0,87,118,0.4) 0%, rgba(0,151,57,0.4) 50%, rgba(0,151,57,0.4) 100%);\"\n\t\t\t\t\t\t\t> \n\t\t\t\t\t\t\t<\/rs-layer><!--\n\n\t\t\t\t\t\t\t--><rs-layer\n\t\t\t\t\t\t\t\tid=\"slider-12-slide-59-layer-1\" \n\t\t\t\t\t\t\t\tdata-type=\"text\"\n\t\t\t\t\t\t\t\tdata-rsp_ch=\"on\"\n\t\t\t\t\t\t\t\tdata-xy=\"x:r,r,r,c;xo:81px,81px,81px,1px;y:m;yo:-1px,-1px,-1px,32px;\"\n\t\t\t\t\t\t\t\tdata-text=\"w:normal;s:40;l:50,50,50,40;a:right,right,right,inherit;\"\n\t\t\t\t\t\t\t\tdata-dim=\"w:733px,733px,733px,473px;\"\n\t\t\t\t\t\t\t\tdata-wrpcls=\"text-center\"\n\t\t\t\t\t\t\t\tdata-frame_0=\"y:50px;bri:100%;blu:20px;\"\n\t\t\t\t\t\t\t\tdata-frame_1=\"sp:2000;\"\n\t\t\t\t\t\t\t\tdata-frame_999=\"o:0;st:w;sp:310;sR:7000;\"\n\t\t\t\t\t\t\t\tstyle=\"z-index:10;font-family:Montserrat;\"\n\t\t\t\t\t\t\t>Inline-Gewichtskontrolle \n\t\t\t\t\t\t\t<\/rs-layer><!--\n\n\t\t\t\t\t\t\t--><rs-layer\n\t\t\t\t\t\t\t\tid=\"slider-12-slide-59-layer-2\" \n\t\t\t\t\t\t\t\tdata-type=\"text\"\n\t\t\t\t\t\t\t\tdata-rsp_ch=\"on\"\n\t\t\t\t\t\t\t\tdata-xy=\"x:r,r,r,c;xo:81px,81px,81px,13px;y:m;yo:-97px,-97px,-97px,-52px;\"\n\t\t\t\t\t\t\t\tdata-text=\"w:normal;s:80,80,80,40;l:50,50,50,40;a:right,right,right,inherit;\"\n\t\t\t\t\t\t\t\tdata-dim=\"w:733px,733px,733px,495px;\"\n\t\t\t\t\t\t\t\tdata-wrpcls=\"text-center\"\n\t\t\t\t\t\t\t\tdata-frame_0=\"y:50px;bri:100%;blu:20px;\"\n\t\t\t\t\t\t\t\tdata-frame_1=\"sp:2000;\"\n\t\t\t\t\t\t\t\tdata-frame_999=\"o:0;st:w;sp:310;sR:7000;\"\n\t\t\t\t\t\t\t\tstyle=\"z-index:9;font-family:Montserrat;\"\n\t\t\t\t\t\t\t><strong>Laminierung<\/strong> \n\t\t\t\t\t\t\t<\/rs-layer><!--\n-->\t\t\t\t\t\t<\/rs-slide>\n\t\t\t\t\t<\/rs-slides>\n\t\t\t\t<\/rs-module>\n\t\t\t\t<script type=\"text\/javascript\">\n\t\t\t\t\tsetREVStartSize({c: 'rev_slider_12_1',rl:[1240,1240,1240,480],el:[500,500,500,720],gw:[1240,1240,1240,480],gh:[500,500,500,720],type:'standard',justify:'',layout:'fullwidth',mh:\"0\"});\n\t\t\t\t\tvar\trevapi12,\n\t\t\t\t\t\ttpj;\n\t\t\t\t\tjQuery(function() {\n\t\t\t\t\t\ttpj = jQuery;\n\t\t\t\t\t\trevapi12 = tpj(\"#rev_slider_12_1\");\n\t\t\t\t\t\tif(revapi12==undefined || revapi12.revolution == undefined){\n\t\t\t\t\t\t\trevslider_showDoubleJqueryError(\"rev_slider_12_1\");\n\t\t\t\t\t\t}else{\n\t\t\t\t\t\t\trevapi12.revolution({\n\t\t\t\t\t\t\t\tsliderLayout:\"fullwidth\",\n\t\t\t\t\t\t\t\tvisibilityLevels:\"1240,1240,1240,480\",\n\t\t\t\t\t\t\t\tgridwidth:\"1240,1240,1240,480\",\n\t\t\t\t\t\t\t\tgridheight:\"500,500,500,720\",\n\t\t\t\t\t\t\t\tspinner:\"spinner0\",\n\t\t\t\t\t\t\t\tperspective:600,\n\t\t\t\t\t\t\t\tperspectiveType:\"global\",\n\t\t\t\t\t\t\t\teditorheight:\"500,768,960,720\",\n\t\t\t\t\t\t\t\tresponsiveLevels:\"1240,1240,1240,480\",\n\t\t\t\t\t\t\t\tprogressBar:{disableProgressBar:true},\n\t\t\t\t\t\t\t\tnavigation: {\n\t\t\t\t\t\t\t\t\tonHoverStop:false\n\t\t\t\t\t\t\t\t},\n\t\t\t\t\t\t\t\tfallbacks: {\n\t\t\t\t\t\t\t\t\tallowHTML5AutoPlayOnAndroid:true\n\t\t\t\t\t\t\t\t},\n\t\t\t\t\t\t\t});\n\t\t\t\t\t\t}\n\t\t\t\t\t\t\n\t\t\t\t\t});\n\t\t\t\t<\/script>\n\t\t\t<\/rs-module-wrap>\n\t\t\t<!-- END REVOLUTION SLIDER -->\n[\/vc_column][\/vc_row][vc_row][vc_column][vc_empty_space height=&#8220;50px&#8220;][\/vc_column][\/vc_row][vc_row][vc_column width=&#8220;1\/2&#8243;][vc_column_text]<\/p>\n<p style=\"text-align: left;\"><strong><span class=\"titulo\" style=\"color: #009739; font-size: 80px;\">Technologie<\/span><\/strong><br \/>\n<span class=\"titulo\" style=\"color: #009739; font-size: 60px; line-height: 60px;\">SOLVENTLESS<\/span><\/p>\n<p>[\/vc_column_text][vc_column_text css=&#8220;.vc_custom_1591956001011{margin-top: 0px !important;padding-top: 0px !important;}&#8220;]<\/p>\n<p style=\"text-align: justify;\">Wir verf\u00fcgen \u00fcber einen <strong>leistungsf\u00e4higen Maschinenpark und hoch qualifiziertes Personal<\/strong>, um bei jeder L\u00f6sung eine ausgezeichnete Qualit\u00e4t zu gew\u00e4hrleiste.<\/p>\n<p style=\"text-align: justify;\">Bei der Laminierung setzen wir auf <strong>SOLVENTLESS-Technologie<\/strong>, womit wir in Bezug auf Produktivit\u00e4t und Prozesssteuerung auf dem neuesten Stand sind.<\/p>\n<p style=\"text-align: justify;\"><strong>Meterweise R\u00fcckverfolgbarkeit<\/strong> dank Software und integrierten Peripheriesystemen.<\/p>\n<p style=\"text-align: justify;\">Zus\u00e4tzlich bieten wir einen Umrollprozess an, bei dem bei <strong>700 m\/min<\/strong> mit einer Mindestschnittbreite von <strong>5 cm<\/strong> und einer Toleranz von <strong>1 mm<\/strong> geschnitten werden kann.<\/p>\n<p style=\"text-align: justify;\">Wir f\u00fchren an jedem Punkt eine Inline-Gewichtskontrolle durch, um w\u00e4hrend des gesamten Prozesses eine durchgehend ausgezeichnete Qualit\u00e4t zu gew\u00e4hrleisten.<\/p>\n<p>[\/vc_column_text][vc_single_image image=&#8220;2082&#8243; img_size=&#8220;full&#8220; alignment=&#8220;center&#8220; css=&#8220;.vc_custom_1589820852971{border-top-width: 4px !important;border-bottom-width: 4px !important;border-top-color: #83c99b !important;border-top-style: solid !important;border-bottom-color: #83c99b !important;border-bottom-style: solid !important;}&#8220;][vc_empty_space][\/vc_column][vc_column width=&#8220;1\/2&#8243;][vc_single_image image=&#8220;2412&#8243; img_size=&#8220;full&#8220; alignment=&#8220;center&#8220;][\/vc_column][\/vc_row][vc_row et_uniqid=&#8220;et_custom_uniqid_5ee3526002991&#8243; el_class=&#8220;movil-no&#8220; _et_uniqid=&#8220;et_custom_uniqid_new_5ee352604c391&#8243;][vc_column][vc_empty_space height=&#8220;50px&#8220;][\/vc_column][\/vc_row][vc_row equal_height=&#8220;yes&#8220; content_placement=&#8220;middle&#8220; et_uniqid=&#8220;et_custom_uniqid_5ec2be9286ecd&#8220; _et_uniqid=&#8220;et_custom_uniqid_new_5ec2be92d08de&#8220;][vc_column width=&#8220;1\/2&#8243;][vc_column_text]<\/p>\n<p style=\"text-align: left;\"><span class=\"titulo\" style=\"color: #009739; font-size: 60px; line-height: 60px;\">Unsere<\/span><br \/>\n<strong><span class=\"titulo\" style=\"color: #009739; font-size: 80px;\">Laminierung<\/span><\/strong><\/p>\n<p>[\/vc_column_text][\/vc_column][vc_column width=&#8220;1\/2&#8243;][vc_single_image image=&#8220;5399&#8243; img_size=&#8220;medium&#8220; alignment=&#8220;center&#8220;][\/vc_column][\/vc_row][vc_row gap=&#8220;20&#8243; equal_height=&#8220;yes&#8220; content_placement=&#8220;middle&#8220; et_uniqid=&#8220;et_custom_uniqid_5ec2b6b482541&#8243; _et_uniqid=&#8220;et_custom_uniqid_new_5ec2befe08e28&#8243;][vc_column width=&#8220;1\/2&#8243;][vc_row_inner et_uniqid=&#8220;et_custom_uniqid_5eb41b6cc93a8&#8243; enable_first_overlay=&#8220;true&#8220; first_overlay_opacity=&#8220;40&#8243; first_background_type=&#8220;gradient&#8220; first_background_gradient=&#8220;#005776||#009739||0;100||90||linear&#8220; _et_uniqid=&#8220;et_custom_uniqid_new_5ec2b65c4f743&#8243;][vc_column_inner][vc_empty_space height=&#8220;10px&#8220;][vc_column_text css=&#8220;.vc_custom_1589821536426{margin-top: 0px !important;margin-bottom: 15px !important;padding-top: 10px !important;}&#8220;]<\/p>\n<p style=\"text-align: center;\"><span style=\"color: #005776; font-size: 18px; line-height: 18px;\"><strong>Laminierbreite: <span style=\"color: #009739;\">600-1300 mm.<\/span><\/strong><\/span><\/p>\n<p>[\/vc_column_text][\/vc_column_inner][\/vc_row_inner][vc_empty_space height=&#8220;10px&#8220;][vc_column_text css=&#8220;.vc_custom_1589821559848{margin-top: 0px !important;margin-bottom: 15px !important;padding-top: 0px !important;}&#8220;]<\/p>\n<p style=\"text-align: center;\"><span style=\"color: #005776; font-size: 18px; line-height: 18px;\"><strong>Materialdurchlauf:<span style=\"color: #009739;\"> 630-1300 mm.<\/span><\/strong><\/span><\/p>\n<p>[\/vc_column_text][vc_empty_space height=&#8220;10px&#8220;][vc_row_inner et_uniqid=&#8220;et_custom_uniqid_5eb41b6cc93a8&#8243; enable_first_overlay=&#8220;true&#8220; first_overlay_opacity=&#8220;40&#8243; first_background_type=&#8220;gradient&#8220; first_background_gradient=&#8220;#005776||#009739||0;100||90||linear&#8220; _et_uniqid=&#8220;et_custom_uniqid_new_5ec2b65c4f743&#8243;][vc_column_inner][vc_empty_space height=&#8220;10px&#8220;][vc_column_text css=&#8220;.vc_custom_1589821577169{margin-top: 0px !important;margin-bottom: 15px !important;padding-top: 10px !important;}&#8220;]<\/p>\n<p style=\"text-align: center;\"><span style=\"color: #005776; font-size: 18px; line-height: 18px;\"><strong>Maximalgewicht: <span style=\"color: #009739;\">1250 kg.<\/span><\/strong><\/span><\/p>\n<p>[\/vc_column_text][\/vc_column_inner][\/vc_row_inner][vc_empty_space height=&#8220;10px&#8220;][vc_column_text css=&#8220;.vc_custom_1589821596321{margin-top: 0px !important;margin-bottom: 15px !important;padding-top: 0px !important;}&#8220;]<\/p>\n<p style=\"text-align: center;\"><span style=\"color: #005776; font-size: 18px; line-height: 18px;\"><strong>Maximaldurchmesser:<span style=\"color: #009739;\"> 1000 mm.<\/span><\/strong><\/span><\/p>\n<p>[\/vc_column_text][vc_empty_space height=&#8220;10px&#8220;][vc_row_inner et_uniqid=&#8220;et_custom_uniqid_5eb41b6cc93a8&#8243; enable_first_overlay=&#8220;true&#8220; first_overlay_opacity=&#8220;40&#8243; first_background_type=&#8220;gradient&#8220; first_background_gradient=&#8220;#005776||#009739||0;100||90||linear&#8220; _et_uniqid=&#8220;et_custom_uniqid_new_5ec2b65c4f743&#8243;][vc_column_inner][vc_column_text css=&#8220;.vc_custom_1589821614305{margin-top: 0px !important;margin-bottom: 15px !important;padding-top: 10px !important;}&#8220;]<\/p>\n<p style=\"text-align: center;\"><span style=\"color: #005776; font-size: 18px; line-height: 18px;\"><strong>Maximalgeschwindigkeit:<span style=\"color: #009739;\"> 450 m\/min.<\/span><\/strong><\/span><\/p>\n<p>[\/vc_column_text][\/vc_column_inner][\/vc_row_inner][\/vc_column][vc_column width=&#8220;1\/2&#8243;][vc_row_inner et_uniqid=&#8220;et_custom_uniqid_5eb41b6cc93a8&#8243; enable_first_overlay=&#8220;true&#8220; first_overlay_opacity=&#8220;40&#8243; first_background_type=&#8220;gradient&#8220; first_background_gradient=&#8220;#005776||#009739||0;100||90||linear&#8220; _et_uniqid=&#8220;et_custom_uniqid_new_5ec2b65c4f743&#8243;][vc_column_inner][vc_empty_space height=&#8220;10px&#8220;][vc_column_text css=&#8220;.vc_custom_1591802517744{margin-top: 0px !important;margin-bottom: 15px !important;padding-top: 10px !important;}&#8220;]<\/p>\n<p style=\"text-align: left;\"><span style=\"color: #005776; font-size: 18px; line-height: 18px;\"><strong>Verarbeitbare Materialst\u00e4rken:<\/strong><\/span><\/p>\n<p style=\"padding-left: 80px; text-align: left;\"><span style=\"color: #005776; font-size: 18px; line-height: 18px;\"><strong>LDPE, LLPE: <span style=\"color: #009739;\">20-150 Mikrometer.<\/span><\/strong><\/span><\/p>\n<p style=\"padding-left: 80px; text-align: left;\"><span style=\"color: #005776; font-size: 18px; line-height: 18px;\"><strong>OPA: <span style=\"color: #009739;\">15-50 Mikrometer.<\/span><\/strong><\/span><\/p>\n<p style=\"padding-left: 80px; text-align: left;\"><span style=\"color: #005776; font-size: 18px; line-height: 18px;\"><strong>PET: <span style=\"color: #009739;\">12-30 Mikrometer.<\/span><\/strong><\/span><\/p>\n<p style=\"padding-left: 80px; text-align: left;\"><span style=\"color: #005776; font-size: 18px; line-height: 18px;\"><strong>Papier: <span style=\"color: #009739;\">40-100 gsm.<\/span><\/strong><\/span><\/p>\n<p style=\"text-align: left; padding-left: 80px;\"><span style=\"color: #005776; font-size: 18px; line-height: 18px;\"><strong>BOPP: <span style=\"color: #009739;\">15-50 Mikrometer.<\/span><\/strong><\/span><\/p>\n<p>[\/vc_column_text][vc_empty_space height=&#8220;10px&#8220;][\/vc_column_inner][\/vc_row_inner][\/vc_column][\/vc_row]<\/p>\n","protected":false},"excerpt":{"rendered":"<p>[vc_row et_uniqid=&#8220;et_custom_uniqid_5ebd71596c2fb&#8220; el_class=&#8220;menu-sticky&#8220; _et_uniqid=&#8220;et_custom_uniqid_new_5ebd7159b3eaf&#8220;][vc_column][\/vc_column][\/vc_row][vc_row][vc_column][\/vc_column][\/vc_row][vc_row][vc_column][vc_empty_space height=&#8220;50px&#8220;][\/vc_column][\/vc_row][vc_row][vc_column width=&#8220;1\/2&#8243;][vc_column_text] Technologie SOLVENTLESS [\/vc_column_text][vc_column_text css=&#8220;.vc_custom_1591956001011{margin-top: 0px !important;padding-top: 0px !important;}&#8220;] Wir verf\u00fcgen \u00fcber einen leistungsf\u00e4higen Maschinenpark<\/p>\n","protected":false},"author":1,"featured_media":0,"parent":4723,"menu_order":0,"comment_status":"closed","ping_status":"closed","template":"","meta":{"om_disable_all_campaigns":false,"_monsterinsights_skip_tracking":false,"_monsterinsights_sitenote_active":false,"_monsterinsights_sitenote_note":"","_monsterinsights_sitenote_category":0,"_uf_show_specific_survey":0,"_uf_disable_surveys":false,"footnotes":""},"class_list":["post-4758","page","type-page","status-publish","hentry"],"yoast_head":"<!-- This site is optimized with the Yoast SEO plugin v25.8 - https:\/\/yoast.com\/wordpress\/plugins\/seo\/ -->\n<title>Umweltfreundliche Verpackungen | Unsere Laminierung | Plastigaur<\/title>\n<meta name=\"description\" content=\"Umweltfreundliche Verpackungen | Wir verf\u00fcgen \u00fcber einen leistungsf\u00e4higen Maschinenpark und hoch qualifiziertes Personal, um bei jeder L\u00f6sung eine ausgezeichnete Qualit\u00e4t zu gew\u00e4hrleisten.\" \/>\n<meta name=\"robots\" content=\"index, follow, max-snippet:-1, max-image-preview:large, max-video-preview:-1\" \/>\n<link rel=\"canonical\" href=\"https:\/\/www.plastigaur.com\/de\/innovation-und-technologie\/laminierung\/\" \/>\n<meta property=\"og:locale\" content=\"de_DE\" \/>\n<meta property=\"og:type\" content=\"article\" \/>\n<meta property=\"og:title\" content=\"Umweltfreundliche Verpackungen | Unsere Laminierung | Plastigaur\" \/>\n<meta property=\"og:description\" content=\"Umweltfreundliche Verpackungen | Wir verf\u00fcgen \u00fcber einen leistungsf\u00e4higen Maschinenpark und hoch qualifiziertes Personal, um bei jeder L\u00f6sung eine ausgezeichnete Qualit\u00e4t zu gew\u00e4hrleisten.\" \/>\n<meta property=\"og:url\" content=\"https:\/\/www.plastigaur.com\/de\/innovation-und-technologie\/laminierung\/\" \/>\n<meta property=\"og:site_name\" content=\"Plastigaur\" \/>\n<meta property=\"article:modified_time\" content=\"2020-08-05T13:49:02+00:00\" \/>\n<meta name=\"twitter:card\" content=\"summary_large_image\" \/>\n<meta name=\"twitter:label1\" content=\"Gesch\u00e4tzte Lesezeit\" \/>\n\t<meta name=\"twitter:data1\" content=\"4\u00a0Minuten\" \/>\n<script type=\"application\/ld+json\" class=\"yoast-schema-graph\">{\"@context\":\"https:\/\/schema.org\",\"@graph\":[{\"@type\":\"WebPage\",\"@id\":\"https:\/\/www.plastigaur.com\/de\/innovation-und-technologie\/laminierung\/\",\"url\":\"https:\/\/www.plastigaur.com\/de\/innovation-und-technologie\/laminierung\/\",\"name\":\"Umweltfreundliche Verpackungen | Unsere Laminierung | Plastigaur\",\"isPartOf\":{\"@id\":\"https:\/\/www.plastigaur.com\/de\/#website\"},\"datePublished\":\"2020-08-02T23:06:44+00:00\",\"dateModified\":\"2020-08-05T13:49:02+00:00\",\"description\":\"Umweltfreundliche Verpackungen | Wir verf\u00fcgen \u00fcber einen leistungsf\u00e4higen Maschinenpark und hoch qualifiziertes Personal, um bei jeder L\u00f6sung eine ausgezeichnete Qualit\u00e4t zu gew\u00e4hrleisten.\",\"breadcrumb\":{\"@id\":\"https:\/\/www.plastigaur.com\/de\/innovation-und-technologie\/laminierung\/#breadcrumb\"},\"inLanguage\":\"de\",\"potentialAction\":[{\"@type\":\"ReadAction\",\"target\":[\"https:\/\/www.plastigaur.com\/de\/innovation-und-technologie\/laminierung\/\"]}]},{\"@type\":\"BreadcrumbList\",\"@id\":\"https:\/\/www.plastigaur.com\/de\/innovation-und-technologie\/laminierung\/#breadcrumb\",\"itemListElement\":[{\"@type\":\"ListItem\",\"position\":1,\"name\":\"START\",\"item\":\"https:\/\/www.plastigaur.com\/de\/\"},{\"@type\":\"ListItem\",\"position\":2,\"name\":\"INNOVATION UND TECHNOLOGIE\",\"item\":\"https:\/\/www.plastigaur.com\/de\/innovation-und-technologie\/\"},{\"@type\":\"ListItem\",\"position\":3,\"name\":\"LAMINIERUNG\"}]},{\"@type\":\"WebSite\",\"@id\":\"https:\/\/www.plastigaur.com\/de\/#website\",\"url\":\"https:\/\/www.plastigaur.com\/de\/\",\"name\":\"Plastigaur\",\"description\":\"Envases y Embalajes\",\"publisher\":{\"@id\":\"https:\/\/www.plastigaur.com\/de\/#organization\"},\"potentialAction\":[{\"@type\":\"SearchAction\",\"target\":{\"@type\":\"EntryPoint\",\"urlTemplate\":\"https:\/\/www.plastigaur.com\/de\/?s={search_term_string}\"},\"query-input\":{\"@type\":\"PropertyValueSpecification\",\"valueRequired\":true,\"valueName\":\"search_term_string\"}}],\"inLanguage\":\"de\"},{\"@type\":\"Organization\",\"@id\":\"https:\/\/www.plastigaur.com\/de\/#organization\",\"name\":\"Plastigaur\",\"url\":\"https:\/\/www.plastigaur.com\/de\/\",\"logo\":{\"@type\":\"ImageObject\",\"inLanguage\":\"de\",\"@id\":\"https:\/\/www.plastigaur.com\/de\/#\/schema\/logo\/image\/\",\"url\":\"https:\/\/www.plastigaur.com\/wp-content\/uploads\/2020\/05\/Plastigaur-envases-y-embalajes-sostenibles.png\",\"contentUrl\":\"https:\/\/www.plastigaur.com\/wp-content\/uploads\/2020\/05\/Plastigaur-envases-y-embalajes-sostenibles.png\",\"width\":400,\"height\":110,\"caption\":\"Plastigaur\"},\"image\":{\"@id\":\"https:\/\/www.plastigaur.com\/de\/#\/schema\/logo\/image\/\"},\"sameAs\":[\"https:\/\/www.linkedin.com\/company\/plastigaur\/\"]}]}<\/script>\n<!-- \/ Yoast SEO plugin. -->","yoast_head_json":{"title":"Umweltfreundliche Verpackungen | Unsere Laminierung | Plastigaur","description":"Umweltfreundliche Verpackungen | Wir verf\u00fcgen \u00fcber einen leistungsf\u00e4higen Maschinenpark und hoch qualifiziertes Personal, um bei jeder L\u00f6sung eine ausgezeichnete Qualit\u00e4t zu gew\u00e4hrleisten.","robots":{"index":"index","follow":"follow","max-snippet":"max-snippet:-1","max-image-preview":"max-image-preview:large","max-video-preview":"max-video-preview:-1"},"canonical":"https:\/\/www.plastigaur.com\/de\/innovation-und-technologie\/laminierung\/","og_locale":"de_DE","og_type":"article","og_title":"Umweltfreundliche Verpackungen | Unsere Laminierung | Plastigaur","og_description":"Umweltfreundliche Verpackungen | Wir verf\u00fcgen \u00fcber einen leistungsf\u00e4higen Maschinenpark und hoch qualifiziertes Personal, um bei jeder L\u00f6sung eine ausgezeichnete Qualit\u00e4t zu gew\u00e4hrleisten.","og_url":"https:\/\/www.plastigaur.com\/de\/innovation-und-technologie\/laminierung\/","og_site_name":"Plastigaur","article_modified_time":"2020-08-05T13:49:02+00:00","twitter_card":"summary_large_image","twitter_misc":{"Gesch\u00e4tzte Lesezeit":"4\u00a0Minuten"},"schema":{"@context":"https:\/\/schema.org","@graph":[{"@type":"WebPage","@id":"https:\/\/www.plastigaur.com\/de\/innovation-und-technologie\/laminierung\/","url":"https:\/\/www.plastigaur.com\/de\/innovation-und-technologie\/laminierung\/","name":"Umweltfreundliche Verpackungen | Unsere Laminierung | Plastigaur","isPartOf":{"@id":"https:\/\/www.plastigaur.com\/de\/#website"},"datePublished":"2020-08-02T23:06:44+00:00","dateModified":"2020-08-05T13:49:02+00:00","description":"Umweltfreundliche Verpackungen | Wir verf\u00fcgen \u00fcber einen leistungsf\u00e4higen Maschinenpark und hoch qualifiziertes Personal, um bei jeder L\u00f6sung eine ausgezeichnete Qualit\u00e4t zu gew\u00e4hrleisten.","breadcrumb":{"@id":"https:\/\/www.plastigaur.com\/de\/innovation-und-technologie\/laminierung\/#breadcrumb"},"inLanguage":"de","potentialAction":[{"@type":"ReadAction","target":["https:\/\/www.plastigaur.com\/de\/innovation-und-technologie\/laminierung\/"]}]},{"@type":"BreadcrumbList","@id":"https:\/\/www.plastigaur.com\/de\/innovation-und-technologie\/laminierung\/#breadcrumb","itemListElement":[{"@type":"ListItem","position":1,"name":"START","item":"https:\/\/www.plastigaur.com\/de\/"},{"@type":"ListItem","position":2,"name":"INNOVATION UND TECHNOLOGIE","item":"https:\/\/www.plastigaur.com\/de\/innovation-und-technologie\/"},{"@type":"ListItem","position":3,"name":"LAMINIERUNG"}]},{"@type":"WebSite","@id":"https:\/\/www.plastigaur.com\/de\/#website","url":"https:\/\/www.plastigaur.com\/de\/","name":"Plastigaur","description":"Envases y Embalajes","publisher":{"@id":"https:\/\/www.plastigaur.com\/de\/#organization"},"potentialAction":[{"@type":"SearchAction","target":{"@type":"EntryPoint","urlTemplate":"https:\/\/www.plastigaur.com\/de\/?s={search_term_string}"},"query-input":{"@type":"PropertyValueSpecification","valueRequired":true,"valueName":"search_term_string"}}],"inLanguage":"de"},{"@type":"Organization","@id":"https:\/\/www.plastigaur.com\/de\/#organization","name":"Plastigaur","url":"https:\/\/www.plastigaur.com\/de\/","logo":{"@type":"ImageObject","inLanguage":"de","@id":"https:\/\/www.plastigaur.com\/de\/#\/schema\/logo\/image\/","url":"https:\/\/www.plastigaur.com\/wp-content\/uploads\/2020\/05\/Plastigaur-envases-y-embalajes-sostenibles.png","contentUrl":"https:\/\/www.plastigaur.com\/wp-content\/uploads\/2020\/05\/Plastigaur-envases-y-embalajes-sostenibles.png","width":400,"height":110,"caption":"Plastigaur"},"image":{"@id":"https:\/\/www.plastigaur.com\/de\/#\/schema\/logo\/image\/"},"sameAs":["https:\/\/www.linkedin.com\/company\/plastigaur\/"]}]}},"_links":{"self":[{"href":"https:\/\/www.plastigaur.com\/de\/wp-json\/wp\/v2\/pages\/4758","targetHints":{"allow":["GET"]}}],"collection":[{"href":"https:\/\/www.plastigaur.com\/de\/wp-json\/wp\/v2\/pages"}],"about":[{"href":"https:\/\/www.plastigaur.com\/de\/wp-json\/wp\/v2\/types\/page"}],"author":[{"embeddable":true,"href":"https:\/\/www.plastigaur.com\/de\/wp-json\/wp\/v2\/users\/1"}],"replies":[{"embeddable":true,"href":"https:\/\/www.plastigaur.com\/de\/wp-json\/wp\/v2\/comments?post=4758"}],"version-history":[{"count":4,"href":"https:\/\/www.plastigaur.com\/de\/wp-json\/wp\/v2\/pages\/4758\/revisions"}],"predecessor-version":[{"id":5404,"href":"https:\/\/www.plastigaur.com\/de\/wp-json\/wp\/v2\/pages\/4758\/revisions\/5404"}],"up":[{"embeddable":true,"href":"https:\/\/www.plastigaur.com\/de\/wp-json\/wp\/v2\/pages\/4723"}],"wp:attachment":[{"href":"https:\/\/www.plastigaur.com\/de\/wp-json\/wp\/v2\/media?parent=4758"}],"curies":[{"name":"wp","href":"https:\/\/api.w.org\/{rel}","templated":true}]}}