{"id":4677,"date":"2020-08-02T12:11:31","date_gmt":"2020-08-02T10:11:31","guid":{"rendered":"https:\/\/www.plastigaur.com\/sekundarverpackungen\/"},"modified":"2020-08-06T11:29:18","modified_gmt":"2020-08-06T09:29:18","slug":"sekundarverpackungen","status":"publish","type":"page","link":"https:\/\/www.plastigaur.com\/de\/losungen\/sekundarverpackungen\/","title":{"rendered":"SEKUND\u00c4RVERPACKUNGEN"},"content":{"rendered":"<p>[vc_row et_uniqid=&#8220;et_custom_uniqid_5ebd71596c2fb&#8220; el_class=&#8220;menu-sticky&#8220; _et_uniqid=&#8220;et_custom_uniqid_new_5ebd7159b3eaf&#8220;][vc_column]\n        <div class=\"menu-element menu-verde horizontal menu-align-center\">\n\t\t\t\n\t\t\t\t\t\t\n\t\t\t<div class=\"menu-submenu-packaging-de-container\"><ul id=\"menu-submenu-packaging-de\" class=\"menu\"><li id=\"menu-item-5407\" class=\"menu-item menu-item-type-post_type menu-item-object-page menu-item-5407 item-level-0 item-design-dropdown\"><a href=\"https:\/\/www.plastigaur.com\/de\/losungen\/primarverpackungen\/\" class=\"item-link\">PRIM\u00c4RVERPACKUNGEN<\/a><\/li>\n<li id=\"menu-item-5408\" class=\"menu-item menu-item-type-post_type menu-item-object-page menu-item-5408 item-level-0 item-design-dropdown\"><a href=\"https:\/\/www.plastigaur.com\/de\/losungen\/sekundarverpackungen\/\" class=\"item-link\">SEKUND\u00c4RVERPACKUNGEN<\/a><\/li>\n<li id=\"menu-item-5671\" class=\"menu-item menu-item-type-post_type menu-item-object-page menu-item-5671 item-level-0 item-design-dropdown\"><a href=\"https:\/\/www.plastigaur.com\/de\/losungen\/\" class=\"item-link\">L\u00d6SUNGEN<\/a><\/li>\n<li id=\"menu-item-5409\" class=\"menu-item menu-item-type-post_type menu-item-object-page menu-item-5409 item-level-0 item-design-dropdown\"><a href=\"https:\/\/www.plastigaur.com\/de\/losungen\/tertiarverpackungen\/\" class=\"item-link\">TERTI\u00c4RVERPACKUNGEN<\/a><\/li>\n<\/ul><\/div>\n        <\/div>\n\t\t\n\t\t[\/vc_column][\/vc_row][vc_row full_width=&#8220;stretch_row&#8220; et_uniqid=&#8220;et_custom_uniqid_5eb440bf77e07&#8243; enable_first_overlay=&#8220;true&#8220; first_overlay_opacity=&#8220;100&#8243; first_background_type=&#8220;gradient&#8220; first_background_gradient=&#8220;#005776||#009739||0;100||90||linear&#8220; _et_uniqid=&#8220;et_custom_uniqid_new_5eb440bfc139c&#8220;][vc_column][vc_empty_space height=&#8220;20px&#8220;][vc_column_text css=&#8220;.vc_custom_1596706097000{margin-bottom: 0px !important;}&#8220;]<\/p>\n<p style=\"text-align: right;\"><span style=\"color: #ffffff;\"><span class=\"titulo\" style=\"font-size: 60px; line-height: 60px;\">Sekund\u00e4r<\/span><br \/>\n<strong><span class=\"titulo\" style=\"font-size: 80px; line-height: 80px;\"> verpackungen<\/span><\/strong><\/span><\/p>\n<p>[\/vc_column_text][vc_empty_space height=&#8220;20px&#8220;][\/vc_column][\/vc_row][vc_row][vc_column][vc_empty_space height=&#8220;50px&#8220;][\/vc_column][\/vc_row][vc_row et_uniqid=&#8220;et_custom_uniqid_5eb442e10715b&#8220; css=&#8220;.vc_custom_1591890307429{margin-right: 10% !important;margin-left: 10% !important;}&#8220; _et_uniqid=&#8220;et_custom_uniqid_new_5ee2517a46f1b&#8220;][vc_column width=&#8220;1\/6&#8243;][\/vc_column][vc_column width=&#8220;2\/3&#8243;][vc_column_text css=&#8220;.vc_custom_1591197526471{margin-bottom: 10px !important;}&#8220;]<span style=\"color: #009739; font-size: 40px; line-height: 40px;\"><strong>Schrumpffolie<\/strong><\/span>[\/vc_column_text][\/vc_column][vc_column width=&#8220;1\/6&#8243;][\/vc_column][\/vc_row][vc_row][vc_column][vc_empty_space height=&#8220;30px&#8220;][\/vc_column][\/vc_row][vc_row et_uniqid=&#8220;et_custom_uniqid_5eb442ef915ad&#8220; css=&#8220;.vc_custom_1591890319347{margin-right: 10% !important;margin-left: 10% !important;}&#8220; _et_uniqid=&#8220;et_custom_uniqid_new_5ee251885d669&#8243;][vc_column width=&#8220;1\/6&#8243;][\/vc_column][vc_column width=&#8220;2\/3&#8243;][vc_row_inner][vc_column_inner width=&#8220;1\/2&#8243;][vc_single_image image=&#8220;2860&#8243; img_size=&#8220;full&#8220; alignment=&#8220;center&#8220; onclick=&#8220;custom_link&#8220; link=&#8220;https:\/\/www.plastigaur.com\/de\/losungen\/sekundarverpackungen\/schrumpffolie\/neutrale-folie\/&#8220;][vc_column_text css=&#8220;.vc_custom_1596706154368{margin-top: 0px !important;padding-top: 0px !important;}&#8220;]<\/p>\n<p style=\"text-align: center;\"><span style=\"color: #005776;\"><a style=\"color: #005776;\" href=\"https:\/\/www.plastigaur.com\/de\/losungen\/sekundarverpackungen\/neutrale-folie\/\"><strong>NEUTRALE FOLIE<\/strong><\/a><\/span><\/p>\n<p style=\"text-align: left;\"><strong>Maximale Stabilit\u00e4t<\/strong> bei allen Arten von Gruppierungen wie zum Beispiel Dosen-, Flaschen-, Brick-Multipacks<\/p>\n<p>[\/vc_column_text][vc_column_text]<\/p>\n<p style=\"text-align: right;\"><a href=\"https:\/\/www.plastigaur.com\/de\/losungen\/sekundarverpackungen\/neutrale-folie\/\"><span style=\"color: #009739;\">mehr Infos \u2192<\/span><\/a><\/p>\n<p>[\/vc_column_text][\/vc_column_inner][vc_column_inner width=&#8220;1\/2&#8243;][vc_single_image image=&#8220;2866&#8243; img_size=&#8220;full&#8220; alignment=&#8220;center&#8220; onclick=&#8220;custom_link&#8220; link=&#8220;https:\/\/www.plastigaur.com\/de\/losungen\/sekundarverpackungen\/schrumpffolie\/bedruckte-folie\/&#8220;][vc_column_text css=&#8220;.vc_custom_1596706131137{margin-top: 0px !important;padding-top: 0px !important;}&#8220;]<\/p>\n<p style=\"text-align: center;\"><span style=\"color: #005776;\"><a style=\"color: #005776;\" href=\"https:\/\/www.plastigaur.com\/de\/losungen\/sekundarverpackungen\/bedruckte-folie\/\"><strong>BEDRUCKTE FOLIE<\/strong><\/a><\/span><\/p>\n<p style=\"text-align: left;\"><strong>Hochwertiger Flexdruck mit bis zu 8 Farben<\/strong>, die einen Druck mit hohen Qualit\u00e4tsstandards erm\u00f6glicht.<\/p>\n<p>[\/vc_column_text][vc_column_text]<\/p>\n<p style=\"text-align: right;\"><a href=\"https:\/\/www.plastigaur.com\/de\/losungen\/sekundarverpackungen\/bedruckte-folie\/\"><span style=\"color: #009739;\">mehr Infos \u2192<\/span><\/a><\/p>\n<p>[\/vc_column_text][\/vc_column_inner][\/vc_row_inner][\/vc_column][vc_column width=&#8220;1\/6&#8243;][\/vc_column][\/vc_row][vc_row][vc_column][vc_empty_space height=&#8220;50px&#8220;][\/vc_column][\/vc_row][vc_row full_width=&#8220;stretch_row&#8220; equal_height=&#8220;yes&#8220; content_placement=&#8220;middle&#8220; et_uniqid=&#8220;et_custom_uniqid_5eb3ee821bb35&#8243; enable_first_overlay=&#8220;true&#8220; first_overlay_opacity=&#8220;30&#8243; first_background_type=&#8220;gradient&#8220; first_background_gradient=&#8220;#005776||#009739||0;100||90||linear&#8220; _et_uniqid=&#8220;et_custom_uniqid_new_5ed7c591e0581&#8243;][vc_column width=&#8220;1\/2&#8243;][vc_empty_space height=&#8220;40px&#8220;][vc_row_inner equal_height=&#8220;yes&#8220; content_placement=&#8220;middle&#8220; et_uniqid=&#8220;et_custom_uniqid_5ed7c25a682c7&#8243; _et_uniqid=&#8220;et_custom_uniqid_new_5ed7c25aaeb86&#8243;][vc_column_inner width=&#8220;1\/3&#8243;][vc_single_image image=&#8220;2880&#8243; img_size=&#8220;100&#215;100&#8243; alignment=&#8220;center&#8220; css=&#8220;.vc_custom_1591198812505{margin-bottom: 0px !important;}&#8220;][\/vc_column_inner][vc_column_inner width=&#8220;2\/3&#8243;][vc_column_text css=&#8220;.vc_custom_1591890358034{margin-top: 0px !important;margin-bottom: 0px !important;padding-top: 0px !important;}&#8220; el_class=&#8220;centrado&#8220;]<\/p>\n<p style=\"text-align: left; margin-bottom: 0px;\"><strong>HOCHWERTIGER DRUCK<\/strong><\/p>\n<p style=\"text-align: left;\"><span style=\"color: #009739;\">Hochwertiger Flexdruck mit bis zu 8 Farben<\/span><\/p>\n<p>[\/vc_column_text][\/vc_column_inner][\/vc_row_inner][vc_empty_space height=&#8220;40px&#8220;][\/vc_column][vc_column width=&#8220;1\/2&#8243;][vc_empty_space height=&#8220;40px&#8220;][vc_row_inner equal_height=&#8220;yes&#8220; content_placement=&#8220;middle&#8220; et_uniqid=&#8220;et_custom_uniqid_5ed7c2743b836&#8243; _et_uniqid=&#8220;et_custom_uniqid_new_5ed7c2749a507&#8243;][vc_column_inner width=&#8220;1\/3&#8243;][vc_single_image image=&#8220;2875&#8243; img_size=&#8220;100&#215;100&#8243; alignment=&#8220;center&#8220; css=&#8220;.vc_custom_1591198821255{margin-bottom: 0px !important;}&#8220;][\/vc_column_inner][vc_column_inner width=&#8220;2\/3&#8243;][vc_column_text css=&#8220;.vc_custom_1591890556076{margin-top: 0px !important;margin-bottom: 0px !important;padding-top: 0px !important;}&#8220; el_class=&#8220;centrado&#8220;]<\/p>\n<p style=\"text-align: left; margin-bottom: 0px;\"><strong>NACHHALTIGE MATERIALIEN<\/strong><\/p>\n<p style=\"text-align: left;\"><span style=\"color: #009739;\">Mit Rezyklatanteil und zu 100 % recycelbar<\/span><\/p>\n<p>[\/vc_column_text][\/vc_column_inner][\/vc_row_inner][vc_empty_space height=&#8220;40px&#8220;][\/vc_column][\/vc_row][vc_row full_width=&#8220;stretch_row&#8220; et_uniqid=&#8220;et_custom_uniqid_5eb43f03ab62b&#8220; enable_first_overlay=&#8220;true&#8220; first_overlay_opacity=&#8220;100&#8243; first_background_type=&#8220;gradient&#8220; first_background_gradient=&#8220;#005776||#009739||0;100||90||linear&#8220; _et_uniqid=&#8220;et_custom_uniqid_new_5eb43f0401987&#8243;][vc_column][vc_empty_space height=&#8220;30px&#8220;][\/vc_column][\/vc_row][vc_row][vc_column][vc_empty_space height=&#8220;50px&#8220;][\/vc_column][\/vc_row][vc_row][vc_column][vc_column_text]<div class=\"vc_row wpb_row vc_row-fluid et_custom_uniqid_69d4b19b600ea mpc-row\"><div class=\"wpb_column vc_column_container vc_col-sm-6 et_custom_uniqid_new_5ec2452a84249 mpc-column\" data-column-id=\"mpc_column-9769d4b19b7559d\"><div class=\"vc_column-inner vc_custom_1589790028258\"><div class=\"wpb_wrapper\"><div class=\"vc_empty_space\" style=\"height: 20px\"><span class=\"vc_empty_space_inner\"><\/span><\/div>\r\n\t<div class=\"wpb_text_column wpb_content_element \">\r\n\t\t<div class=\"wpb_wrapper\">\r\n\t\t\t<p style=\"text-align: left;\"><strong><span class=\"titulo\" style=\"color: #009739; font-size: 80px; line-height: 80px;\">Kontakt<\/span><\/strong><br>\n<span class=\"titulo\" style=\"color: #009739; font-size: 60px; line-height: 60px;\">Plastigaur<\/span><\/p>\n\r\n\t\t<\/div>\r\n\t<\/div>\r\n\r\n\t<div class=\"wpb_text_column wpb_content_element  vc_custom_1596621432157\">\r\n\t\t<div class=\"wpb_wrapper\">\r\n\t\t\t<p><span style=\"color: #005776; font-size: 18px; line-height: 18px;\">Wenn Sie Fragen haben oder einen Kostenvoranschlag anfordern m&ouml;chten, stehen wir Ihnen gerne zur Verf&uuml;gung.<\/span><\/p>\n\r\n\t\t<\/div>\r\n\t<\/div>\r\n<div class=\"vc_empty_space\" style=\"height: 32px\"><span class=\"vc_empty_space_inner\"><\/span><\/div>\r\n\t<div class=\"wpb_text_column wpb_content_element  vc_custom_1591885505000\">\r\n\t\t<div class=\"wpb_wrapper\">\r\n\t\t\t<p><strong><a href=\"mailto:plastigaur@plastigaur.com\"><span class=\"mail-movil\" style=\"color: #005776; font-size: 28px; line-height: 28px;\">plastigaur@plastigaur.com<\/span><\/a><\/strong><\/p>\n<p><strong><span style=\"color: #005776; font-size: 28px; line-height: 28px;\">+34 943 59 03 11<\/span><\/strong><\/p>\n\r\n\t\t<\/div>\r\n\t<\/div>\r\n<\/div><\/div><\/div><div class=\"wpb_column vc_column_container vc_col-sm-6 et_custom_uniqid_69d4b19b60090 mpc-column\" data-column-id=\"mpc_column-5669d4b19b7b0d9\"><div class=\"vc_column-inner\"><div class=\"wpb_wrapper\"><div class=\"vc_empty_space\" style=\"height: 20px\"><span class=\"vc_empty_space_inner\"><\/span><\/div>\n<div class=\"wpcf7 no-js\" id=\"wpcf7-f5271-o1\" lang=\"es-ES\" dir=\"ltr\" data-wpcf7-id=\"5271\">\n<div class=\"screen-reader-response\"><p role=\"status\" aria-live=\"polite\" aria-atomic=\"true\"><\/p> <ul><\/ul><\/div>\n<form action=\"\/de\/wp-json\/wp\/v2\/pages\/4677#wpcf7-f5271-o1\" method=\"post\" class=\"wpcf7-form init\" aria-label=\"Formulario de contacto\" novalidate=\"novalidate\" data-status=\"init\">\n<fieldset class=\"hidden-fields-container\"><input type=\"hidden\" name=\"_wpcf7\" value=\"5271\"><input type=\"hidden\" name=\"_wpcf7_version\" value=\"6.1.5\"><input type=\"hidden\" name=\"_wpcf7_locale\" value=\"es_ES\"><input type=\"hidden\" name=\"_wpcf7_unit_tag\" value=\"wpcf7-f5271-o1\"><input type=\"hidden\" name=\"_wpcf7_container_post\" value=\"0\"><input type=\"hidden\" name=\"_wpcf7_posted_data_hash\" value=\"\">\n<\/fieldset>\n<p><label> <span class=\"wpcf7-form-control-wrap\" data-name=\"your-name\"><input size=\"40\" maxlength=\"400\" class=\"wpcf7-form-control wpcf7-text wpcf7-validates-as-required\" aria-required=\"true\" aria-invalid=\"false\" placeholder=\"VOR-UND NACHNAME*\" value=\"\" type=\"text\" name=\"your-name\"><\/span> <\/label>\n<\/p>\n<p><label> <span class=\"wpcf7-form-control-wrap\" data-name=\"compania\"><input size=\"40\" maxlength=\"400\" class=\"wpcf7-form-control wpcf7-text wpcf7-validates-as-required\" aria-required=\"true\" aria-invalid=\"false\" placeholder=\"FIRMA\" value=\"\" type=\"text\" name=\"compania\"><\/span> <\/label>\n<\/p>\n<p><label> <span class=\"wpcf7-form-control-wrap\" data-name=\"your-email\"><input size=\"40\" maxlength=\"400\" class=\"wpcf7-form-control wpcf7-email wpcf7-validates-as-required wpcf7-text wpcf7-validates-as-email\" aria-required=\"true\" aria-invalid=\"false\" placeholder=\"E-MAIL*\" value=\"\" type=\"email\" name=\"your-email\"><\/span><\/label>\n<\/p>\n<p><label> <span class=\"wpcf7-form-control-wrap\" data-name=\"your-subject\"><input size=\"40\" maxlength=\"400\" class=\"wpcf7-form-control wpcf7-tel wpcf7-text wpcf7-validates-as-tel\" aria-invalid=\"false\" placeholder=\"TELEFON\" value=\"\" type=\"tel\" name=\"your-subject\"><\/span> <\/label>\n<\/p>\n<div class=\"formclasses\">\n\t<div class=\"asunto\">\n\t\t<p>BETREFF\n\t\t<\/p>\n\t<\/div>\n\t<div class=\"asuntoinput\">\n\t\t<p><span class=\"wpcf7-form-control-wrap\" data-name=\"asunto\"><select class=\"wpcf7-form-control wpcf7-select wpcf7-validates-as-required\" aria-required=\"true\" aria-invalid=\"false\" name=\"asunto\"><option value=\"PRIM&Auml;RVERPACKUNGEN\">PRIM&Auml;RVERPACKUNGEN<\/option><option value=\"SEKUND&Auml;RVERPACKUNGEN\">SEKUND&Auml;RVERPACKUNGEN<\/option><option value=\"TERTI&Auml;RVERPACKUNGEN\">TERTI&Auml;RVERPACKUNGEN<\/option><option value=\"NACHHALTIGKEIT\">NACHHALTIGKEIT<\/option><option value=\"ANDERE\">ANDERE<\/option><\/select><\/span>\n\t\t<\/p>\n\t<\/div>\n<\/div>\n<p><label> <span class=\"wpcf7-form-control-wrap\" data-name=\"your-message\"><textarea cols=\"40\" rows=\"3\" maxlength=\"2000\" class=\"wpcf7-form-control wpcf7-textarea wpcf7-validates-as-required\" aria-required=\"true\" aria-invalid=\"false\" placeholder=\"NACHRICHT*\" name=\"your-message\"><\/textarea><\/span> <\/label>\n<\/p>\n<p><span class=\"wpcf7-form-control-wrap\" data-name=\"aceptar\"><span class=\"wpcf7-form-control wpcf7-acceptance\"><span class=\"wpcf7-list-item\"><label><input type=\"checkbox\" name=\"aceptar\" value=\"1\" aria-invalid=\"false\"><span class=\"wpcf7-list-item-label\">Ich habe die <a style=\"text-decoration: underline;\" href=\"https:\/\/www.plastigaur.com\/de\/datenschutzerklaerung\/\">Datenschutzerkl&auml;rung<\/a> gelesen und akzeptiere sie.<\/span><\/label><\/span><\/span><\/span>\n<\/p>\n<p><input class=\"wpcf7-form-control wpcf7-submit has-spinner\" type=\"submit\" value=\"Senden\">\n<\/p>\n<p style=\"line-height:0.7;\">\n\t<font size=\"1\">\nVerantwortlicher: PLASTIGAUR, S.A. \/ Zweck: Bearbeitung von Anfragen \/ Legitimierung: Einwilligung der betroffenen Person \/ Empf&auml;nger: Es werden keine Daten an Dritte weitergeben, es sei denn, es besteht eine gesetzliche Verpflichtung \/ Rechte: Zugriff, Berichtigung und L&ouml;schung der Daten sowie andere Rechte, die in der Zusatzinformation erkl&auml;rt werden \/ Zusatzinformation: Die detaillierte Zusatzinformation &uuml;ber Datenschutz kann auf unserer Website eingesehen werden: <a style=\"text-decoration: underline;\" href=\"https:\/\/www.plastigaur.com\/de\/datenschutzerklaerung\/\">Datenschutzerkl&auml;rung<\/a>\n\t<\/font>\n<\/p><p style=\"display: none !important;\" class=\"akismet-fields-container\" data-prefix=\"_wpcf7_ak_\"><label>&Delta;<textarea name=\"_wpcf7_ak_hp_textarea\" cols=\"45\" rows=\"8\" maxlength=\"100\"><\/textarea><\/label><input type=\"hidden\" id=\"ak_js_1\" name=\"_wpcf7_ak_js\" value=\"80\"><script>document.getElementById( \"ak_js_1\" ).setAttribute( \"value\", ( new Date() ).getTime() );<\/script><\/p><div class=\"wpcf7-response-output\" aria-hidden=\"true\"><\/div>\n<\/form>\n<\/div>\n<\/div><\/div><\/div><\/div>\r\n[\/vc_column_text][\/vc_column][\/vc_row]<\/p>\n","protected":false},"excerpt":{"rendered":"PRIM&Auml;RVERPACKUNGEN SEKUND&Auml;RVERPACKUNGEN L&Ouml;SUNGEN TERTI&Auml;RVERPACKUNGEN Sekund&auml;r verpackungen Schrumpffolie NEUTRALE FOLIE Maximale Stabilit&auml;t bei allen Arten von Gruppierungen wie zum Beispiel Dosen-,","protected":false},"author":1,"featured_media":0,"parent":4715,"menu_order":2,"comment_status":"closed","ping_status":"closed","template":"","meta":{"om_disable_all_campaigns":false,"_monsterinsights_skip_tracking":false,"_monsterinsights_sitenote_active":false,"_monsterinsights_sitenote_note":"","_monsterinsights_sitenote_category":0,"_uf_show_specific_survey":0,"_uf_disable_surveys":false,"footnotes":""},"class_list":["post-4677","page","type-page","status-publish","hentry"],"yoast_head":"<!-- This site is optimized with the Yoast SEO plugin v25.8 - https:\/\/yoast.com\/wordpress\/plugins\/seo\/ -->\n<title>Verkauf nachhaltiger Sekund\u00e4rverpackungen | Verpackungsl\u00f6sungen | Plastigaur<\/title>\n<meta name=\"description\" content=\"Verkauf nachhaltiger Sekund\u00e4rverpackungen | Hochwertiger Druck und nachhaltige, 100 % recycelbare Materialien mit Rezyklatanteil | Plastigaur\" \/>\n<meta name=\"robots\" content=\"index, follow, max-snippet:-1, max-image-preview:large, max-video-preview:-1\" \/>\n<link rel=\"canonical\" href=\"https:\/\/www.plastigaur.com\/de\/losungen\/sekundarverpackungen\/\" \/>\n<meta property=\"og:locale\" content=\"de_DE\" \/>\n<meta property=\"og:type\" content=\"article\" \/>\n<meta property=\"og:title\" content=\"Verkauf nachhaltiger Sekund\u00e4rverpackungen | Verpackungsl\u00f6sungen | Plastigaur\" \/>\n<meta property=\"og:description\" content=\"Verkauf nachhaltiger Sekund\u00e4rverpackungen | Hochwertiger Druck und nachhaltige, 100 % recycelbare Materialien mit Rezyklatanteil | Plastigaur\" \/>\n<meta property=\"og:url\" content=\"https:\/\/www.plastigaur.com\/de\/losungen\/sekundarverpackungen\/\" \/>\n<meta property=\"og:site_name\" content=\"Plastigaur\" \/>\n<meta property=\"article:modified_time\" content=\"2020-08-06T09:29:18+00:00\" \/>\n<meta name=\"twitter:card\" content=\"summary_large_image\" \/>\n<meta name=\"twitter:label1\" content=\"Gesch\u00e4tzte Lesezeit\" \/>\n\t<meta name=\"twitter:data1\" content=\"4\u00a0Minuten\" \/>\n<script type=\"application\/ld+json\" class=\"yoast-schema-graph\">{\"@context\":\"https:\/\/schema.org\",\"@graph\":[{\"@type\":\"WebPage\",\"@id\":\"https:\/\/www.plastigaur.com\/de\/losungen\/sekundarverpackungen\/\",\"url\":\"https:\/\/www.plastigaur.com\/de\/losungen\/sekundarverpackungen\/\",\"name\":\"Verkauf nachhaltiger Sekund\u00e4rverpackungen | Verpackungsl\u00f6sungen | Plastigaur\",\"isPartOf\":{\"@id\":\"https:\/\/www.plastigaur.com\/de\/#website\"},\"datePublished\":\"2020-08-02T10:11:31+00:00\",\"dateModified\":\"2020-08-06T09:29:18+00:00\",\"description\":\"Verkauf nachhaltiger Sekund\u00e4rverpackungen | Hochwertiger Druck und nachhaltige, 100 % recycelbare Materialien mit Rezyklatanteil | Plastigaur\",\"breadcrumb\":{\"@id\":\"https:\/\/www.plastigaur.com\/de\/losungen\/sekundarverpackungen\/#breadcrumb\"},\"inLanguage\":\"de\",\"potentialAction\":[{\"@type\":\"ReadAction\",\"target\":[\"https:\/\/www.plastigaur.com\/de\/losungen\/sekundarverpackungen\/\"]}]},{\"@type\":\"BreadcrumbList\",\"@id\":\"https:\/\/www.plastigaur.com\/de\/losungen\/sekundarverpackungen\/#breadcrumb\",\"itemListElement\":[{\"@type\":\"ListItem\",\"position\":1,\"name\":\"START\",\"item\":\"https:\/\/www.plastigaur.com\/de\/\"},{\"@type\":\"ListItem\",\"position\":2,\"name\":\"L\u00d6SUNGEN\",\"item\":\"https:\/\/www.plastigaur.com\/de\/losungen\/\"},{\"@type\":\"ListItem\",\"position\":3,\"name\":\"SEKUND\u00c4RVERPACKUNGEN\"}]},{\"@type\":\"WebSite\",\"@id\":\"https:\/\/www.plastigaur.com\/de\/#website\",\"url\":\"https:\/\/www.plastigaur.com\/de\/\",\"name\":\"Plastigaur\",\"description\":\"Envases y Embalajes\",\"publisher\":{\"@id\":\"https:\/\/www.plastigaur.com\/de\/#organization\"},\"potentialAction\":[{\"@type\":\"SearchAction\",\"target\":{\"@type\":\"EntryPoint\",\"urlTemplate\":\"https:\/\/www.plastigaur.com\/de\/?s={search_term_string}\"},\"query-input\":{\"@type\":\"PropertyValueSpecification\",\"valueRequired\":true,\"valueName\":\"search_term_string\"}}],\"inLanguage\":\"de\"},{\"@type\":\"Organization\",\"@id\":\"https:\/\/www.plastigaur.com\/de\/#organization\",\"name\":\"Plastigaur\",\"url\":\"https:\/\/www.plastigaur.com\/de\/\",\"logo\":{\"@type\":\"ImageObject\",\"inLanguage\":\"de\",\"@id\":\"https:\/\/www.plastigaur.com\/de\/#\/schema\/logo\/image\/\",\"url\":\"https:\/\/www.plastigaur.com\/wp-content\/uploads\/2020\/05\/Plastigaur-envases-y-embalajes-sostenibles.png\",\"contentUrl\":\"https:\/\/www.plastigaur.com\/wp-content\/uploads\/2020\/05\/Plastigaur-envases-y-embalajes-sostenibles.png\",\"width\":400,\"height\":110,\"caption\":\"Plastigaur\"},\"image\":{\"@id\":\"https:\/\/www.plastigaur.com\/de\/#\/schema\/logo\/image\/\"},\"sameAs\":[\"https:\/\/www.linkedin.com\/company\/plastigaur\/\"]}]}<\/script>\n<!-- \/ Yoast SEO plugin. -->","yoast_head_json":{"title":"Verkauf nachhaltiger Sekund\u00e4rverpackungen | Verpackungsl\u00f6sungen | Plastigaur","description":"Verkauf nachhaltiger Sekund\u00e4rverpackungen | Hochwertiger Druck und nachhaltige, 100 % recycelbare Materialien mit Rezyklatanteil | Plastigaur","robots":{"index":"index","follow":"follow","max-snippet":"max-snippet:-1","max-image-preview":"max-image-preview:large","max-video-preview":"max-video-preview:-1"},"canonical":"https:\/\/www.plastigaur.com\/de\/losungen\/sekundarverpackungen\/","og_locale":"de_DE","og_type":"article","og_title":"Verkauf nachhaltiger Sekund\u00e4rverpackungen | Verpackungsl\u00f6sungen | Plastigaur","og_description":"Verkauf nachhaltiger Sekund\u00e4rverpackungen | Hochwertiger Druck und nachhaltige, 100 % recycelbare Materialien mit Rezyklatanteil | Plastigaur","og_url":"https:\/\/www.plastigaur.com\/de\/losungen\/sekundarverpackungen\/","og_site_name":"Plastigaur","article_modified_time":"2020-08-06T09:29:18+00:00","twitter_card":"summary_large_image","twitter_misc":{"Gesch\u00e4tzte Lesezeit":"4\u00a0Minuten"},"schema":{"@context":"https:\/\/schema.org","@graph":[{"@type":"WebPage","@id":"https:\/\/www.plastigaur.com\/de\/losungen\/sekundarverpackungen\/","url":"https:\/\/www.plastigaur.com\/de\/losungen\/sekundarverpackungen\/","name":"Verkauf nachhaltiger Sekund\u00e4rverpackungen | Verpackungsl\u00f6sungen | Plastigaur","isPartOf":{"@id":"https:\/\/www.plastigaur.com\/de\/#website"},"datePublished":"2020-08-02T10:11:31+00:00","dateModified":"2020-08-06T09:29:18+00:00","description":"Verkauf nachhaltiger Sekund\u00e4rverpackungen | Hochwertiger Druck und nachhaltige, 100 % recycelbare Materialien mit Rezyklatanteil | Plastigaur","breadcrumb":{"@id":"https:\/\/www.plastigaur.com\/de\/losungen\/sekundarverpackungen\/#breadcrumb"},"inLanguage":"de","potentialAction":[{"@type":"ReadAction","target":["https:\/\/www.plastigaur.com\/de\/losungen\/sekundarverpackungen\/"]}]},{"@type":"BreadcrumbList","@id":"https:\/\/www.plastigaur.com\/de\/losungen\/sekundarverpackungen\/#breadcrumb","itemListElement":[{"@type":"ListItem","position":1,"name":"START","item":"https:\/\/www.plastigaur.com\/de\/"},{"@type":"ListItem","position":2,"name":"L\u00d6SUNGEN","item":"https:\/\/www.plastigaur.com\/de\/losungen\/"},{"@type":"ListItem","position":3,"name":"SEKUND\u00c4RVERPACKUNGEN"}]},{"@type":"WebSite","@id":"https:\/\/www.plastigaur.com\/de\/#website","url":"https:\/\/www.plastigaur.com\/de\/","name":"Plastigaur","description":"Envases y Embalajes","publisher":{"@id":"https:\/\/www.plastigaur.com\/de\/#organization"},"potentialAction":[{"@type":"SearchAction","target":{"@type":"EntryPoint","urlTemplate":"https:\/\/www.plastigaur.com\/de\/?s={search_term_string}"},"query-input":{"@type":"PropertyValueSpecification","valueRequired":true,"valueName":"search_term_string"}}],"inLanguage":"de"},{"@type":"Organization","@id":"https:\/\/www.plastigaur.com\/de\/#organization","name":"Plastigaur","url":"https:\/\/www.plastigaur.com\/de\/","logo":{"@type":"ImageObject","inLanguage":"de","@id":"https:\/\/www.plastigaur.com\/de\/#\/schema\/logo\/image\/","url":"https:\/\/www.plastigaur.com\/wp-content\/uploads\/2020\/05\/Plastigaur-envases-y-embalajes-sostenibles.png","contentUrl":"https:\/\/www.plastigaur.com\/wp-content\/uploads\/2020\/05\/Plastigaur-envases-y-embalajes-sostenibles.png","width":400,"height":110,"caption":"Plastigaur"},"image":{"@id":"https:\/\/www.plastigaur.com\/de\/#\/schema\/logo\/image\/"},"sameAs":["https:\/\/www.linkedin.com\/company\/plastigaur\/"]}]}},"_links":{"self":[{"href":"https:\/\/www.plastigaur.com\/de\/wp-json\/wp\/v2\/pages\/4677","targetHints":{"allow":["GET"]}}],"collection":[{"href":"https:\/\/www.plastigaur.com\/de\/wp-json\/wp\/v2\/pages"}],"about":[{"href":"https:\/\/www.plastigaur.com\/de\/wp-json\/wp\/v2\/types\/page"}],"author":[{"embeddable":true,"href":"https:\/\/www.plastigaur.com\/de\/wp-json\/wp\/v2\/users\/1"}],"replies":[{"embeddable":true,"href":"https:\/\/www.plastigaur.com\/de\/wp-json\/wp\/v2\/comments?post=4677"}],"version-history":[{"count":7,"href":"https:\/\/www.plastigaur.com\/de\/wp-json\/wp\/v2\/pages\/4677\/revisions"}],"predecessor-version":[{"id":5632,"href":"https:\/\/www.plastigaur.com\/de\/wp-json\/wp\/v2\/pages\/4677\/revisions\/5632"}],"up":[{"embeddable":true,"href":"https:\/\/www.plastigaur.com\/de\/wp-json\/wp\/v2\/pages\/4715"}],"wp:attachment":[{"href":"https:\/\/www.plastigaur.com\/de\/wp-json\/wp\/v2\/media?parent=4677"}],"curies":[{"name":"wp","href":"https:\/\/api.w.org\/{rel}","templated":true}]}}