{"id":4675,"date":"2020-08-02T12:11:30","date_gmt":"2020-08-02T10:11:30","guid":{"rendered":"https:\/\/www.plastigaur.com\/kaschierfolien\/pet-food\/"},"modified":"2020-08-06T11:00:16","modified_gmt":"2020-08-06T09:00:16","slug":"pet-food","status":"publish","type":"page","link":"https:\/\/www.plastigaur.com\/de\/losungen\/primarverpackungen\/kaschierfolien\/pet-food\/","title":{"rendered":"PET-FOOD"},"content":{"rendered":"<p>[vc_row][vc_column][vc_column_text el_class=&#8220;migas-pan&#8220; css=&#8220;.vc_custom_1589823403279{margin-top: 10px !important;margin-bottom: 20px !important;}&#8220;]<div class=\"bc-type-left2 bc-effect-mouse bc-color-dark page-heading\"><div class=\"container a-center pos-relative\"><a href=\"https:\/\/www.plastigaur.com\/de\/\">START<\/a><\/div><\/div>[\/vc_column_text][\/vc_column][\/vc_row][vc_row equal_height=&#8220;yes&#8220; content_placement=&#8220;middle&#8220; et_uniqid=&#8220;et_custom_uniqid_5eb41d0f36886&#8243; enable_first_overlay=&#8220;true&#8220; first_overlay_opacity=&#8220;100&#8243; first_background_type=&#8220;image&#8220; first_background_image=&#8220;2631&#8243; first_background_position=&#8220;top-left&#8220; first_background_image_size=&#8220;400&#215;325&#8243; _et_uniqid=&#8220;et_custom_uniqid_new_5ed9289584758&#8243;][vc_column][vc_column_text css=&#8220;.vc_custom_1591888061504{margin-bottom: 0px !important;}&#8220;]<\/p>\n<p style=\"text-align: right;\"><strong><span class=\"titulo\" style=\"color: #009739; font-size: 80px; line-height: 80px;\">Pet food<\/span><\/strong><\/p>\n<p>[\/vc_column_text][vc_single_image image=&#8220;3887&#8243; img_size=&#8220;full&#8220; alignment=&#8220;center&#8220;][\/vc_column][\/vc_row][vc_row gap=&#8220;35&#8243; equal_height=&#8220;yes&#8220; content_placement=&#8220;top&#8220; et_uniqid=&#8220;et_custom_uniqid_5eb41d0f36886&#8243; _et_uniqid=&#8220;et_custom_uniqid_new_5ec3a147bc07e&#8220;][vc_column width=&#8220;2\/3&#8243;][vc_column_text css=&#8220;.vc_custom_1592911873489{margin-top: 0px !important;padding-top: 0px !important;padding-right: 20px !important;padding-left: 20px !important;}&#8220;]<\/p>\n<p style=\"text-align: justify;\">PLASTIGAUR bietet eine breite Palette an Einschichtfolien und Folien mit Verbundstrukturen f\u00fcr die automatische Abf\u00fcllung von Nahrungsmitteln oder deren Folgeprodukte f\u00fcr den PET-FOOD-Sektor. Wir haben Breiten f\u00fcr jede Art von Pr\u00e4sentationsformaten, von 25-kg-S\u00e4cken bis hin zu ganz kleinen Formaten, wobei stets die maximale Frische des Endprodukts garantiert ist.<\/p>\n<p style=\"text-align: justify;\">Wir liefern <strong><b>EKOGAUR NEO<\/b><\/strong>, 100 % recycelbare Verbundfolien, und <strong><b>EKOGAUR ZIRK<\/b><\/strong>, Materialien mit chemisch recycelten Ressourcen, die nachhaltigste L\u00f6sung f\u00fcr Folien mit Lebensmittelkontakt.<\/p>\n<p>[\/vc_column_text][\/vc_column][vc_column width=&#8220;1\/3&#8243; et_uniqid=&#8220;et_custom_uniqid_5ec39fae67f0d&#8220; _et_uniqid=&#8220;et_custom_uniqid_new_5ec3a079e38ea&#8220;][vc_row_inner][vc_column_inner][vc_column_text css=&#8220;.vc_custom_1592911885543{padding-top: 20px !important;padding-right: 20px !important;padding-bottom: 20px !important;padding-left: 20px !important;background-color: #009739 !important;border-radius: 35px !important;}&#8220;]<span style=\"color: #ffffff;\"><img loading=\"lazy\" decoding=\"async\" class=\"wp-image-2624 aligncenter\" src=\"https:\/\/www.plastigaur.com\/wp-content\/uploads\/2020\/06\/Plastigaur-Ecodise\u00f1o-Reciclabilidad-Sostenibilidad-Ekogaur-HOJA-11.png\" alt=\"Plastigaur \u00d6kodesign Recycelbar Nachhaltig Ekogaur\" width=\"99\" height=\"99\" srcset=\"https:\/\/www.plastigaur.com\/wp-content\/uploads\/2020\/06\/Plastigaur-Ecodise\u00f1o-Reciclabilidad-Sostenibilidad-Ekogaur-HOJA-11.png 301w, https:\/\/www.plastigaur.com\/wp-content\/uploads\/2020\/06\/Plastigaur-Ecodise\u00f1o-Reciclabilidad-Sostenibilidad-Ekogaur-HOJA-11-150x150.png 150w, https:\/\/www.plastigaur.com\/wp-content\/uploads\/2020\/06\/Plastigaur-Ecodise\u00f1o-Reciclabilidad-Sostenibilidad-Ekogaur-HOJA-11-1x1.png 1w, https:\/\/www.plastigaur.com\/wp-content\/uploads\/2020\/06\/Plastigaur-Ecodise\u00f1o-Reciclabilidad-Sostenibilidad-Ekogaur-HOJA-11-10x10.png 10w\" sizes=\"auto, (max-width: 99px) 100vw, 99px\" \/><strong>EKOGAUR NEO<\/strong> und <strong>EKOGAUR ZIRK<\/strong><\/span><\/p>\n<p style=\"color: #ffffff; margin-top: -10px;\">Wir liefern <strong>nachhaltige, 100 % recycelbare<\/strong> L\u00f6sungen f\u00fcr Anwendungen mit niedrigen Barriereanforderungen.[\/vc_column_text][\/vc_column_inner][\/vc_row_inner][\/vc_column][\/vc_row][vc_row][vc_column width=&#8220;1\/2&#8243;][vc_row_inner][vc_column_inner width=&#8220;1\/4&#8243;][vc_single_image image=&#8220;1742&#8243; img_size=&#8220;20&#215;90&#8243; alignment=&#8220;center&#8220;][\/vc_column_inner][vc_column_inner width=&#8220;3\/4&#8243;][vc_column_text css=&#8220;.vc_custom_1589880959031{margin-bottom: 0px !important;}&#8220;]<\/p>\n<p style=\"text-align: left;\"><span style=\"color: #009739; font-size: 40px; line-height: 40px;\">Modell-<br \/>\nStrukturen<\/span><\/p>\n<p>[\/vc_column_text][\/vc_column_inner][\/vc_row_inner][\/vc_column][vc_column width=&#8220;1\/2&#8243;][\/vc_column][\/vc_row][vc_row][vc_column][vc_row_inner][vc_column_inner width=&#8220;1\/3&#8243;][vc_column_text css=&#8220;.vc_custom_1591000000933{margin-top: 0px !important;border-top-width: 1px !important;border-right-width: 1px !important;border-bottom-width: 1px !important;border-left-width: 1px !important;padding-top: 0px !important;padding-right: 20px !important;padding-left: 20px !important;border-left-color: #009739 !important;border-left-style: solid !important;border-right-color: #009739 !important;border-right-style: solid !important;border-top-color: #009739 !important;border-top-style: solid !important;border-bottom-color: #009739 !important;border-bottom-style: solid !important;}&#8220;]<\/p>\n<p style=\"text-align: center;\"><span style=\"color: #005776; font-size: 17px; line-height: 17px;\">PE\/PE:<br \/>\nzum Abf\u00fcllen gro\u00dfer Mengen<\/span><\/p>\n<p>[\/vc_column_text][\/vc_column_inner][vc_column_inner width=&#8220;1\/3&#8243;][vc_column_text css=&#8220;.vc_custom_1591000176060{margin-top: 0px !important;border-top-width: 1px !important;border-right-width: 1px !important;border-bottom-width: 1px !important;border-left-width: 1px !important;padding-top: 0px !important;padding-right: 20px !important;padding-left: 20px !important;border-left-color: #009739 !important;border-left-style: solid !important;border-right-color: #009739 !important;border-right-style: solid !important;border-top-color: #009739 !important;border-top-style: solid !important;border-bottom-color: #009739 !important;border-bottom-style: solid !important;}&#8220;]<\/p>\n<p style=\"text-align: center; padding-top: 14px; padding-bottom: 14px;\"><span style=\"color: #005776; font-size: 18px; line-height: 18px;\">PET \/ PE<\/span><\/p>\n<p>[\/vc_column_text][\/vc_column_inner][vc_column_inner width=&#8220;1\/3&#8243;][vc_column_text css=&#8220;.vc_custom_1591000261730{margin-top: 0px !important;border-top-width: 1px !important;border-right-width: 1px !important;border-bottom-width: 1px !important;border-left-width: 1px !important;padding-top: 0px !important;padding-right: 20px !important;padding-left: 20px !important;border-left-color: #009739 !important;border-left-style: solid !important;border-right-color: #009739 !important;border-right-style: solid !important;border-top-color: #009739 !important;border-top-style: solid !important;border-bottom-color: #009739 !important;border-bottom-style: solid !important;}&#8220;]<\/p>\n<p style=\"text-align: center; padding-top: 14px; padding-bottom: 14px;\"><span style=\"color: #005776; font-size: 18px; line-height: 18px;\">PET \/ OPP MET \/ PE<\/span><\/p>\n<p>[\/vc_column_text][\/vc_column_inner][\/vc_row_inner][\/vc_column][\/vc_row][vc_row][vc_column][vc_empty_space height=&#8220;50px&#8220;][\/vc_column][\/vc_row][vc_row full_width=&#8220;stretch_row&#8220; et_uniqid=&#8220;et_custom_uniqid_5eb43f03ab62b&#8220; enable_first_overlay=&#8220;true&#8220; first_overlay_opacity=&#8220;100&#8243; first_background_type=&#8220;gradient&#8220; first_background_gradient=&#8220;#005776||#009739||0;100||90||linear&#8220; _et_uniqid=&#8220;et_custom_uniqid_new_5eb43f0401987&#8243;][vc_column][vc_empty_space height=&#8220;30px&#8220;][\/vc_column][\/vc_row][vc_row][vc_column][vc_empty_space height=&#8220;50px&#8220;][\/vc_column][\/vc_row][vc_row][vc_column][vc_column_text]<div class=\"vc_row wpb_row vc_row-fluid et_custom_uniqid_69e130bda8782 mpc-row\"><div class=\"wpb_column vc_column_container vc_col-sm-6 et_custom_uniqid_new_5ec2452a84249 mpc-column\" data-column-id=\"mpc_column-5869e130bdc0cce\"><div class=\"vc_column-inner vc_custom_1589790028258\"><div class=\"wpb_wrapper\"><div class=\"vc_empty_space\" style=\"height: 20px\"><span class=\"vc_empty_space_inner\"><\/span><\/div>\r\n\t<div class=\"wpb_text_column wpb_content_element \">\r\n\t\t<div class=\"wpb_wrapper\">\r\n\t\t\t<p style=\"text-align: left;\"><strong><span class=\"titulo\" style=\"color: #009739; font-size: 80px; line-height: 80px;\">Kontakt<\/span><\/strong><br>\n<span class=\"titulo\" style=\"color: #009739; font-size: 60px; line-height: 60px;\">Plastigaur<\/span><\/p>\n\r\n\t\t<\/div>\r\n\t<\/div>\r\n\r\n\t<div class=\"wpb_text_column wpb_content_element  vc_custom_1596621432157\">\r\n\t\t<div class=\"wpb_wrapper\">\r\n\t\t\t<p><span style=\"color: #005776; font-size: 18px; line-height: 18px;\">Wenn Sie Fragen haben oder einen Kostenvoranschlag anfordern m&ouml;chten, stehen wir Ihnen gerne zur Verf&uuml;gung.<\/span><\/p>\n\r\n\t\t<\/div>\r\n\t<\/div>\r\n<div class=\"vc_empty_space\" style=\"height: 32px\"><span class=\"vc_empty_space_inner\"><\/span><\/div>\r\n\t<div class=\"wpb_text_column wpb_content_element  vc_custom_1591885505000\">\r\n\t\t<div class=\"wpb_wrapper\">\r\n\t\t\t<p><strong><a href=\"mailto:plastigaur@plastigaur.com\"><span class=\"mail-movil\" style=\"color: #005776; font-size: 28px; line-height: 28px;\">plastigaur@plastigaur.com<\/span><\/a><\/strong><\/p>\n<p><strong><span style=\"color: #005776; font-size: 28px; line-height: 28px;\">+34 943 59 03 11<\/span><\/strong><\/p>\n\r\n\t\t<\/div>\r\n\t<\/div>\r\n<\/div><\/div><\/div><div class=\"wpb_column vc_column_container vc_col-sm-6 et_custom_uniqid_69e130bda8728 mpc-column\" data-column-id=\"mpc_column-8569e130bdc62a2\"><div class=\"vc_column-inner\"><div class=\"wpb_wrapper\"><div class=\"vc_empty_space\" style=\"height: 20px\"><span class=\"vc_empty_space_inner\"><\/span><\/div>\n<div class=\"wpcf7 no-js\" id=\"wpcf7-f5271-o1\" lang=\"es-ES\" dir=\"ltr\" data-wpcf7-id=\"5271\">\n<div class=\"screen-reader-response\"><p role=\"status\" aria-live=\"polite\" aria-atomic=\"true\"><\/p> <ul><\/ul><\/div>\n<form action=\"\/de\/wp-json\/wp\/v2\/pages\/4675#wpcf7-f5271-o1\" method=\"post\" class=\"wpcf7-form init\" aria-label=\"Formulario de contacto\" novalidate=\"novalidate\" data-status=\"init\">\n<fieldset class=\"hidden-fields-container\"><input type=\"hidden\" name=\"_wpcf7\" value=\"5271\"><input type=\"hidden\" name=\"_wpcf7_version\" value=\"6.1.5\"><input type=\"hidden\" name=\"_wpcf7_locale\" value=\"es_ES\"><input type=\"hidden\" name=\"_wpcf7_unit_tag\" value=\"wpcf7-f5271-o1\"><input type=\"hidden\" name=\"_wpcf7_container_post\" value=\"0\"><input type=\"hidden\" name=\"_wpcf7_posted_data_hash\" value=\"\">\n<\/fieldset>\n<p><label> <span class=\"wpcf7-form-control-wrap\" data-name=\"your-name\"><input size=\"40\" maxlength=\"400\" class=\"wpcf7-form-control wpcf7-text wpcf7-validates-as-required\" aria-required=\"true\" aria-invalid=\"false\" placeholder=\"VOR-UND NACHNAME*\" value=\"\" type=\"text\" name=\"your-name\"><\/span> <\/label>\n<\/p>\n<p><label> <span class=\"wpcf7-form-control-wrap\" data-name=\"compania\"><input size=\"40\" maxlength=\"400\" class=\"wpcf7-form-control wpcf7-text wpcf7-validates-as-required\" aria-required=\"true\" aria-invalid=\"false\" placeholder=\"FIRMA\" value=\"\" type=\"text\" name=\"compania\"><\/span> <\/label>\n<\/p>\n<p><label> <span class=\"wpcf7-form-control-wrap\" data-name=\"your-email\"><input size=\"40\" maxlength=\"400\" class=\"wpcf7-form-control wpcf7-email wpcf7-validates-as-required wpcf7-text wpcf7-validates-as-email\" aria-required=\"true\" aria-invalid=\"false\" placeholder=\"E-MAIL*\" value=\"\" type=\"email\" name=\"your-email\"><\/span><\/label>\n<\/p>\n<p><label> <span class=\"wpcf7-form-control-wrap\" data-name=\"your-subject\"><input size=\"40\" maxlength=\"400\" class=\"wpcf7-form-control wpcf7-tel wpcf7-text wpcf7-validates-as-tel\" aria-invalid=\"false\" placeholder=\"TELEFON\" value=\"\" type=\"tel\" name=\"your-subject\"><\/span> <\/label>\n<\/p>\n<div class=\"formclasses\">\n\t<div class=\"asunto\">\n\t\t<p>BETREFF\n\t\t<\/p>\n\t<\/div>\n\t<div class=\"asuntoinput\">\n\t\t<p><span class=\"wpcf7-form-control-wrap\" data-name=\"asunto\"><select class=\"wpcf7-form-control wpcf7-select wpcf7-validates-as-required\" aria-required=\"true\" aria-invalid=\"false\" name=\"asunto\"><option value=\"PRIM&Auml;RVERPACKUNGEN\">PRIM&Auml;RVERPACKUNGEN<\/option><option value=\"SEKUND&Auml;RVERPACKUNGEN\">SEKUND&Auml;RVERPACKUNGEN<\/option><option value=\"TERTI&Auml;RVERPACKUNGEN\">TERTI&Auml;RVERPACKUNGEN<\/option><option value=\"NACHHALTIGKEIT\">NACHHALTIGKEIT<\/option><option value=\"ANDERE\">ANDERE<\/option><\/select><\/span>\n\t\t<\/p>\n\t<\/div>\n<\/div>\n<p><label> <span class=\"wpcf7-form-control-wrap\" data-name=\"your-message\"><textarea cols=\"40\" rows=\"3\" maxlength=\"2000\" class=\"wpcf7-form-control wpcf7-textarea wpcf7-validates-as-required\" aria-required=\"true\" aria-invalid=\"false\" placeholder=\"NACHRICHT*\" name=\"your-message\"><\/textarea><\/span> <\/label>\n<\/p>\n<p><span class=\"wpcf7-form-control-wrap\" data-name=\"aceptar\"><span class=\"wpcf7-form-control wpcf7-acceptance\"><span class=\"wpcf7-list-item\"><label><input type=\"checkbox\" name=\"aceptar\" value=\"1\" aria-invalid=\"false\"><span class=\"wpcf7-list-item-label\">Ich habe die <a style=\"text-decoration: underline;\" href=\"https:\/\/www.plastigaur.com\/de\/datenschutzerklaerung\/\">Datenschutzerkl&auml;rung<\/a> gelesen und akzeptiere sie.<\/span><\/label><\/span><\/span><\/span>\n<\/p>\n<p><input class=\"wpcf7-form-control wpcf7-submit has-spinner\" type=\"submit\" value=\"Senden\">\n<\/p>\n<p style=\"line-height:0.7;\">\n\t<font size=\"1\">\nVerantwortlicher: PLASTIGAUR, S.A. \/ Zweck: Bearbeitung von Anfragen \/ Legitimierung: Einwilligung der betroffenen Person \/ Empf&auml;nger: Es werden keine Daten an Dritte weitergeben, es sei denn, es besteht eine gesetzliche Verpflichtung \/ Rechte: Zugriff, Berichtigung und L&ouml;schung der Daten sowie andere Rechte, die in der Zusatzinformation erkl&auml;rt werden \/ Zusatzinformation: Die detaillierte Zusatzinformation &uuml;ber Datenschutz kann auf unserer Website eingesehen werden: <a style=\"text-decoration: underline;\" href=\"https:\/\/www.plastigaur.com\/de\/datenschutzerklaerung\/\">Datenschutzerkl&auml;rung<\/a>\n\t<\/font>\n<\/p><p style=\"display: none !important;\" class=\"akismet-fields-container\" data-prefix=\"_wpcf7_ak_\"><label>&Delta;<textarea name=\"_wpcf7_ak_hp_textarea\" cols=\"45\" rows=\"8\" maxlength=\"100\"><\/textarea><\/label><input type=\"hidden\" id=\"ak_js_1\" name=\"_wpcf7_ak_js\" value=\"202\"><script>document.getElementById( \"ak_js_1\" ).setAttribute( \"value\", ( new Date() ).getTime() );<\/script><\/p><div class=\"wpcf7-response-output\" aria-hidden=\"true\"><\/div>\n<\/form>\n<\/div>\n<\/div><\/div><\/div><\/div>\r\n[\/vc_column_text][\/vc_column][\/vc_row]<\/p>\n","protected":false},"excerpt":{"rendered":"START Pet food PLASTIGAUR bietet eine breite Palette an Einschichtfolien und Folien mit Verbundstrukturen f&uuml;r die automatische Abf&uuml;llung von Nahrungsmitteln","protected":false},"author":1,"featured_media":0,"parent":4654,"menu_order":0,"comment_status":"closed","ping_status":"closed","template":"","meta":{"om_disable_all_campaigns":false,"_monsterinsights_skip_tracking":false,"_monsterinsights_sitenote_active":false,"_monsterinsights_sitenote_note":"","_monsterinsights_sitenote_category":0,"_uf_show_specific_survey":0,"_uf_disable_surveys":false,"footnotes":""},"class_list":["post-4675","page","type-page","status-publish","hentry"],"yoast_head":"<!-- This site is optimized with the Yoast SEO plugin v25.8 - https:\/\/yoast.com\/wordpress\/plugins\/seo\/ -->\n<title>Folien f\u00fcr den Pet-Food-Sektor | Kaschierfolien | Prim\u00e4rverpackung | Plastigaur<\/title>\n<meta name=\"description\" content=\"Folien f\u00fcr den Pet-Food-Sektor | Plastigaur bietet ein umfangreiches Sortiment an Einschichtfolien und Folien mit Verbundstrukturen f\u00fcr den PET-FOOD-Sektor.\" \/>\n<meta name=\"robots\" content=\"index, follow, max-snippet:-1, max-image-preview:large, max-video-preview:-1\" \/>\n<link rel=\"canonical\" href=\"https:\/\/www.plastigaur.com\/de\/losungen\/primarverpackungen\/kaschierfolien\/pet-food\/\" \/>\n<meta property=\"og:locale\" content=\"de_DE\" \/>\n<meta property=\"og:type\" content=\"article\" \/>\n<meta property=\"og:title\" content=\"Folien f\u00fcr den Pet-Food-Sektor | Kaschierfolien | Prim\u00e4rverpackung | Plastigaur\" \/>\n<meta property=\"og:description\" content=\"Folien f\u00fcr den Pet-Food-Sektor | Plastigaur bietet ein umfangreiches Sortiment an Einschichtfolien und Folien mit Verbundstrukturen f\u00fcr den PET-FOOD-Sektor.\" \/>\n<meta property=\"og:url\" content=\"https:\/\/www.plastigaur.com\/de\/losungen\/primarverpackungen\/kaschierfolien\/pet-food\/\" \/>\n<meta property=\"og:site_name\" content=\"Plastigaur\" \/>\n<meta property=\"article:modified_time\" content=\"2020-08-06T09:00:16+00:00\" \/>\n<meta property=\"og:image\" content=\"https:\/\/www.plastigaur.com\/wp-content\/uploads\/2020\/06\/Plastigaur-Ecodise\u00f1o-Reciclabilidad-Sostenibilidad-Ekogaur-HOJA-11.png\" \/>\n<meta name=\"twitter:card\" content=\"summary_large_image\" \/>\n<meta name=\"twitter:label1\" content=\"Gesch\u00e4tzte Lesezeit\" \/>\n\t<meta name=\"twitter:data1\" content=\"3\u00a0Minuten\" \/>\n<script type=\"application\/ld+json\" class=\"yoast-schema-graph\">{\"@context\":\"https:\/\/schema.org\",\"@graph\":[{\"@type\":\"WebPage\",\"@id\":\"https:\/\/www.plastigaur.com\/de\/losungen\/primarverpackungen\/kaschierfolien\/pet-food\/\",\"url\":\"https:\/\/www.plastigaur.com\/de\/losungen\/primarverpackungen\/kaschierfolien\/pet-food\/\",\"name\":\"Folien f\u00fcr den Pet-Food-Sektor | Kaschierfolien | Prim\u00e4rverpackung | Plastigaur\",\"isPartOf\":{\"@id\":\"https:\/\/www.plastigaur.com\/de\/#website\"},\"datePublished\":\"2020-08-02T10:11:30+00:00\",\"dateModified\":\"2020-08-06T09:00:16+00:00\",\"description\":\"Folien f\u00fcr den Pet-Food-Sektor | Plastigaur bietet ein umfangreiches Sortiment an Einschichtfolien und Folien mit Verbundstrukturen f\u00fcr den PET-FOOD-Sektor.\",\"breadcrumb\":{\"@id\":\"https:\/\/www.plastigaur.com\/de\/losungen\/primarverpackungen\/kaschierfolien\/pet-food\/#breadcrumb\"},\"inLanguage\":\"de\",\"potentialAction\":[{\"@type\":\"ReadAction\",\"target\":[\"https:\/\/www.plastigaur.com\/de\/losungen\/primarverpackungen\/kaschierfolien\/pet-food\/\"]}]},{\"@type\":\"BreadcrumbList\",\"@id\":\"https:\/\/www.plastigaur.com\/de\/losungen\/primarverpackungen\/kaschierfolien\/pet-food\/#breadcrumb\",\"itemListElement\":[{\"@type\":\"ListItem\",\"position\":1,\"name\":\"START\",\"item\":\"https:\/\/www.plastigaur.com\/de\/\"},{\"@type\":\"ListItem\",\"position\":2,\"name\":\"L\u00d6SUNGEN\",\"item\":\"https:\/\/www.plastigaur.com\/de\/losungen\/\"},{\"@type\":\"ListItem\",\"position\":3,\"name\":\"PRIM\u00c4RVERPACKUNGEN\",\"item\":\"https:\/\/www.plastigaur.com\/de\/losungen\/primarverpackungen\/\"},{\"@type\":\"ListItem\",\"position\":4,\"name\":\"KASCHIERFOLIEN\",\"item\":\"https:\/\/www.plastigaur.com\/de\/losungen\/primarverpackungen\/kaschierfolien\/\"},{\"@type\":\"ListItem\",\"position\":5,\"name\":\"PET-FOOD\"}]},{\"@type\":\"WebSite\",\"@id\":\"https:\/\/www.plastigaur.com\/de\/#website\",\"url\":\"https:\/\/www.plastigaur.com\/de\/\",\"name\":\"Plastigaur\",\"description\":\"Envases y Embalajes\",\"publisher\":{\"@id\":\"https:\/\/www.plastigaur.com\/de\/#organization\"},\"potentialAction\":[{\"@type\":\"SearchAction\",\"target\":{\"@type\":\"EntryPoint\",\"urlTemplate\":\"https:\/\/www.plastigaur.com\/de\/?s={search_term_string}\"},\"query-input\":{\"@type\":\"PropertyValueSpecification\",\"valueRequired\":true,\"valueName\":\"search_term_string\"}}],\"inLanguage\":\"de\"},{\"@type\":\"Organization\",\"@id\":\"https:\/\/www.plastigaur.com\/de\/#organization\",\"name\":\"Plastigaur\",\"url\":\"https:\/\/www.plastigaur.com\/de\/\",\"logo\":{\"@type\":\"ImageObject\",\"inLanguage\":\"de\",\"@id\":\"https:\/\/www.plastigaur.com\/de\/#\/schema\/logo\/image\/\",\"url\":\"https:\/\/www.plastigaur.com\/wp-content\/uploads\/2020\/05\/Plastigaur-envases-y-embalajes-sostenibles.png\",\"contentUrl\":\"https:\/\/www.plastigaur.com\/wp-content\/uploads\/2020\/05\/Plastigaur-envases-y-embalajes-sostenibles.png\",\"width\":400,\"height\":110,\"caption\":\"Plastigaur\"},\"image\":{\"@id\":\"https:\/\/www.plastigaur.com\/de\/#\/schema\/logo\/image\/\"},\"sameAs\":[\"https:\/\/www.linkedin.com\/company\/plastigaur\/\"]}]}<\/script>\n<!-- \/ Yoast SEO plugin. -->","yoast_head_json":{"title":"Folien f\u00fcr den Pet-Food-Sektor | Kaschierfolien | Prim\u00e4rverpackung | Plastigaur","description":"Folien f\u00fcr den Pet-Food-Sektor | Plastigaur bietet ein umfangreiches Sortiment an Einschichtfolien und Folien mit Verbundstrukturen f\u00fcr den PET-FOOD-Sektor.","robots":{"index":"index","follow":"follow","max-snippet":"max-snippet:-1","max-image-preview":"max-image-preview:large","max-video-preview":"max-video-preview:-1"},"canonical":"https:\/\/www.plastigaur.com\/de\/losungen\/primarverpackungen\/kaschierfolien\/pet-food\/","og_locale":"de_DE","og_type":"article","og_title":"Folien f\u00fcr den Pet-Food-Sektor | Kaschierfolien | Prim\u00e4rverpackung | Plastigaur","og_description":"Folien f\u00fcr den Pet-Food-Sektor | Plastigaur bietet ein umfangreiches Sortiment an Einschichtfolien und Folien mit Verbundstrukturen f\u00fcr den PET-FOOD-Sektor.","og_url":"https:\/\/www.plastigaur.com\/de\/losungen\/primarverpackungen\/kaschierfolien\/pet-food\/","og_site_name":"Plastigaur","article_modified_time":"2020-08-06T09:00:16+00:00","og_image":[{"url":"https:\/\/www.plastigaur.com\/wp-content\/uploads\/2020\/06\/Plastigaur-Ecodise\u00f1o-Reciclabilidad-Sostenibilidad-Ekogaur-HOJA-11.png","type":"","width":"","height":""}],"twitter_card":"summary_large_image","twitter_misc":{"Gesch\u00e4tzte Lesezeit":"3\u00a0Minuten"},"schema":{"@context":"https:\/\/schema.org","@graph":[{"@type":"WebPage","@id":"https:\/\/www.plastigaur.com\/de\/losungen\/primarverpackungen\/kaschierfolien\/pet-food\/","url":"https:\/\/www.plastigaur.com\/de\/losungen\/primarverpackungen\/kaschierfolien\/pet-food\/","name":"Folien f\u00fcr den Pet-Food-Sektor | Kaschierfolien | Prim\u00e4rverpackung | Plastigaur","isPartOf":{"@id":"https:\/\/www.plastigaur.com\/de\/#website"},"datePublished":"2020-08-02T10:11:30+00:00","dateModified":"2020-08-06T09:00:16+00:00","description":"Folien f\u00fcr den Pet-Food-Sektor | Plastigaur bietet ein umfangreiches Sortiment an Einschichtfolien und Folien mit Verbundstrukturen f\u00fcr den PET-FOOD-Sektor.","breadcrumb":{"@id":"https:\/\/www.plastigaur.com\/de\/losungen\/primarverpackungen\/kaschierfolien\/pet-food\/#breadcrumb"},"inLanguage":"de","potentialAction":[{"@type":"ReadAction","target":["https:\/\/www.plastigaur.com\/de\/losungen\/primarverpackungen\/kaschierfolien\/pet-food\/"]}]},{"@type":"BreadcrumbList","@id":"https:\/\/www.plastigaur.com\/de\/losungen\/primarverpackungen\/kaschierfolien\/pet-food\/#breadcrumb","itemListElement":[{"@type":"ListItem","position":1,"name":"START","item":"https:\/\/www.plastigaur.com\/de\/"},{"@type":"ListItem","position":2,"name":"L\u00d6SUNGEN","item":"https:\/\/www.plastigaur.com\/de\/losungen\/"},{"@type":"ListItem","position":3,"name":"PRIM\u00c4RVERPACKUNGEN","item":"https:\/\/www.plastigaur.com\/de\/losungen\/primarverpackungen\/"},{"@type":"ListItem","position":4,"name":"KASCHIERFOLIEN","item":"https:\/\/www.plastigaur.com\/de\/losungen\/primarverpackungen\/kaschierfolien\/"},{"@type":"ListItem","position":5,"name":"PET-FOOD"}]},{"@type":"WebSite","@id":"https:\/\/www.plastigaur.com\/de\/#website","url":"https:\/\/www.plastigaur.com\/de\/","name":"Plastigaur","description":"Envases y Embalajes","publisher":{"@id":"https:\/\/www.plastigaur.com\/de\/#organization"},"potentialAction":[{"@type":"SearchAction","target":{"@type":"EntryPoint","urlTemplate":"https:\/\/www.plastigaur.com\/de\/?s={search_term_string}"},"query-input":{"@type":"PropertyValueSpecification","valueRequired":true,"valueName":"search_term_string"}}],"inLanguage":"de"},{"@type":"Organization","@id":"https:\/\/www.plastigaur.com\/de\/#organization","name":"Plastigaur","url":"https:\/\/www.plastigaur.com\/de\/","logo":{"@type":"ImageObject","inLanguage":"de","@id":"https:\/\/www.plastigaur.com\/de\/#\/schema\/logo\/image\/","url":"https:\/\/www.plastigaur.com\/wp-content\/uploads\/2020\/05\/Plastigaur-envases-y-embalajes-sostenibles.png","contentUrl":"https:\/\/www.plastigaur.com\/wp-content\/uploads\/2020\/05\/Plastigaur-envases-y-embalajes-sostenibles.png","width":400,"height":110,"caption":"Plastigaur"},"image":{"@id":"https:\/\/www.plastigaur.com\/de\/#\/schema\/logo\/image\/"},"sameAs":["https:\/\/www.linkedin.com\/company\/plastigaur\/"]}]}},"_links":{"self":[{"href":"https:\/\/www.plastigaur.com\/de\/wp-json\/wp\/v2\/pages\/4675","targetHints":{"allow":["GET"]}}],"collection":[{"href":"https:\/\/www.plastigaur.com\/de\/wp-json\/wp\/v2\/pages"}],"about":[{"href":"https:\/\/www.plastigaur.com\/de\/wp-json\/wp\/v2\/types\/page"}],"author":[{"embeddable":true,"href":"https:\/\/www.plastigaur.com\/de\/wp-json\/wp\/v2\/users\/1"}],"replies":[{"embeddable":true,"href":"https:\/\/www.plastigaur.com\/de\/wp-json\/wp\/v2\/comments?post=4675"}],"version-history":[{"count":5,"href":"https:\/\/www.plastigaur.com\/de\/wp-json\/wp\/v2\/pages\/4675\/revisions"}],"predecessor-version":[{"id":5609,"href":"https:\/\/www.plastigaur.com\/de\/wp-json\/wp\/v2\/pages\/4675\/revisions\/5609"}],"up":[{"embeddable":true,"href":"https:\/\/www.plastigaur.com\/de\/wp-json\/wp\/v2\/pages\/4654"}],"wp:attachment":[{"href":"https:\/\/www.plastigaur.com\/de\/wp-json\/wp\/v2\/media?parent=4675"}],"curies":[{"name":"wp","href":"https:\/\/api.w.org\/{rel}","templated":true}]}}