{"id":3576,"date":"2020-05-14T16:44:54","date_gmt":"2020-05-14T14:44:54","guid":{"rendered":"https:\/\/www.plastigaur.com\/politica-de-cookies\/"},"modified":"2020-09-28T08:14:25","modified_gmt":"2020-09-28T06:14:25","slug":"cookie-bestimmungen","status":"publish","type":"page","link":"https:\/\/www.plastigaur.com\/de\/cookie-bestimmungen\/","title":{"rendered":"Cookie-Richtlinien"},"content":{"rendered":"<p>&nbsp;<\/p>\n<h1>Cookie-Richtlinien<\/h1>\n<p>&nbsp;<\/p>\n<p style=\"text-align: justify;\">Unsere Website verwendet Cookies, die es uns erm\u00f6glichen, Ihre Erfahrung als Benutzer zu verbessern, indem wir Ihre Surfgewohnheiten analysieren. In \u00dcbereinstimmung mit dem LSSICE (Gesetz 34\/2002, vom 11. Juli, \u00fcber die Dienste der Informationsgesellschaft und den elektronischen Handel) informieren wir Sie in den folgenden Abs\u00e4tzen dar\u00fcber, was Cookies sind, welche Arten wir auf unserer Website benutzen, wie sie verwaltet werden und bitten Sie um Ihre Zustimmung, um sie zu verwenden.<\/p>\n<ol style=\"text-align: justify;\">\n<li><strong>Was sind Cookies?<\/strong><\/li>\n<\/ol>\n<p style=\"text-align: justify; padding-left: 40px;\">Cookies sind Textdateien mit kleinen Informationsmengen, die \u00fcber Ihren Browser (Internet Explorer, Firefox, Chrome, Safari&#8230;) oder \u00fcber eine Flash-Anwendung auf Ihrem Computer oder elektronischen Ger\u00e4t gespeichert werden. Cookies k\u00f6nnen keine Programme ausf\u00fchren oder Viren in Ihren Computer einschleusen, da es sich nur um Text oder Zahlen handelt, die selbst nicht in der Lage sind, auf pers\u00f6nliche Informationen auf Ihrem Computer zuzugreifen.<\/p>\n<p style=\"text-align: justify; padding-left: 40px;\">Bei jedem Ihrer Besuche erm\u00f6glichen es Cookies den Websites, sich an Sie zu \u201eerinnern\u201c und Informationen \u00fcber Ihre Pr\u00e4ferenzen zu speichern, um Ihre pers\u00f6nliche Erfahrung einfacher und schneller zu machen. Cookies k\u00f6nnen viele verschiedene Funktionen haben, wie z. B. die effiziente Navigation zwischen Seiten, das Speichern von Pr\u00e4ferenzen und die allgemeine Verbesserung der Benutzererfahrung.<\/p>\n<ol style=\"text-align: justify;\" start=\"2\">\n<li><strong>Verwendung von Cookies auf www.plastigaur.com<\/strong><\/li>\n<\/ol>\n<p style=\"text-align: justify; padding-left: 40px;\">Der Zweck besteht darin, die Gesamtzahl der Besucher der Website, den Typ des von unseren Besuchern verwendeten Internetbrowsers (z. B. Netscape Navigator oder Internet Explorer) und Betriebssystems (z. B. Windows oder Macintosh) kontinuierlich zu \u00fcberwachen, um die Leistung unserer Website zu kontrollieren und Ihre Online-Erfahrung pers\u00f6nlich anzupassen und zu verbessern.<\/p>\n<table>\n<tbody>\n<tr>\n<th>Cookie<\/th>\n<th>Anbieter<\/th>\n<th>Zweck<\/th>\n<th>Typ<\/th>\n<th>G\u00fcltigkeit<\/th>\n<\/tr>\n<tr>\n<td>_icl_current_language<\/td>\n<td>WordPress<\/td>\n<td>Erkennt die Benutzersprache<\/td>\n<td>Technisches\/eigenes Cookie<\/td>\n<td>1 Tag<\/td>\n<\/tr>\n<tr>\n<td>_gat<\/td>\n<td>Google Analytics<\/td>\n<td>Wird verwendet, um den Prozentsatz der Anfragen zu begrenzen.<\/td>\n<td>Analytisches Cookie<\/td>\n<td>Sitzung<\/td>\n<\/tr>\n<tr>\n<td>wpml_browser_redirect_test<\/td>\n<td>WordPress<\/td>\n<td>Erm\u00f6glicht die Erkennung der Benutzersprache<\/td>\n<td>Technisches\/eigenes Cookie<\/td>\n<td>Sitzung<\/td>\n<\/tr>\n<tr>\n<td>_ga<\/td>\n<td>Google Analytics<\/td>\n<td>Wird verwendet, um die Benutzer voneinander zu unterscheiden.<\/td>\n<td>Analytisches Cookie<\/td>\n<td>2 Jahre<\/td>\n<\/tr>\n<tr>\n<td>_gid<\/td>\n<td>Google Analytics<\/td>\n<td>Wird verwendet, um die Benutzer voneinander zu unterscheiden.<\/td>\n<td>Analytisches Cookie<\/td>\n<td>1 Tag<\/td>\n<\/tr>\n<tr>\n<td>_icl_visitor_lang_js<\/td>\n<td>WordPress<\/td>\n<td>Erkennt die Benutzersprache<\/td>\n<td>Technisches\/eigenes Cookie<\/td>\n<td>1 Tag<\/td>\n<\/tr>\n<\/tbody>\n<\/table>\n<ol style=\"text-align: justify;\" start=\"3\">\n<li><strong>Welche Cookie-Typen werden verwendet?<\/strong><\/li>\n<\/ol>\n<p style=\"text-align: justify; padding-left: 40px;\"><strong>Google Analytics,<\/strong>\u00a0ist ein Webanalysedienst der Google Inc., einem Unternehmen aus Delaware mit Hauptsitz in 1600 Amphitheatre Parkway, Mountain View (Kalifornien), CA 94043, Vereinigte Staaten (\u201eGoogle\u201c).<\/p>\n<p style=\"text-align: justify; padding-left: 40px;\">Google verwendet Cookies mit den Bezeichnungen _utma, _utmb, _utmc und _utmz, um die Surfgewohnheiten der Nutzer zu analysieren, die auf die Websites seiner Kunden zugreifen. Diese Analyse-Cookies erm\u00f6glichen es uns, die Besucher zu wiedererkennen und zu z\u00e4hlen und zu sehen, wie sie sich durch die Website bewegen. Sie dienen dazu, die Nutzung der Website durch die Benutzer zu analysieren und uns dabei zu helfen, die Funktionsweise der Website zu verbessern.<\/p>\n<p style=\"text-align: justify; padding-left: 40px;\">Die Cookies werden zwar von der Domain der besuchten Website heruntergeladen, doch werden die in ihnen gespeicherten Informationen an Google \u00fcbermittelt, damit dieses den Analysedienst bereitstellen kann. Die uns von Google \u00fcber die Besucher zur Verf\u00fcgung gestellten Informationen zeigen nicht die Details der einzelnen Besucher, sondern allgemeine Werte wie ihre Anzahl, Prozents\u00e4tze in Bezug auf ihr Herkunftsland, ihr Betriebssystem und den verwendeten Browser, die Dauer des Besuchs, die Anzahl der besuchten Seiten usw.<\/p>\n<p style=\"text-align: justify; padding-left: 40px;\">\u00dcber die unten angegebenen Links k\u00f6nnen Sie mehr \u00fcber die Datenschutz- und Cookie-Richtlinien von Google erfahren:<\/p>\n<p style=\"text-align: justify; padding-left: 40px;\"><a href=\"http:\/\/www.google.com\/intl\/es\/analytics\/privacyoverview.html\">http:\/\/www.google.com\/intl\/es\/analytics\/privacyoverview.html<\/a><\/p>\n<p style=\"text-align: justify; padding-left: 40px;\"><a href=\"https:\/\/www.google.com\/analytics\/learn\/privacy.html\">https:\/\/www.google.com\/analytics\/learn\/privacy.html<\/a><\/p>\n<ol style=\"text-align: justify;\" start=\"4\">\n<li><strong>Zustimmung<\/strong><\/li>\n<\/ol>\n<p style=\"text-align: justify; padding-left: 40px;\">Damit wir auf Ihrem Computer Cookies installieren k\u00f6nnen, ben\u00f6tigen wir Ihr Einverst\u00e4ndnis. Dies kann ausdr\u00fccklich erfolgen.<\/p>\n<ol style=\"text-align: justify;\" start=\"5\">\n<li><strong>Widerruf der Zustimmung und Deaktivierung der Cookies.<\/strong><\/li>\n<\/ol>\n<p style=\"text-align: justify; padding-left: 40px;\">Wenn Sie sich sp\u00e4ter entscheiden, die Einwilligung zu widerrufen, k\u00f6nnen Sie einfach auf die entsprechende Cookie-Schaltfl\u00e4che klicken und Ihren Browser so einstellen, dass er Cookies ablehnt. Sie m\u00fcssen dann auch den Browserverlauf l\u00f6schen, um die bereits installierten Cookies zu entfernen.<\/p>\n<p style=\"text-align: justify; padding-left: 40px;\">Zus\u00e4tzlich bieten wir Ihnen im Folgenden Links mit Informationen dar\u00fcber, wie die Cookies bei den am h\u00e4ufigsten verwendeten Browsern deaktiviert werden:<\/p>\n<table class=\"tabla-cookies\" style=\"margin-left: 40px;\">\n<tbody>\n<tr>\n<td width=\"161\"><strong>Internet Explorer<\/strong><\/td>\n<td width=\"169\"><a href=\"http:\/\/windows.microsoft.com\/es-es\/windows-vista\/block-or-allow-cookies\">Mehr erfahren<\/a><\/td>\n<\/tr>\n<tr>\n<td width=\"161\"><strong>Firefox<\/strong><\/td>\n<td width=\"169\"><a href=\"http:\/\/windows.microsoft.com\/es-es\/windows-vista\/block-or-allow-cookies\">Mehr erfahren<\/a><\/td>\n<\/tr>\n<tr>\n<td width=\"161\"><strong>Chrome<\/strong><\/td>\n<td width=\"169\"><a href=\"http:\/\/windows.microsoft.com\/es-es\/windows-vista\/block-or-allow-cookies\">Mehr erfahren<\/a><\/td>\n<\/tr>\n<tr>\n<td width=\"161\"><strong>Opera<\/strong><\/td>\n<td width=\"169\"><a href=\"http:\/\/windows.microsoft.com\/es-es\/windows-vista\/block-or-allow-cookies\">Mehr erfahren<\/a><\/td>\n<\/tr>\n<tr>\n<td width=\"161\"><strong>Safari<\/strong><\/td>\n<td width=\"169\"><a href=\"http:\/\/windows.microsoft.com\/es-es\/windows-vista\/block-or-allow-cookies\">Mehr erfahren<\/a><\/td>\n<\/tr>\n<\/tbody>\n<\/table>\n<p style=\"text-align: justify;\">Die Cookie-Richtlinie kann durch\u00a0<a href=\"https:\/\/www.plastigaur.com\/\">www.plastigaur.com<\/a>,<strong>\u00a0<\/strong>ge\u00e4ndert werden, weshalb wir empfehlen, sie bei jedem Besuch der Website zu lesen.<\/p>\n","protected":false},"excerpt":{"rendered":"<p>&nbsp; Cookie-Richtlinien &nbsp; Unsere Website verwendet Cookies, die es uns erm\u00f6glichen, Ihre Erfahrung als Benutzer zu verbessern, indem wir Ihre<\/p>\n","protected":false},"author":1,"featured_media":0,"parent":0,"menu_order":99,"comment_status":"closed","ping_status":"closed","template":"","meta":{"om_disable_all_campaigns":false,"_monsterinsights_skip_tracking":false,"_monsterinsights_sitenote_active":false,"_monsterinsights_sitenote_note":"","_monsterinsights_sitenote_category":0,"_uf_show_specific_survey":0,"_uf_disable_surveys":false,"footnotes":""},"class_list":["post-3576","page","type-page","status-publish","hentry"],"yoast_head":"<!-- This site is optimized with the Yoast SEO plugin v25.8 - https:\/\/yoast.com\/wordpress\/plugins\/seo\/ -->\n<title>Cookie-Richtlinien - Plastigaur<\/title>\n<meta name=\"robots\" content=\"noindex, nofollow\" \/>\n<meta property=\"og:locale\" content=\"de_DE\" \/>\n<meta property=\"og:type\" content=\"article\" \/>\n<meta property=\"og:title\" content=\"Cookie-Richtlinien - Plastigaur\" \/>\n<meta property=\"og:description\" content=\"&nbsp; Cookie-Richtlinien &nbsp; Unsere Website verwendet Cookies, die es uns erm\u00f6glichen, Ihre Erfahrung als Benutzer zu verbessern, indem wir Ihre\" \/>\n<meta property=\"og:url\" content=\"https:\/\/www.plastigaur.com\/de\/cookie-bestimmungen\/\" \/>\n<meta property=\"og:site_name\" content=\"Plastigaur\" \/>\n<meta property=\"article:modified_time\" content=\"2020-09-28T06:14:25+00:00\" \/>\n<meta name=\"twitter:card\" content=\"summary_large_image\" \/>\n<meta name=\"twitter:label1\" content=\"Gesch\u00e4tzte Lesezeit\" \/>\n\t<meta name=\"twitter:data1\" content=\"3\u00a0Minuten\" \/>\n<script type=\"application\/ld+json\" class=\"yoast-schema-graph\">{\"@context\":\"https:\/\/schema.org\",\"@graph\":[{\"@type\":\"WebPage\",\"@id\":\"https:\/\/www.plastigaur.com\/de\/cookie-bestimmungen\/\",\"url\":\"https:\/\/www.plastigaur.com\/de\/cookie-bestimmungen\/\",\"name\":\"Cookie-Richtlinien - Plastigaur\",\"isPartOf\":{\"@id\":\"https:\/\/www.plastigaur.com\/de\/#website\"},\"datePublished\":\"2020-05-14T14:44:54+00:00\",\"dateModified\":\"2020-09-28T06:14:25+00:00\",\"breadcrumb\":{\"@id\":\"https:\/\/www.plastigaur.com\/de\/cookie-bestimmungen\/#breadcrumb\"},\"inLanguage\":\"de\",\"potentialAction\":[{\"@type\":\"ReadAction\",\"target\":[\"https:\/\/www.plastigaur.com\/de\/cookie-bestimmungen\/\"]}]},{\"@type\":\"BreadcrumbList\",\"@id\":\"https:\/\/www.plastigaur.com\/de\/cookie-bestimmungen\/#breadcrumb\",\"itemListElement\":[{\"@type\":\"ListItem\",\"position\":1,\"name\":\"START\",\"item\":\"https:\/\/www.plastigaur.com\/de\/\"},{\"@type\":\"ListItem\",\"position\":2,\"name\":\"Cookie-Richtlinien\"}]},{\"@type\":\"WebSite\",\"@id\":\"https:\/\/www.plastigaur.com\/de\/#website\",\"url\":\"https:\/\/www.plastigaur.com\/de\/\",\"name\":\"Plastigaur\",\"description\":\"Envases y Embalajes\",\"publisher\":{\"@id\":\"https:\/\/www.plastigaur.com\/de\/#organization\"},\"potentialAction\":[{\"@type\":\"SearchAction\",\"target\":{\"@type\":\"EntryPoint\",\"urlTemplate\":\"https:\/\/www.plastigaur.com\/de\/?s={search_term_string}\"},\"query-input\":{\"@type\":\"PropertyValueSpecification\",\"valueRequired\":true,\"valueName\":\"search_term_string\"}}],\"inLanguage\":\"de\"},{\"@type\":\"Organization\",\"@id\":\"https:\/\/www.plastigaur.com\/de\/#organization\",\"name\":\"Plastigaur\",\"url\":\"https:\/\/www.plastigaur.com\/de\/\",\"logo\":{\"@type\":\"ImageObject\",\"inLanguage\":\"de\",\"@id\":\"https:\/\/www.plastigaur.com\/de\/#\/schema\/logo\/image\/\",\"url\":\"https:\/\/www.plastigaur.com\/wp-content\/uploads\/2020\/05\/Plastigaur-envases-y-embalajes-sostenibles.png\",\"contentUrl\":\"https:\/\/www.plastigaur.com\/wp-content\/uploads\/2020\/05\/Plastigaur-envases-y-embalajes-sostenibles.png\",\"width\":400,\"height\":110,\"caption\":\"Plastigaur\"},\"image\":{\"@id\":\"https:\/\/www.plastigaur.com\/de\/#\/schema\/logo\/image\/\"},\"sameAs\":[\"https:\/\/www.linkedin.com\/company\/plastigaur\/\"]}]}<\/script>\n<!-- \/ Yoast SEO plugin. -->","yoast_head_json":{"title":"Cookie-Richtlinien - Plastigaur","robots":{"index":"noindex","follow":"nofollow"},"og_locale":"de_DE","og_type":"article","og_title":"Cookie-Richtlinien - Plastigaur","og_description":"&nbsp; Cookie-Richtlinien &nbsp; Unsere Website verwendet Cookies, die es uns erm\u00f6glichen, Ihre Erfahrung als Benutzer zu verbessern, indem wir Ihre","og_url":"https:\/\/www.plastigaur.com\/de\/cookie-bestimmungen\/","og_site_name":"Plastigaur","article_modified_time":"2020-09-28T06:14:25+00:00","twitter_card":"summary_large_image","twitter_misc":{"Gesch\u00e4tzte Lesezeit":"3\u00a0Minuten"},"schema":{"@context":"https:\/\/schema.org","@graph":[{"@type":"WebPage","@id":"https:\/\/www.plastigaur.com\/de\/cookie-bestimmungen\/","url":"https:\/\/www.plastigaur.com\/de\/cookie-bestimmungen\/","name":"Cookie-Richtlinien - Plastigaur","isPartOf":{"@id":"https:\/\/www.plastigaur.com\/de\/#website"},"datePublished":"2020-05-14T14:44:54+00:00","dateModified":"2020-09-28T06:14:25+00:00","breadcrumb":{"@id":"https:\/\/www.plastigaur.com\/de\/cookie-bestimmungen\/#breadcrumb"},"inLanguage":"de","potentialAction":[{"@type":"ReadAction","target":["https:\/\/www.plastigaur.com\/de\/cookie-bestimmungen\/"]}]},{"@type":"BreadcrumbList","@id":"https:\/\/www.plastigaur.com\/de\/cookie-bestimmungen\/#breadcrumb","itemListElement":[{"@type":"ListItem","position":1,"name":"START","item":"https:\/\/www.plastigaur.com\/de\/"},{"@type":"ListItem","position":2,"name":"Cookie-Richtlinien"}]},{"@type":"WebSite","@id":"https:\/\/www.plastigaur.com\/de\/#website","url":"https:\/\/www.plastigaur.com\/de\/","name":"Plastigaur","description":"Envases y Embalajes","publisher":{"@id":"https:\/\/www.plastigaur.com\/de\/#organization"},"potentialAction":[{"@type":"SearchAction","target":{"@type":"EntryPoint","urlTemplate":"https:\/\/www.plastigaur.com\/de\/?s={search_term_string}"},"query-input":{"@type":"PropertyValueSpecification","valueRequired":true,"valueName":"search_term_string"}}],"inLanguage":"de"},{"@type":"Organization","@id":"https:\/\/www.plastigaur.com\/de\/#organization","name":"Plastigaur","url":"https:\/\/www.plastigaur.com\/de\/","logo":{"@type":"ImageObject","inLanguage":"de","@id":"https:\/\/www.plastigaur.com\/de\/#\/schema\/logo\/image\/","url":"https:\/\/www.plastigaur.com\/wp-content\/uploads\/2020\/05\/Plastigaur-envases-y-embalajes-sostenibles.png","contentUrl":"https:\/\/www.plastigaur.com\/wp-content\/uploads\/2020\/05\/Plastigaur-envases-y-embalajes-sostenibles.png","width":400,"height":110,"caption":"Plastigaur"},"image":{"@id":"https:\/\/www.plastigaur.com\/de\/#\/schema\/logo\/image\/"},"sameAs":["https:\/\/www.linkedin.com\/company\/plastigaur\/"]}]}},"_links":{"self":[{"href":"https:\/\/www.plastigaur.com\/de\/wp-json\/wp\/v2\/pages\/3576","targetHints":{"allow":["GET"]}}],"collection":[{"href":"https:\/\/www.plastigaur.com\/de\/wp-json\/wp\/v2\/pages"}],"about":[{"href":"https:\/\/www.plastigaur.com\/de\/wp-json\/wp\/v2\/types\/page"}],"author":[{"embeddable":true,"href":"https:\/\/www.plastigaur.com\/de\/wp-json\/wp\/v2\/users\/1"}],"replies":[{"embeddable":true,"href":"https:\/\/www.plastigaur.com\/de\/wp-json\/wp\/v2\/comments?post=3576"}],"version-history":[{"count":6,"href":"https:\/\/www.plastigaur.com\/de\/wp-json\/wp\/v2\/pages\/3576\/revisions"}],"predecessor-version":[{"id":6186,"href":"https:\/\/www.plastigaur.com\/de\/wp-json\/wp\/v2\/pages\/3576\/revisions\/6186"}],"wp:attachment":[{"href":"https:\/\/www.plastigaur.com\/de\/wp-json\/wp\/v2\/media?parent=3576"}],"curies":[{"name":"wp","href":"https:\/\/api.w.org\/{rel}","templated":true}]}}