{"id":3551,"date":"2020-05-14T16:44:35","date_gmt":"2020-05-14T14:44:35","guid":{"rendered":"https:\/\/www.plastigaur.com\/aviso-legal\/"},"modified":"2020-06-24T10:58:20","modified_gmt":"2020-06-24T08:58:20","slug":"rechtlicher-hinweis","status":"publish","type":"page","link":"https:\/\/www.plastigaur.com\/de\/rechtlicher-hinweis\/","title":{"rendered":"Rechtlicher Hinweis"},"content":{"rendered":"<p>&nbsp;<\/p>\n<h1>Rechtlicher Hinweis<\/h1>\n<p>&nbsp;<\/p>\n<p style=\"text-align: justify;\">PLASTIGAUR, S.A. erf\u00fcllt die Anforderungen des spanischen Gesetzes 34 vom 11. Juli 2002 \u00fcber Dienstleistungen der Informationsgesellschaft und E-Commerce und der Verordnung 2016\/679 zum Schutz nat\u00fcrlicher Personen bei der Verarbeitung personenbezogener Daten und zum freien Datenverkehr und hat zu diesem Zweck diesen rechtlichen Hinweis verfasst.<\/p>\n<p style=\"text-align: justify;\">Alle Personen, die auf diese Website (www.plastigaur.com) zugreifen, akzeptieren diese Bedingungen und alle anderen relevanten Rechtsvorschriften und verpflichten sich, diese zu erf\u00fcllen. Die Navigation durch diese Website bedeutet, dass der Anwender diese Bedingungen sowie zuk\u00fcnftige \u00c4nderungen vollkommen verstanden hat und ausdr\u00fccklich akzeptiert.<\/p>\n<p><strong>1 &#8211; IDENTIFIKATION DES WEBINHABERS<\/strong><\/p>\n<p style=\"text-align: justify; padding-left: 40px;\">Die Domain\u00a0<a href=\"https:\/\/www.plastigaur.com\/\">www.plastigaur.com<\/a>\u00a0ist Eigentum von PLASTIGAUR, S.A.<\/p>\n<p style=\"text-align: justify; padding-left: 40px;\">Anschrift: Avda. Madre C\u00e1ndida 20140 Andoain (Guipuzkoa)<\/p>\n<p style=\"text-align: justify; padding-left: 40px;\">St.nr. A-20214623<\/p>\n<p style=\"text-align: justify; padding-left: 40px;\">Tel.: +34-943 59 03 11<\/p>\n<p style=\"text-align: justify; padding-left: 40px;\">E-Mail: plastigaur@plastigaur.com<\/p>\n<p style=\"text-align: justify; padding-left: 40px;\">Eingetragen in das Handelsregister von Guipuzkoa, Band 1, Seite 217, Abteilung 8, Grundst\u00fcck SS-9000, Eintrag 2.<\/p>\n<p style=\"text-align: justify; padding-left: 40px;\">PLASTIGAUR, S.A widmet sich der Verpackung aller Arten von Waren.<\/p>\n<p><strong>2 &#8211; ZWECK DER WEBSITE<\/strong><\/p>\n<p style=\"text-align: justify; padding-left: 40px;\">Diese Website soll aktuelle Kunden und neue Anwender \u00fcber die angebotenen Dienstleistungen und Neuheiten informieren sowie die Anfragen interessierter Personen abwickeln. Der Zugriff auf die Website macht Sie zum Anwender und gilt als vollkommene, vorbehaltlose Zustimmung zu allen in diesem rechtlichen Hinweis enthaltenen Bedingungen. Darum empfehlen wir, diesen rechtlichen Hinweis bei jedem Zugriff auf die Website zu lesen, da sich die darin enthaltenen Bedingungen ver\u00e4ndern k\u00f6nnen.<\/p>\n<p style=\"text-align: justify; padding-left: 40px;\">PLASTIGAUR beh\u00e4lt sich das Recht vor, den Service bzw. Inhalte dieser Website einseitig und ohne Vorank\u00fcndigung zu verbessern, zu \u00e4ndern oder zu l\u00f6schen. Das Unternehmen haftet nicht f\u00fcr Sch\u00e4den, die Dritten aus diesen Inhalten oder deren Richtigkeit entstehen k\u00f6nnen, oder f\u00fcr Inhalte, auf die indirekt \u00fcber Links zu anderen Websites zugegriffen wird. Die f\u00fcr die Website www.plastigaur.com Verantwortlichen haften nicht f\u00fcr externe Links, die eventuell in diese Website aufgenommen werden k\u00f6nnen.<\/p>\n<p><strong>3 &#8211; WEBINHALTE<\/strong><\/p>\n<p style=\"text-align: justify; padding-left: 40px;\">Im Allgemeinen stehen die \u00fcber diese Website angebotenen Dienste und Inhalte in spanischer Sprache zur Verf\u00fcgung. Dies gilt unbeschadet der Tatsache, dass sich PLASTIGAUR die Verwendung anderer Sprachen vorbeh\u00e4lt.<\/p>\n<p style=\"text-align: justify; padding-left: 40px;\">PLASTIGAUR beh\u00e4lt sich das Recht vor, ohne Vorank\u00fcndigung aus freiem Ermessen die als erforderlich erachteten \u00c4nderungen an der Website vorzunehmen, wobei sowohl die angebotenen Inhalte und Dienstle als auch deren Darstellung und Anordnung\u00a0 ge\u00e4ndert, gel\u00f6scht oder erg\u00e4nzt werden k\u00f6nnen und keine Haftung f\u00fcr die den Anwendern entstehenden Folgen \u00fcbernommen werden.<\/p>\n<p><strong>4 &#8211; GEISTIGES UND GEWERBLICHES EIGENTUM<\/strong><\/p>\n<p style=\"text-align: justify; padding-left: 40px;\">Alle Inhalte dieser Website wie unter anderem Texte, Grafiken, Bilder, Design und geistige Eigentumsrechte bez\u00fcglich dieser Inhalte sowie alle Marken, Handelsnamen und andere Kennzeichen sind Eigentum des Websiteinhabers oder der jeweiligen rechtm\u00e4\u00dfiger Eigent\u00fcmer, wobei alle diesbez\u00fcglichen Rechte vorbehalten sind. Alle Inhalte dieser Website sind durch die Vorschriften \u00fcber geistiges und gewerbliches Eigentum gesch\u00fctzt und in die entsprechenden \u00f6ffentlichen Register eingetragen.<\/p>\n<p style=\"text-align: justify; padding-left: 40px;\">Jegliche vollst\u00e4ndige oder teilweise Wiedergabe der Inhalte in jeglicher mechanischen, elektronischen, reprografischen oder anderweitigen Form ist untersagt. Dies gilt ebenso f\u00fcr alle Arten der Verbreitung, \u00f6ffentlichen Kommunikation oder\u00a0 Verteilung ohne die vorherige schriftliche Zustimmung durch PLASTIGAUR oder der rechtm\u00e4\u00dfigen Eigent\u00fcmer der Inhalte.<\/p>\n<p style=\"text-align: justify; padding-left: 40px;\">Die nicht PLASTIGAUR geh\u00f6renden Designs, Logos, Texte bzw. Grafiken, die auf der Website erscheinen k\u00f6nnen, geh\u00f6ren ihren jeweiligen Eigent\u00fcmern, welche f\u00fcr alle diesbez\u00fcglich aufkommenden Streitigkeiten haften.<\/p>\n<p style=\"text-align: justify; padding-left: 40px;\">PLASTIGAUR haftet nicht f\u00fcr Sch\u00e4den aus der Verwendung der Inhalte durch die auf diese Website zugreifenden Personen oder die Nichterf\u00fcllung geltender Rechtsvorschriften durch diese Personen.<\/p>\n<p><strong>5 &#8211; COOKIES<\/strong><\/p>\n<p style=\"text-align: justify; padding-left: 40px;\">Diese Website verwendet \u201eCookies\u201c, um Ihnen eine bessere Nutzererfahrung zu bieten.<\/p>\n<p style=\"text-align: justify; padding-left: 40px;\">Anhand der Konfiguration der Optionen Ihres Webbrowsers k\u00f6nnen Sie die Installation von Cookies auf Ihrem Ger\u00e4t erlauben oder verhindern bzw. installierte Cookies l\u00f6schen.<\/p>\n<p style=\"text-align: justify; padding-left: 40px;\">Der Anwender kann den Browser so konfigurieren, dass die Installation dieser Dateien verhindert wird. Allerdings k\u00f6nnen in diesem Fall nicht alle von der Website gebotenen Funktionen genutzt werden.<\/p>\n<p style=\"text-align: justify; padding-left: 40px;\"><strong>Weitere Informationen auch zu der \u00c4nderung der Konfiguration finden Sie im Abschnitt \u201eCookie-Richtlinien\u201d.<\/strong><\/p>\n<p><strong>6 &#8211; HAFTUNG<\/strong><\/p>\n<p style=\"text-align: justify; padding-left: 40px;\">Die Anwender greifen auf diese Website entsprechend den gesetzlichen Vorschriften zu und verpflichten sich, auf diese Website und deren Inhalte keinesfalls vorschriftswidrig oder zu unrechtm\u00e4\u00dfigen Zwecken, welche die Rechte und Freiheiten Dritter verletzen oder die Website zum Schaden von PLASTIGAUR oder Dritter besch\u00e4digen, \u00fcberlasten oder verlangsamen k\u00f6nnten, zuzugreifen. Die Anwender, die durch eine missbr\u00e4uchliche Nutzung Dritten einen Schaden verursachen, k\u00f6nnen haftbar gemacht werden.<\/p>\n<p style=\"text-align: justify; padding-left: 40px;\">PLASTIGAUR lehnt jegliche Haftung aus den auf dieser Website ver\u00f6ffentlichten Informationen ab, wenn diese Informationen durch einen au\u00dfenstehenden Dritten ver\u00e4ndert oder hinzugef\u00fcgt wurden.<\/p>\n<p style=\"text-align: justify; padding-left: 40px;\">PLASTIGAUR wird alle Inhalte, die gegen die nationale oder internationale Rechtsprechung, die Moral oder die \u00f6ffentliche Ordnung versto\u00dfen k\u00f6nnen bzw. die Umleitung zu der entsprechenden Website sofort entfernen und die zust\u00e4ndigen Beh\u00f6rden \u00fcber den jeweiligen Inhalt in Kenntnis setzen. Sollte der Anwender der Meinung sein, dass auf dieser Website Inhalte vorhanden sind, die gegen die nationale oder internationale Rechtsprechung versto\u00dfen k\u00f6nnten, wird er darum gebeten, dies dem Webinhaber unverz\u00fcglich mitzuteilen.<\/p>\n<p style=\"text-align: justify; padding-left: 40px;\">Diese Website wurde auf einwandfreie Funktionsf\u00e4higkeit gepr\u00fcft und getestet. Im Prinzip kann der ordnungsgem\u00e4\u00dfe Betrieb an 365 Tagen im Jahr, 24 Stunden am Tag garantiert werden. PLASTIGAUR schlie\u00dft jedoch nicht aus, dass es gewisse Programmierfehler geben kann oder dass es zu F\u00e4llen h\u00f6herer Gewalt, Naturkatastrophen, Streiks oder \u00e4hnlichen Umst\u00e4nden kommen kann, die den Zugriff auf diese Website unm\u00f6glich machen.<\/p>\n<p><strong>7 &#8211; MINDERJ\u00c4HRIGE<\/strong><\/p>\n<p style=\"text-align: justify; padding-left: 40px;\">F\u00fcr die Inhalte bzw. Dienstleistungen, auf die Minderj\u00e4hrige zugreifen, sind deren Erziehungsberechtigte verantwortlich.<\/p>\n<p><strong>8 &#8211; IP-ADRESSEN<\/strong><\/p>\n<p style=\"text-align: justify; padding-left: 40px;\">Die Server dieser Website k\u00f6nnen automatisch die vom Anwender verwendete IP-Adresse und den Domain-Namen feststellen. Eine IP-Adresse ist eine einem Computer automatisch zugewiesene Nummer, wenn dieser mit dem Internet verbunden ist. Diese Informationen werden in einem Aktivit\u00e4tenlog des Servers gespeichert, das die sp\u00e4tere Verarbeitung der Daten erm\u00f6glicht, um rein statistische Messungen durchf\u00fchren zu k\u00f6nnen, anhand derer die Anzahl der Seitenausdrucke, die Anzahl der Webservicebesuche, die Reihenfolge der Besuche, der Zugangspunkt usw. festgestellt werden k\u00f6nnen.<\/p>\n<p style=\"text-align: justify; padding-left: 40px;\">Ebenso informieren wir Sie dar\u00fcber, dass Webanalysetools und -dienste (z. B.: Google Analytics) verwendet werden k\u00f6nnen, die Informationen \u00fcber den Websiteverkehr \u00fcbermitteln.<\/p>\n<p><strong>9 &#8211; LINKS<\/strong><\/p>\n<p style=\"text-align: justify; padding-left: 40px;\">PLASTIGAUR beh\u00e4lt sich das Recht vor, Links zu entfernen, wenn es Kenntnis \u00fcber die Rechtswidrigkeit von deren Inhalt erlangt oder dar\u00fcber, dass diese G\u00fcter oder Rechte Dritter sch\u00e4digen.<\/p>\n<p style=\"text-align: justify; padding-left: 40px;\">Es haftet nicht f\u00fcr die Zuverl\u00e4ssigkeit und Schnelligkeit der Hyperlinks, die in die Website f\u00fcr den Zugriff auf andere Sites aufgenommen werden, und garantiert nicht die N\u00fctzlichkeit dieser Links. Ebensowenig haftet es f\u00fcr die Inhalte oder Dienste, auf die die Anwender \u00fcber diese Links zugreifen k\u00f6nnen, oder die Funktionsf\u00e4higkeit dieser Websites.<\/p>\n<p><strong>10 &#8211; SICHERHEIT<\/strong><\/p>\n<p style=\"text-align: justify; padding-left: 40px;\">Die Website verwendet allgemein in der Industrie akzeptierte Informationssicherheitstechniken wie Firewalls, Zugangskontrollverfahren und kryptographische Methoden, um den unbefugten Zugriff auf die Daten zu verhindern.<\/p>\n<p style=\"text-align: justify; padding-left: 40px;\">Ebenso hat PLASTIGAUR alle technischen und organisatorischen Ma\u00dfnahmen ergriffen, um die Sicherheit und Vollst\u00e4ndigkeit der verarbeiteten personenbezogenen Daten zu gew\u00e4hrleisten, und um deren Verlust, Ver\u00e4nderung bzw. Zugriff durch unbefugte Dritte zu verhindern.<\/p>\n<p><strong>11- NICHTIGKEIT ODER ANFECHTBARKEIT<\/strong><\/p>\n<p style=\"text-align: justify; padding-left: 40px;\">Wird eine dieser Bestimmungen ganz oder teilweise f\u00fcr nichtig, ung\u00fcltig oder unwirksam erkl\u00e4rt, betrifft dies nicht die G\u00fcltigkeit oder Wirksamkeit der \u00fcbrigen Bestimmungen, die f\u00fcr PLASTIGAUR und den Anwender weiterhin bindend sind.<\/p>\n<p><strong>12 &#8211; ANWENDBARES RECHT UND GERICHTSSTAND<\/strong><\/p>\n<p style=\"text-align: justify; padding-left: 40px;\">Diese Nutzungsbedingungen unterliegen in allen F\u00e4llen dem spanischen Recht. Im Fall von Streitigkeiten und Unstimmigkeiten gilt der Gerichtsstand Donostia \u2013 San Sebasti\u00e1n (Gibuzkoa), wobei der Anwender auf jeglichen Gerichtsstand, der ihm zustehen k\u00f6nnte, verzichtet.<\/p>\n<p>&nbsp;<\/p>\n","protected":false},"excerpt":{"rendered":"<p>&nbsp; Rechtlicher Hinweis &nbsp; PLASTIGAUR, S.A. erf\u00fcllt die Anforderungen des spanischen Gesetzes 34 vom 11. Juli 2002 \u00fcber Dienstleistungen der<\/p>\n","protected":false},"author":1,"featured_media":0,"parent":0,"menu_order":99,"comment_status":"closed","ping_status":"closed","template":"","meta":{"om_disable_all_campaigns":false,"_monsterinsights_skip_tracking":false,"_monsterinsights_sitenote_active":false,"_monsterinsights_sitenote_note":"","_monsterinsights_sitenote_category":0,"_uf_show_specific_survey":0,"_uf_disable_surveys":false,"footnotes":""},"class_list":["post-3551","page","type-page","status-publish","hentry"],"yoast_head":"<!-- This site is optimized with the Yoast SEO plugin v25.8 - https:\/\/yoast.com\/wordpress\/plugins\/seo\/ -->\n<title>Rechtlicher Hinweis - Plastigaur<\/title>\n<meta name=\"robots\" content=\"noindex, nofollow\" \/>\n<meta property=\"og:locale\" content=\"de_DE\" \/>\n<meta property=\"og:type\" content=\"article\" \/>\n<meta property=\"og:title\" content=\"Rechtlicher Hinweis - Plastigaur\" \/>\n<meta property=\"og:description\" content=\"&nbsp; Rechtlicher Hinweis &nbsp; PLASTIGAUR, S.A. erf\u00fcllt die Anforderungen des spanischen Gesetzes 34 vom 11. Juli 2002 \u00fcber Dienstleistungen der\" \/>\n<meta property=\"og:url\" content=\"https:\/\/www.plastigaur.com\/de\/rechtlicher-hinweis\/\" \/>\n<meta property=\"og:site_name\" content=\"Plastigaur\" \/>\n<meta property=\"article:modified_time\" content=\"2020-06-24T08:58:20+00:00\" \/>\n<meta name=\"twitter:card\" content=\"summary_large_image\" \/>\n<meta name=\"twitter:label1\" content=\"Gesch\u00e4tzte Lesezeit\" \/>\n\t<meta name=\"twitter:data1\" content=\"6\u00a0Minuten\" \/>\n<script type=\"application\/ld+json\" class=\"yoast-schema-graph\">{\"@context\":\"https:\/\/schema.org\",\"@graph\":[{\"@type\":\"WebPage\",\"@id\":\"https:\/\/www.plastigaur.com\/de\/rechtlicher-hinweis\/\",\"url\":\"https:\/\/www.plastigaur.com\/de\/rechtlicher-hinweis\/\",\"name\":\"Rechtlicher Hinweis - Plastigaur\",\"isPartOf\":{\"@id\":\"https:\/\/www.plastigaur.com\/de\/#website\"},\"datePublished\":\"2020-05-14T14:44:35+00:00\",\"dateModified\":\"2020-06-24T08:58:20+00:00\",\"breadcrumb\":{\"@id\":\"https:\/\/www.plastigaur.com\/de\/rechtlicher-hinweis\/#breadcrumb\"},\"inLanguage\":\"de\",\"potentialAction\":[{\"@type\":\"ReadAction\",\"target\":[\"https:\/\/www.plastigaur.com\/de\/rechtlicher-hinweis\/\"]}]},{\"@type\":\"BreadcrumbList\",\"@id\":\"https:\/\/www.plastigaur.com\/de\/rechtlicher-hinweis\/#breadcrumb\",\"itemListElement\":[{\"@type\":\"ListItem\",\"position\":1,\"name\":\"START\",\"item\":\"https:\/\/www.plastigaur.com\/de\/\"},{\"@type\":\"ListItem\",\"position\":2,\"name\":\"Rechtlicher Hinweis\"}]},{\"@type\":\"WebSite\",\"@id\":\"https:\/\/www.plastigaur.com\/de\/#website\",\"url\":\"https:\/\/www.plastigaur.com\/de\/\",\"name\":\"Plastigaur\",\"description\":\"Envases y Embalajes\",\"publisher\":{\"@id\":\"https:\/\/www.plastigaur.com\/de\/#organization\"},\"potentialAction\":[{\"@type\":\"SearchAction\",\"target\":{\"@type\":\"EntryPoint\",\"urlTemplate\":\"https:\/\/www.plastigaur.com\/de\/?s={search_term_string}\"},\"query-input\":{\"@type\":\"PropertyValueSpecification\",\"valueRequired\":true,\"valueName\":\"search_term_string\"}}],\"inLanguage\":\"de\"},{\"@type\":\"Organization\",\"@id\":\"https:\/\/www.plastigaur.com\/de\/#organization\",\"name\":\"Plastigaur\",\"url\":\"https:\/\/www.plastigaur.com\/de\/\",\"logo\":{\"@type\":\"ImageObject\",\"inLanguage\":\"de\",\"@id\":\"https:\/\/www.plastigaur.com\/de\/#\/schema\/logo\/image\/\",\"url\":\"https:\/\/www.plastigaur.com\/wp-content\/uploads\/2020\/05\/Plastigaur-envases-y-embalajes-sostenibles.png\",\"contentUrl\":\"https:\/\/www.plastigaur.com\/wp-content\/uploads\/2020\/05\/Plastigaur-envases-y-embalajes-sostenibles.png\",\"width\":400,\"height\":110,\"caption\":\"Plastigaur\"},\"image\":{\"@id\":\"https:\/\/www.plastigaur.com\/de\/#\/schema\/logo\/image\/\"},\"sameAs\":[\"https:\/\/www.linkedin.com\/company\/plastigaur\/\"]}]}<\/script>\n<!-- \/ Yoast SEO plugin. -->","yoast_head_json":{"title":"Rechtlicher Hinweis - Plastigaur","robots":{"index":"noindex","follow":"nofollow"},"og_locale":"de_DE","og_type":"article","og_title":"Rechtlicher Hinweis - Plastigaur","og_description":"&nbsp; Rechtlicher Hinweis &nbsp; PLASTIGAUR, S.A. erf\u00fcllt die Anforderungen des spanischen Gesetzes 34 vom 11. Juli 2002 \u00fcber Dienstleistungen der","og_url":"https:\/\/www.plastigaur.com\/de\/rechtlicher-hinweis\/","og_site_name":"Plastigaur","article_modified_time":"2020-06-24T08:58:20+00:00","twitter_card":"summary_large_image","twitter_misc":{"Gesch\u00e4tzte Lesezeit":"6\u00a0Minuten"},"schema":{"@context":"https:\/\/schema.org","@graph":[{"@type":"WebPage","@id":"https:\/\/www.plastigaur.com\/de\/rechtlicher-hinweis\/","url":"https:\/\/www.plastigaur.com\/de\/rechtlicher-hinweis\/","name":"Rechtlicher Hinweis - Plastigaur","isPartOf":{"@id":"https:\/\/www.plastigaur.com\/de\/#website"},"datePublished":"2020-05-14T14:44:35+00:00","dateModified":"2020-06-24T08:58:20+00:00","breadcrumb":{"@id":"https:\/\/www.plastigaur.com\/de\/rechtlicher-hinweis\/#breadcrumb"},"inLanguage":"de","potentialAction":[{"@type":"ReadAction","target":["https:\/\/www.plastigaur.com\/de\/rechtlicher-hinweis\/"]}]},{"@type":"BreadcrumbList","@id":"https:\/\/www.plastigaur.com\/de\/rechtlicher-hinweis\/#breadcrumb","itemListElement":[{"@type":"ListItem","position":1,"name":"START","item":"https:\/\/www.plastigaur.com\/de\/"},{"@type":"ListItem","position":2,"name":"Rechtlicher Hinweis"}]},{"@type":"WebSite","@id":"https:\/\/www.plastigaur.com\/de\/#website","url":"https:\/\/www.plastigaur.com\/de\/","name":"Plastigaur","description":"Envases y Embalajes","publisher":{"@id":"https:\/\/www.plastigaur.com\/de\/#organization"},"potentialAction":[{"@type":"SearchAction","target":{"@type":"EntryPoint","urlTemplate":"https:\/\/www.plastigaur.com\/de\/?s={search_term_string}"},"query-input":{"@type":"PropertyValueSpecification","valueRequired":true,"valueName":"search_term_string"}}],"inLanguage":"de"},{"@type":"Organization","@id":"https:\/\/www.plastigaur.com\/de\/#organization","name":"Plastigaur","url":"https:\/\/www.plastigaur.com\/de\/","logo":{"@type":"ImageObject","inLanguage":"de","@id":"https:\/\/www.plastigaur.com\/de\/#\/schema\/logo\/image\/","url":"https:\/\/www.plastigaur.com\/wp-content\/uploads\/2020\/05\/Plastigaur-envases-y-embalajes-sostenibles.png","contentUrl":"https:\/\/www.plastigaur.com\/wp-content\/uploads\/2020\/05\/Plastigaur-envases-y-embalajes-sostenibles.png","width":400,"height":110,"caption":"Plastigaur"},"image":{"@id":"https:\/\/www.plastigaur.com\/de\/#\/schema\/logo\/image\/"},"sameAs":["https:\/\/www.linkedin.com\/company\/plastigaur\/"]}]}},"_links":{"self":[{"href":"https:\/\/www.plastigaur.com\/de\/wp-json\/wp\/v2\/pages\/3551","targetHints":{"allow":["GET"]}}],"collection":[{"href":"https:\/\/www.plastigaur.com\/de\/wp-json\/wp\/v2\/pages"}],"about":[{"href":"https:\/\/www.plastigaur.com\/de\/wp-json\/wp\/v2\/types\/page"}],"author":[{"embeddable":true,"href":"https:\/\/www.plastigaur.com\/de\/wp-json\/wp\/v2\/users\/1"}],"replies":[{"embeddable":true,"href":"https:\/\/www.plastigaur.com\/de\/wp-json\/wp\/v2\/comments?post=3551"}],"version-history":[{"count":2,"href":"https:\/\/www.plastigaur.com\/de\/wp-json\/wp\/v2\/pages\/3551\/revisions"}],"predecessor-version":[{"id":3558,"href":"https:\/\/www.plastigaur.com\/de\/wp-json\/wp\/v2\/pages\/3551\/revisions\/3558"}],"wp:attachment":[{"href":"https:\/\/www.plastigaur.com\/de\/wp-json\/wp\/v2\/media?parent=3551"}],"curies":[{"name":"wp","href":"https:\/\/api.w.org\/{rel}","templated":true}]}}